{"id":509085,"date":"2025-05-31T22:59:38","date_gmt":"2025-05-31T20:59:38","guid":{"rendered":"https:\/\/lucacastelli.com\/prodotto\/stihl-bga-60-ohne-akku-und-ladegeraet\/"},"modified":"2026-04-27T10:59:19","modified_gmt":"2026-04-27T08:59:19","slug":"stihl-bga-60-ohne-akku-und-ladegeraet","status":"publish","type":"product","link":"https:\/\/lucacastelli.com\/de\/produkt\/stihl-bga-60-ohne-akku-und-ladegeraet\/","title":{"rendered":"STIHL BGA 60, ohne Akku und Ladeger\u00e4t"},"content":{"rendered":"<p>Das leistungsst\u00e4rkste Akku-Blasger\u00e4t im STIHL AK-System. Ideal zum Zusammenblasen von Laub, Papier und anderem Unrat rund um das Haus. Variable Einstellung der Blaskraft mit zus\u00e4tzlichem Boost-Modus f\u00fcr eine bis zu 60 % h\u00f6here Blasleistung im Vergleich zum BGA 57. Leistungsstarker und langlebiger EC-Motor, Rundd\u00fcse, l\u00e4ngenverstellbares Blasrohr mit Metallring als Verschlei\u00dfschutz.<br \/>\n886661315871   <\/p>\n<p>Nennspannung 36<br \/>\nAkkusystem Akkusystem<\/p>\n<p>Ger\u00e4tegewicht Ger\u00e4tegewicht<br \/>\nIP-Schutzgrad N\/A<br \/>\nMax. Luftgeschwindigkeit mit Rundd\u00fcse 69,0<\/p>\n","protected":false},"excerpt":{"rendered":"<p>BGA 60, ohne Akku und Ladeger\u00e4t<\/p>\n","protected":false},"featured_media":423927,"template":"","meta":{"_seopress_robots_primary_cat":"","_seopress_titles_title":"","_seopress_titles_desc":"","_seopress_robots_index":""},"product_brand":[3554],"product_cat":[169,1641,1654],"product_tag":[3266],"class_list":{"0":"post-509085","1":"product","2":"type-product","3":"status-publish","4":"has-post-thumbnail","6":"product_brand-stihl-de","7":"product_cat-maschinen","8":"product_cat-geblase-und-staubsauger","9":"product_cat-akku-geblase","10":"product_tag-import-stihl-de","11":"sws-gruppo-macchinari-de","12":"sws-conto-ricavi-merci-rivendita-macchinari-de","13":"sws-gruppo-iva-iva81-de","15":"first","16":"onbackorder","17":"purchasable","18":"product-type-simple"},"_links":{"self":[{"href":"https:\/\/lucacastelli.com\/de\/wp-json\/wp\/v2\/product\/509085","targetHints":{"allow":["GET"]}}],"collection":[{"href":"https:\/\/lucacastelli.com\/de\/wp-json\/wp\/v2\/product"}],"about":[{"href":"https:\/\/lucacastelli.com\/de\/wp-json\/wp\/v2\/types\/product"}],"wp:featuredmedia":[{"embeddable":true,"href":"https:\/\/lucacastelli.com\/de\/wp-json\/wp\/v2\/media\/423927"}],"wp:attachment":[{"href":"https:\/\/lucacastelli.com\/de\/wp-json\/wp\/v2\/media?parent=509085"}],"wp:term":[{"taxonomy":"product_brand","embeddable":true,"href":"https:\/\/lucacastelli.com\/de\/wp-json\/wp\/v2\/product_brand?post=509085"},{"taxonomy":"product_cat","embeddable":true,"href":"https:\/\/lucacastelli.com\/de\/wp-json\/wp\/v2\/product_cat?post=509085"},{"taxonomy":"product_tag","embeddable":true,"href":"https:\/\/lucacastelli.com\/de\/wp-json\/wp\/v2\/product_tag?post=509085"}],"curies":[{"name":"wp","href":"https:\/\/api.w.org\/{rel}","templated":true}]}}