{"id":508811,"date":"2025-07-23T07:43:04","date_gmt":"2025-07-23T05:43:04","guid":{"rendered":"https:\/\/lucacastelli.com\/prodotto\/camp-cable-adjuster-verstellbares-kabel\/"},"modified":"2025-07-23T07:43:04","modified_gmt":"2025-07-23T05:43:04","slug":"camp-cable-adjuster-verstellbares-kabel","status":"publish","type":"product","link":"https:\/\/lucacastelli.com\/de\/produkt\/camp-cable-adjuster-verstellbares-kabel\/","title":{"rendered":"CAMP CABLE ADJUSTER &#8211; Verstellbares Kabel"},"content":{"rendered":"<p>Verbindungsmittel, bestehend aus einem verzinkten, schnittfesten Stahlseil mit einem Durchmesser von 8 mm, ummantelt von einem doppelten Polyestermantel mit einem Au\u00dfendurchmesser von 13 mm. Die innovative Doppelmantelkonstruktion verhindert ein Verrutschen des Mantels auf der Seiloberfl\u00e4che. Der Au\u00dfenmantel ist aus verschlei\u00dffestem Polyurethan. Der L\u00e4ngenversteller und das Verbindungsst\u00fcck sind aus einer Aluminiumlegierung gefertigt. Im Lieferumfang ist ein 3-Wege-Camp-Karabiner mit Wirbel enthalten.   <\/p>\n","protected":false},"excerpt":{"rendered":"<p>Verbindungsmittel, bestehend aus einem verzinkten, schnittfesten Stahlseil mit einem Durchmesser von 8 mm, ummantelt von einem doppelten Polyestermantel mit einem<\/p>\n","protected":false},"featured_media":508800,"template":"","meta":{"_seopress_robots_primary_cat":"","_seopress_titles_title":"","_seopress_titles_desc":"","_seopress_robots_index":""},"product_brand":[4945],"product_cat":[150,1396,1403],"product_tag":[],"class_list":{"0":"post-508811","1":"product","2":"type-product","3":"status-publish","4":"has-post-thumbnail","6":"product_brand-camp-de","7":"product_cat-ausrustung","8":"product_cat-arbeitsausrustung","9":"product_cat-auffanggurte-und-sicherheitsausrustung","10":"sws-gruppo-abb-libero-de","11":"sws-conto-ricavi-merci-rivendita-abbigliamento-de","12":"sws-gruppo-iva-iva81-de","14":"first","15":"instock","16":"shipping-taxable","17":"purchasable","18":"product-type-variable"},"_links":{"self":[{"href":"https:\/\/lucacastelli.com\/de\/wp-json\/wp\/v2\/product\/508811","targetHints":{"allow":["GET"]}}],"collection":[{"href":"https:\/\/lucacastelli.com\/de\/wp-json\/wp\/v2\/product"}],"about":[{"href":"https:\/\/lucacastelli.com\/de\/wp-json\/wp\/v2\/types\/product"}],"wp:featuredmedia":[{"embeddable":true,"href":"https:\/\/lucacastelli.com\/de\/wp-json\/wp\/v2\/media\/508800"}],"wp:attachment":[{"href":"https:\/\/lucacastelli.com\/de\/wp-json\/wp\/v2\/media?parent=508811"}],"wp:term":[{"taxonomy":"product_brand","embeddable":true,"href":"https:\/\/lucacastelli.com\/de\/wp-json\/wp\/v2\/product_brand?post=508811"},{"taxonomy":"product_cat","embeddable":true,"href":"https:\/\/lucacastelli.com\/de\/wp-json\/wp\/v2\/product_cat?post=508811"},{"taxonomy":"product_tag","embeddable":true,"href":"https:\/\/lucacastelli.com\/de\/wp-json\/wp\/v2\/product_tag?post=508811"}],"curies":[{"name":"wp","href":"https:\/\/api.w.org\/{rel}","templated":true}]}}