{"id":508782,"date":"2025-07-23T07:18:51","date_gmt":"2025-07-23T05:18:51","guid":{"rendered":"https:\/\/lucacastelli.com\/prodotto\/echo-pb-9010t-rucksackgeblaese\/"},"modified":"2026-03-14T21:43:05","modified_gmt":"2026-03-14T20:43:05","slug":"echo-pb-9010t-rucksackgeblaese","status":"publish","type":"product","link":"https:\/\/lucacastelli.com\/de\/produkt\/echo-pb-9010t-rucksackgeblaese\/","title":{"rendered":"ECHO PB-9010T Rucksackgebl\u00e4se"},"content":{"rendered":"<p>Das <strong>st\u00e4rkste Gebl\u00e4se der Welt!<\/strong> Der PB-9010T ist ein R\u00fcckentragemodell <strong>mit au\u00dfergew\u00f6hnlicher Blasleistung<\/strong>, eine hochprofessionelle Maschine dank der verschiedenen Merkmale der X-Serie wie dem doppelten Blattschutz, dem effizienten Antivibrationssystem, den ergonomischen Schulterriemen und dem XL-Luftfilter.<\/p>\n<p>&nbsp;<\/p>\n<table>\n<tbody>\n<tr>\n<td>Verdr\u00e4ngung (cc)<\/td>\n<td>79.9<\/td>\n<\/tr>\n<tr>\n<td>Leistung (Kw (HP))<\/td>\n<td>4.2 (5.7)<\/td>\n<\/tr>\n<tr>\n<td>Max. Luftmenge (m3\/h)<\/td>\n<td>1908<\/td>\n<\/tr>\n<tr>\n<td>Max. Luftgeschwindigkeit (m\/sec)<\/td>\n<td>97.8<\/td>\n<\/tr>\n<tr>\n<td>Gebl\u00e4sekraft (N)<\/td>\n<td>48.9<\/td>\n<\/tr>\n<\/tbody>\n<\/table>\n","protected":false},"excerpt":{"rendered":"<p>Das st\u00e4rkste Gebl\u00e4se der Welt! Der PB-9010T ist ein R\u00fcckentragemodell mit au\u00dfergew\u00f6hnlicher Blasleistung, eine hochprofessionelle Maschine dank der verschiedenen Merkmale<\/p>\n","protected":false},"featured_media":508775,"template":"","meta":{"_seopress_robots_primary_cat":"","_seopress_titles_title":"","_seopress_titles_desc":"","_seopress_robots_index":""},"product_brand":[3416],"product_cat":[29,485,486],"product_tag":[],"class_list":{"0":"post-508782","1":"product","2":"type-product","3":"status-publish","4":"has-post-thumbnail","6":"product_brand-echo","7":"product_cat-macchinari","8":"product_cat-soffiatori-e-aspiratori","9":"product_cat-soffiatori-a-motore","10":"sws-gruppo-macchinari-de","11":"sws-conto-ricavi-merci-rivendita-macchinari-de","12":"sws-gruppo-iva-iva81-de","14":"first","15":"instock","16":"sale","17":"shipping-taxable","18":"purchasable","19":"product-type-simple"},"_links":{"self":[{"href":"https:\/\/lucacastelli.com\/de\/wp-json\/wp\/v2\/product\/508782","targetHints":{"allow":["GET"]}}],"collection":[{"href":"https:\/\/lucacastelli.com\/de\/wp-json\/wp\/v2\/product"}],"about":[{"href":"https:\/\/lucacastelli.com\/de\/wp-json\/wp\/v2\/types\/product"}],"wp:featuredmedia":[{"embeddable":true,"href":"https:\/\/lucacastelli.com\/de\/wp-json\/wp\/v2\/media\/508775"}],"wp:attachment":[{"href":"https:\/\/lucacastelli.com\/de\/wp-json\/wp\/v2\/media?parent=508782"}],"wp:term":[{"taxonomy":"product_brand","embeddable":true,"href":"https:\/\/lucacastelli.com\/de\/wp-json\/wp\/v2\/product_brand?post=508782"},{"taxonomy":"product_cat","embeddable":true,"href":"https:\/\/lucacastelli.com\/de\/wp-json\/wp\/v2\/product_cat?post=508782"},{"taxonomy":"product_tag","embeddable":true,"href":"https:\/\/lucacastelli.com\/de\/wp-json\/wp\/v2\/product_tag?post=508782"}],"curies":[{"name":"wp","href":"https:\/\/api.w.org\/{rel}","templated":true}]}}