{"id":508737,"date":"2023-11-29T14:29:01","date_gmt":"2023-11-29T13:29:01","guid":{"rendered":"https:\/\/lucacastelli.com\/prodotto\/weaver-leather-steigeisen-fuer-holzfaeller\/"},"modified":"2023-11-29T14:29:01","modified_gmt":"2023-11-29T13:29:01","slug":"weaver-leather-steigeisen-fuer-holzfaeller","status":"publish","type":"product","link":"https:\/\/lucacastelli.com\/de\/produkt\/weaver-leather-steigeisen-fuer-holzfaeller\/","title":{"rendered":"WEAVER LEATHER Steigeisen f\u00fcr Holzf\u00e4ller"},"content":{"rendered":"<p>Stabilit\u00e4t, Leichtigkeit, Sicherheit und Ergonomie waren die Leitgedanken bei der Entwicklung dieses Steigeisens. Das Ergebnis ist ein von DMM geschmiedeter Aluminiumschaft, der seinesgleichen sucht. <\/p>\n<p>Der leicht abgewinkelte Schaft \u00fcbertr\u00e4gt die Last direkt auf die Spindelspitzen und der 45 mm breite Fu\u00dfb\u00fcgel verteilt die Last gleichm\u00e4\u00dfig unter dem Mittelfu\u00df. Zus\u00e4tzlich ist der Schaft im Fu\u00dfbereich leicht verbreitert. Das Ergebnis ist ein komfortables Steigeisen, das noch l\u00e4ngere Standzeiten erm\u00f6glicht.  <\/p>\n<p>In Kombination mit der optimierten breiten Polsterung ist die Gfk-Formschale besonders komfortabel f\u00fcr die Wade. Das 100 mm breite Klettband reduziert zudem die Gefahr von Druckstellen. <\/p>\n<p>Je nach Wadenl\u00e4nge kann die Schafth\u00f6he individuell von 40 bis 51 cm eingestellt werden. Diese Steigeisen haben einen sehr robusten Kunstlederriemen am Fu\u00df, der besonders resistent gegen Harz und S\u00e4gemehl ist. <\/p>\n<p>Selbstverst\u00e4ndlich passen alle angebotenen Ersatzspitzen. Gewicht 2010 g. <\/p>\n","protected":false},"excerpt":{"rendered":"<p>Stabilit\u00e4t, Leichtigkeit, Sicherheit und Ergonomie waren die Leitgedanken bei der Entwicklung dieses Steigeisens. Das Ergebnis ist ein von DMM geschmiedeter<\/p>\n","protected":false},"featured_media":94883,"template":"","meta":{"_seopress_robots_primary_cat":"","_seopress_titles_title":"","_seopress_titles_desc":"","_seopress_robots_index":""},"product_brand":[3414],"product_cat":[33,537,814],"product_tag":[],"class_list":{"0":"post-508737","1":"product","2":"type-product","3":"status-publish","4":"has-post-thumbnail","6":"product_brand-distel","7":"product_cat-attrezzature","8":"product_cat-attrezzatura-da-lavoro","9":"product_cat-imbraghi-e-materiale-di-sicurezza","11":"first","12":"instock","13":"shipping-taxable","14":"purchasable","15":"product-type-simple"},"_links":{"self":[{"href":"https:\/\/lucacastelli.com\/de\/wp-json\/wp\/v2\/product\/508737","targetHints":{"allow":["GET"]}}],"collection":[{"href":"https:\/\/lucacastelli.com\/de\/wp-json\/wp\/v2\/product"}],"about":[{"href":"https:\/\/lucacastelli.com\/de\/wp-json\/wp\/v2\/types\/product"}],"wp:featuredmedia":[{"embeddable":true,"href":"https:\/\/lucacastelli.com\/de\/wp-json\/wp\/v2\/media\/94883"}],"wp:attachment":[{"href":"https:\/\/lucacastelli.com\/de\/wp-json\/wp\/v2\/media?parent=508737"}],"wp:term":[{"taxonomy":"product_brand","embeddable":true,"href":"https:\/\/lucacastelli.com\/de\/wp-json\/wp\/v2\/product_brand?post=508737"},{"taxonomy":"product_cat","embeddable":true,"href":"https:\/\/lucacastelli.com\/de\/wp-json\/wp\/v2\/product_cat?post=508737"},{"taxonomy":"product_tag","embeddable":true,"href":"https:\/\/lucacastelli.com\/de\/wp-json\/wp\/v2\/product_tag?post=508737"}],"curies":[{"name":"wp","href":"https:\/\/api.w.org\/{rel}","templated":true}]}}