{"id":508215,"date":"2025-08-19T12:08:51","date_gmt":"2025-08-19T10:08:51","guid":{"rendered":"https:\/\/lucacastelli.com\/?post_type=product&#038;p=508215"},"modified":"2026-03-03T14:09:08","modified_gmt":"2026-03-03T13:09:08","slug":"stihl-ms-462-c-m-50cm-schnittlange-es-light-rs-copia","status":"publish","type":"product","link":"https:\/\/lucacastelli.com\/de\/produkt\/stihl-ms-462-c-m-50cm-schnittlange-es-light-rs-copia\/","title":{"rendered":"STIHL MS 462 C-M mit 50 cm mit 5 Ersatzketten"},"content":{"rendered":"<p>Die STIHL MS 462 C-M ist eine sehr leichte Profi-Kettens\u00e4ge in der 70 ccm Hubraumklasse. Es erweist sich als besonders effizient bei Arbeiten im Wald, in der Forstwirtschaft, im Landschafts- und Gartenbau sowie in der Landwirtschaft. Die Leistung von 4,4 kW (6 PS) ist ideal f\u00fcr das F\u00e4llen und Entasten von mittleren und gro\u00dfen B\u00e4umen.\/ppDank seiner gewichtsoptimierten Komponenten wiegt er nur 6,0 kg und ist damit extrem wendig. Bei anspruchsvollen Jobs kommt es auf jedes Gramm an. Zudem beschleunigt sie schnell und l\u00e4uft mit einer konstanten H\u00f6chstgeschwindigkeit.\/ppDie STIHL Forstkettens\u00e4ge MS 462 C-M \u00fcberzeugt durch ihre Leistungsf\u00e4higkeit; STIHL 2-MIXnbsp;\/stronge Motor das niedrige Leistungsgewicht. Die vollst\u00e4ndige elektronische Verwaltung von thenbsp; STIHL M-Tronic\/strongnbsp; sorgt f\u00fcr einen einfachen Start und eine optimale Motorleistung. Weitere durchdachte Features der Kettens\u00e4ge:\/pulliWerkzeuglose Tankdeckel erm\u00f6glichen ein schnelles und einfaches Nachf\u00fcllen des \u00d6ls.\/liliDer Kettenwechsel ist dank der auslaufsicheren Muttern an der Ritzelabdeckung schnell und einfach.\/liliBei staubiger Arbeit, ilnbsp; strongair Filter HD2\/strongnbsp; Mit Radialdichtung sch\u00fctzt der Motor vor Feinstaub und kann leicht gereinigt werden, z.B. Anschluss; strongSTIHL VarioClean\/stronga href=\u201ehttps:\/\/www.stihl.it\/it\/ap\/varioclean-1461\u201c strong.\/strong\/anbsp; Die Kombination aus dem HD2-Luftfilter mit der Vorabscheidung, die auch bei der MS 462 serienm\u00e4\u00dfig ist, sorgt f\u00fcr ein langlebiges Luftfiltersystem.<br \/>\n886661388189<\/p>\n<p>Hubraum 72,2<br \/>\nLeistung Leistung<\/p>\n<p>Leistung Leistung<br \/>\nLeistung 5.90<br \/>\nCO2 704<\/p>\n<p>&nbsp;<\/p>\n<p>Set bestehend aus:<\/p>\n<p>1 STIHL MS 462 C-M 50 cm komplette Kettens\u00e4ge &#8211; Artikelnummer 11422000028<\/p>\n<p>5 x Original Ersatzketten f\u00fcr MS 462 C-M 50 cm RS &#8211; Artikelnummer 36210000072<\/p>\n<p>&nbsp;<\/p>\n","protected":false},"excerpt":{"rendered":"<p>MS 462 C-M, 50cm Schnittl\u00e4nge, ES Light, RS<\/p>\n","protected":false},"featured_media":508220,"template":"","meta":{"_seopress_robots_primary_cat":"none","_seopress_titles_title":"","_seopress_titles_desc":"","_seopress_robots_index":""},"product_brand":[3366],"product_cat":[29,268,494],"product_tag":[3265,5803],"class_list":{"0":"post-508215","1":"product","2":"type-product","3":"status-publish","4":"has-post-thumbnail","6":"product_brand-stihl","7":"product_cat-macchinari","8":"product_cat-motoseghe","9":"product_cat-motoseghe-a-motore","10":"product_tag-import-stihl","11":"product_tag-lucerna2025","12":"sws-gruppo-macchinari-de","13":"sws-conto-ricavi-merci-rivendita-macchinari-de","14":"sws-gruppo-iva-iva81-de","16":"first","17":"onbackorder","18":"sale","19":"purchasable","20":"product-type-simple"},"_links":{"self":[{"href":"https:\/\/lucacastelli.com\/de\/wp-json\/wp\/v2\/product\/508215","targetHints":{"allow":["GET"]}}],"collection":[{"href":"https:\/\/lucacastelli.com\/de\/wp-json\/wp\/v2\/product"}],"about":[{"href":"https:\/\/lucacastelli.com\/de\/wp-json\/wp\/v2\/types\/product"}],"wp:featuredmedia":[{"embeddable":true,"href":"https:\/\/lucacastelli.com\/de\/wp-json\/wp\/v2\/media\/508220"}],"wp:attachment":[{"href":"https:\/\/lucacastelli.com\/de\/wp-json\/wp\/v2\/media?parent=508215"}],"wp:term":[{"taxonomy":"product_brand","embeddable":true,"href":"https:\/\/lucacastelli.com\/de\/wp-json\/wp\/v2\/product_brand?post=508215"},{"taxonomy":"product_cat","embeddable":true,"href":"https:\/\/lucacastelli.com\/de\/wp-json\/wp\/v2\/product_cat?post=508215"},{"taxonomy":"product_tag","embeddable":true,"href":"https:\/\/lucacastelli.com\/de\/wp-json\/wp\/v2\/product_tag?post=508215"}],"curies":[{"name":"wp","href":"https:\/\/api.w.org\/{rel}","templated":true}]}}