{"id":507620,"date":"2025-07-21T13:17:38","date_gmt":"2025-07-21T11:17:38","guid":{"rendered":"https:\/\/lucacastelli.com\/prodotto\/salomon-cross-run-graphic-tank-m-2\/"},"modified":"2026-03-01T00:25:14","modified_gmt":"2026-02-28T23:25:14","slug":"salomon-cross-run-graphic-tank-m-2","status":"publish","type":"product","link":"https:\/\/lucacastelli.com\/de\/produkt\/salomon-cross-run-graphic-tank-m-2\/","title":{"rendered":"SALOMON CROSS RUN GRAPHIC TANK M"},"content":{"rendered":"<p>Genau wie du liebt das CROSS RUN GRAPHIC Tank-Top f\u00fcr M\u00e4nner das Laufen auf dem Trail und intensive Trainingseinheiten auf der Stra\u00dfe. Deshalb ist sie aus ultraweichem, schnell trocknendem und atmungsaktivem Material gefertigt. Und f\u00fcr diejenigen, die sich von der Masse abheben wollen, haben wir kr\u00e4ftige Farbbl\u00f6cke und ein Salomon-Logo hinzugef\u00fcgt.<\/p>\n","protected":false},"excerpt":{"rendered":"<p>Genau wie du liebt das CROSS RUN GRAPHIC Tank-Top f\u00fcr M\u00e4nner das Laufen auf dem Trail und intensive Trainingseinheiten auf<\/p>\n","protected":false},"featured_media":507613,"template":"","meta":{"_seopress_robots_primary_cat":"","_seopress_titles_title":"","_seopress_titles_desc":"","_seopress_robots_index":""},"product_brand":[4367],"product_cat":[974,975,82],"product_tag":[],"class_list":{"0":"post-507620","1":"product","2":"type-product","3":"status-publish","4":"has-post-thumbnail","6":"product_brand-salomon-de","7":"product_cat-freizeitkleidung","8":"product_cat-herrenbekleidung","9":"product_cat-kleidung","10":"sws-gruppo-abb-libero-de","11":"sws-conto-ricavi-merci-rivendita-abbigliamento-de","12":"sws-gruppo-iva-iva81-de","14":"first","15":"instock","16":"shipping-taxable","17":"purchasable","18":"product-type-variable"},"_links":{"self":[{"href":"https:\/\/lucacastelli.com\/de\/wp-json\/wp\/v2\/product\/507620","targetHints":{"allow":["GET"]}}],"collection":[{"href":"https:\/\/lucacastelli.com\/de\/wp-json\/wp\/v2\/product"}],"about":[{"href":"https:\/\/lucacastelli.com\/de\/wp-json\/wp\/v2\/types\/product"}],"wp:featuredmedia":[{"embeddable":true,"href":"https:\/\/lucacastelli.com\/de\/wp-json\/wp\/v2\/media\/507613"}],"wp:attachment":[{"href":"https:\/\/lucacastelli.com\/de\/wp-json\/wp\/v2\/media?parent=507620"}],"wp:term":[{"taxonomy":"product_brand","embeddable":true,"href":"https:\/\/lucacastelli.com\/de\/wp-json\/wp\/v2\/product_brand?post=507620"},{"taxonomy":"product_cat","embeddable":true,"href":"https:\/\/lucacastelli.com\/de\/wp-json\/wp\/v2\/product_cat?post=507620"},{"taxonomy":"product_tag","embeddable":true,"href":"https:\/\/lucacastelli.com\/de\/wp-json\/wp\/v2\/product_tag?post=507620"}],"curies":[{"name":"wp","href":"https:\/\/api.w.org\/{rel}","templated":true}]}}