{"id":507592,"date":"2025-07-21T13:17:00","date_gmt":"2025-07-21T11:17:00","guid":{"rendered":"https:\/\/lucacastelli.com\/prodotto\/salomon-wayfarer-capri-w-2\/"},"modified":"2026-03-01T00:25:14","modified_gmt":"2026-02-28T23:25:14","slug":"salomon-wayfarer-capri-w-2","status":"publish","type":"product","link":"https:\/\/lucacastelli.com\/de\/produkt\/salomon-wayfarer-capri-w-2\/","title":{"rendered":"SALOMON WAYFARER CAPRI W"},"content":{"rendered":"<p>Unsere Damenhose WAYFARER CAPRI aus weichem, aber strapazierf\u00e4higem technischem Material bietet die Bewegungsfreiheit einer kurzen Hose, verf\u00fcgt aber \u00fcber alle Outdoor-Eigenschaften, die die WAYFARER Linie bei Trekkern so beliebt machen. Dar\u00fcber hinaus haben wir in der neuen Version recyceltes Polyamid mit PFC-freier wasserabweisender Behandlung verwendet, um die Umweltbelastung zu reduzieren.<\/p>\n","protected":false},"excerpt":{"rendered":"<p>Unsere Damenhose WAYFARER CAPRI aus weichem, aber strapazierf\u00e4higem technischem Material bietet die Bewegungsfreiheit einer kurzen Hose, verf\u00fcgt aber \u00fcber alle<\/p>\n","protected":false},"featured_media":507585,"template":"","meta":{"_seopress_robots_primary_cat":"","_seopress_titles_title":"","_seopress_titles_desc":"","_seopress_robots_index":""},"product_brand":[4364],"product_cat":[21,189,200],"product_tag":[],"class_list":{"0":"post-507592","1":"product","2":"type-product","3":"status-publish","4":"has-post-thumbnail","6":"product_brand-salomon","7":"product_cat-abbigliamento","8":"product_cat-abbigliamento-per-il-tempo-libero","9":"product_cat-abbigliamento-da-donna","10":"sws-gruppo-abb-libero-de","11":"sws-conto-ricavi-merci-rivendita-abbigliamento-de","12":"sws-gruppo-iva-iva81-de","14":"first","15":"instock","16":"shipping-taxable","17":"purchasable","18":"product-type-variable"},"_links":{"self":[{"href":"https:\/\/lucacastelli.com\/de\/wp-json\/wp\/v2\/product\/507592","targetHints":{"allow":["GET"]}}],"collection":[{"href":"https:\/\/lucacastelli.com\/de\/wp-json\/wp\/v2\/product"}],"about":[{"href":"https:\/\/lucacastelli.com\/de\/wp-json\/wp\/v2\/types\/product"}],"wp:featuredmedia":[{"embeddable":true,"href":"https:\/\/lucacastelli.com\/de\/wp-json\/wp\/v2\/media\/507585"}],"wp:attachment":[{"href":"https:\/\/lucacastelli.com\/de\/wp-json\/wp\/v2\/media?parent=507592"}],"wp:term":[{"taxonomy":"product_brand","embeddable":true,"href":"https:\/\/lucacastelli.com\/de\/wp-json\/wp\/v2\/product_brand?post=507592"},{"taxonomy":"product_cat","embeddable":true,"href":"https:\/\/lucacastelli.com\/de\/wp-json\/wp\/v2\/product_cat?post=507592"},{"taxonomy":"product_tag","embeddable":true,"href":"https:\/\/lucacastelli.com\/de\/wp-json\/wp\/v2\/product_tag?post=507592"}],"curies":[{"name":"wp","href":"https:\/\/api.w.org\/{rel}","templated":true}]}}