{"id":507451,"date":"2025-07-21T13:13:37","date_gmt":"2025-07-21T11:13:37","guid":{"rendered":"https:\/\/lucacastelli.com\/prodotto\/salomon-speedcross-5-gtx-2\/"},"modified":"2026-04-14T03:07:36","modified_gmt":"2026-04-14T01:07:36","slug":"salomon-speedcross-5-gtx-2","status":"publish","type":"product","link":"https:\/\/lucacastelli.com\/de\/produkt\/salomon-speedcross-5-gtx-2\/","title":{"rendered":"SALOMON SPEEDCROSS 5 GTX"},"content":{"rendered":"<p>Als neueste Version der IKONE schlechthin verf\u00fcgt der SPEEDCROSS 5 GORE-TEX \u00fcber eine neue GORE-TEX-Konstruktion mit beweglicher Zunge, die den Komfort verbessert und die allgemeine Optik sowie das Tragegef\u00fchl des Schuhs optimiert. Dabei beh\u00e4lt er seinen legend\u00e4ren Grip, die aussergew\u00f6hnliche D\u00e4mpfung und die pr\u00e4zise Passform bei, die ihn zu einem der beliebtesten Schuhe gemacht haben.<\/p>\n","protected":false},"excerpt":{"rendered":"<p>Als neueste Version der IKONE schlechthin verf\u00fcgt der SPEEDCROSS 5 GORE-TEX \u00fcber eine neue GORE-TEX-Konstruktion mit beweglicher Zunge, die den<\/p>\n","protected":false},"featured_media":507428,"template":"","meta":{"_seopress_robots_primary_cat":"none","_seopress_titles_title":"","_seopress_titles_desc":"","_seopress_robots_index":""},"product_brand":[4367],"product_cat":[1419,1431,175],"product_tag":[],"class_list":{"0":"post-507451","1":"product","2":"type-product","3":"status-publish","4":"has-post-thumbnail","6":"product_brand-salomon-de","7":"product_cat-freizeitschuhe","8":"product_cat-herrenschuhe","9":"product_cat-schuhe","10":"sws-gruppo-abb-libero-de","11":"sws-conto-ricavi-merci-rivendita-abbigliamento-de","12":"sws-gruppo-iva-iva81-de","14":"first","15":"instock","16":"shipping-taxable","17":"purchasable","18":"product-type-variable"},"_links":{"self":[{"href":"https:\/\/lucacastelli.com\/de\/wp-json\/wp\/v2\/product\/507451","targetHints":{"allow":["GET"]}}],"collection":[{"href":"https:\/\/lucacastelli.com\/de\/wp-json\/wp\/v2\/product"}],"about":[{"href":"https:\/\/lucacastelli.com\/de\/wp-json\/wp\/v2\/types\/product"}],"wp:featuredmedia":[{"embeddable":true,"href":"https:\/\/lucacastelli.com\/de\/wp-json\/wp\/v2\/media\/507428"}],"wp:attachment":[{"href":"https:\/\/lucacastelli.com\/de\/wp-json\/wp\/v2\/media?parent=507451"}],"wp:term":[{"taxonomy":"product_brand","embeddable":true,"href":"https:\/\/lucacastelli.com\/de\/wp-json\/wp\/v2\/product_brand?post=507451"},{"taxonomy":"product_cat","embeddable":true,"href":"https:\/\/lucacastelli.com\/de\/wp-json\/wp\/v2\/product_cat?post=507451"},{"taxonomy":"product_tag","embeddable":true,"href":"https:\/\/lucacastelli.com\/de\/wp-json\/wp\/v2\/product_tag?post=507451"}],"curies":[{"name":"wp","href":"https:\/\/api.w.org\/{rel}","templated":true}]}}