{"id":507359,"date":"2025-07-21T13:11:50","date_gmt":"2025-07-21T11:11:50","guid":{"rendered":"https:\/\/lucacastelli.com\/prodotto\/salomon-wayfarer-pants-m-2\/"},"modified":"2026-03-01T00:25:13","modified_gmt":"2026-02-28T23:25:13","slug":"salomon-wayfarer-pants-m-2","status":"publish","type":"product","link":"https:\/\/lucacastelli.com\/de\/produkt\/salomon-wayfarer-pants-m-2\/","title":{"rendered":"SALOMON WAYFARER PANTS M"},"content":{"rendered":"<p>Besonders beliebt bei Outdoor-Abenteurern sind unsere WAYFARER Hosen f\u00fcr M\u00e4nner, die beim Wandern unverzichtbar geworden sind. Weiches, aber widerstandsf\u00e4higes technisches Gewebe. Vielseitigkeit. Ein ganzes Arsenal an Outdoor-Funktionen. Und jetzt auch aus recyceltem Polyamid mit PFC-freier wasserabweisender Behandlung, um mehr \u00f6kologische Werte zu reflektieren. F\u00fcr unerschrockene Erkundungen in unerforschten Gebieten und in der N\u00e4he der Heimat.<\/p>\n","protected":false},"excerpt":{"rendered":"<p>Besonders beliebt bei Outdoor-Abenteurern sind unsere WAYFARER Hosen f\u00fcr M\u00e4nner, die beim Wandern unverzichtbar geworden sind. Weiches, aber widerstandsf\u00e4higes technisches<\/p>\n","protected":false},"featured_media":507352,"template":"","meta":{"_seopress_robots_primary_cat":"","_seopress_titles_title":"","_seopress_titles_desc":"","_seopress_robots_index":""},"product_brand":[4367],"product_cat":[974,975,82],"product_tag":[],"class_list":{"0":"post-507359","1":"product","2":"type-product","3":"status-publish","4":"has-post-thumbnail","6":"product_brand-salomon-de","7":"product_cat-freizeitkleidung","8":"product_cat-herrenbekleidung","9":"product_cat-kleidung","10":"sws-gruppo-abb-libero-de","11":"sws-conto-ricavi-merci-rivendita-abbigliamento-de","12":"sws-gruppo-iva-iva81-de","14":"first","15":"instock","16":"shipping-taxable","17":"purchasable","18":"product-type-variable"},"_links":{"self":[{"href":"https:\/\/lucacastelli.com\/de\/wp-json\/wp\/v2\/product\/507359","targetHints":{"allow":["GET"]}}],"collection":[{"href":"https:\/\/lucacastelli.com\/de\/wp-json\/wp\/v2\/product"}],"about":[{"href":"https:\/\/lucacastelli.com\/de\/wp-json\/wp\/v2\/types\/product"}],"wp:featuredmedia":[{"embeddable":true,"href":"https:\/\/lucacastelli.com\/de\/wp-json\/wp\/v2\/media\/507352"}],"wp:attachment":[{"href":"https:\/\/lucacastelli.com\/de\/wp-json\/wp\/v2\/media?parent=507359"}],"wp:term":[{"taxonomy":"product_brand","embeddable":true,"href":"https:\/\/lucacastelli.com\/de\/wp-json\/wp\/v2\/product_brand?post=507359"},{"taxonomy":"product_cat","embeddable":true,"href":"https:\/\/lucacastelli.com\/de\/wp-json\/wp\/v2\/product_cat?post=507359"},{"taxonomy":"product_tag","embeddable":true,"href":"https:\/\/lucacastelli.com\/de\/wp-json\/wp\/v2\/product_tag?post=507359"}],"curies":[{"name":"wp","href":"https:\/\/api.w.org\/{rel}","templated":true}]}}