{"id":507339,"date":"2025-07-21T13:11:22","date_gmt":"2025-07-21T11:11:22","guid":{"rendered":"https:\/\/lucacastelli.com\/prodotto\/salomon-outrack-full-zip-mid-w-2\/"},"modified":"2026-03-01T00:25:15","modified_gmt":"2026-02-28T23:25:15","slug":"salomon-outrack-full-zip-mid-w-2","status":"publish","type":"product","link":"https:\/\/lucacastelli.com\/de\/produkt\/salomon-outrack-full-zip-mid-w-2\/","title":{"rendered":"SALOMON OUTRACK FULL ZIP MID W"},"content":{"rendered":"<p>Der leichte und dennoch warme ESSENTIAL LIGHTWARM Midlayer mit durchgehendem Rei\u00dfverschluss aus Rippenstrickfleece eignet sich f\u00fcr alle Outdoor-Aktivit\u00e4ten, vom Skifahren bis zum Laufen, allein oder als Midlayer. Das atmungsaktive, schnell trocknende Gewebe ist feuchtigkeitsregulierend und besteht aus recycelten Polyesterfasern. Die aktive Passform und die weichen Flatlock-N\u00e4hte mit Overlock-N\u00e4hten machen es zu einem praktischen Kleidungsst\u00fcck, das unabh\u00e4ngig von der zur\u00fcckgelegten Strecke oder dem Tempo getragen werden kann.<\/p>\n","protected":false},"excerpt":{"rendered":"<p>Der leichte und dennoch warme ESSENTIAL LIGHTWARM Midlayer mit durchgehendem Rei\u00dfverschluss aus Rippenstrickfleece eignet sich f\u00fcr alle Outdoor-Aktivit\u00e4ten, vom Skifahren<\/p>\n","protected":false},"featured_media":507336,"template":"","meta":{"_seopress_robots_primary_cat":"","_seopress_titles_title":"","_seopress_titles_desc":"","_seopress_robots_index":""},"product_brand":[4367],"product_cat":[1388,974,82],"product_tag":[],"class_list":{"0":"post-507339","1":"product","2":"type-product","3":"status-publish","4":"has-post-thumbnail","6":"product_brand-salomon-de","7":"product_cat-damenbekleidung","8":"product_cat-freizeitkleidung","9":"product_cat-kleidung","10":"sws-gruppo-abb-libero-de","11":"sws-conto-ricavi-merci-rivendita-abbigliamento-de","12":"sws-gruppo-iva-iva81-de","14":"first","15":"instock","16":"shipping-taxable","17":"purchasable","18":"product-type-variable"},"_links":{"self":[{"href":"https:\/\/lucacastelli.com\/de\/wp-json\/wp\/v2\/product\/507339","targetHints":{"allow":["GET"]}}],"collection":[{"href":"https:\/\/lucacastelli.com\/de\/wp-json\/wp\/v2\/product"}],"about":[{"href":"https:\/\/lucacastelli.com\/de\/wp-json\/wp\/v2\/types\/product"}],"wp:featuredmedia":[{"embeddable":true,"href":"https:\/\/lucacastelli.com\/de\/wp-json\/wp\/v2\/media\/507336"}],"wp:attachment":[{"href":"https:\/\/lucacastelli.com\/de\/wp-json\/wp\/v2\/media?parent=507339"}],"wp:term":[{"taxonomy":"product_brand","embeddable":true,"href":"https:\/\/lucacastelli.com\/de\/wp-json\/wp\/v2\/product_brand?post=507339"},{"taxonomy":"product_cat","embeddable":true,"href":"https:\/\/lucacastelli.com\/de\/wp-json\/wp\/v2\/product_cat?post=507339"},{"taxonomy":"product_tag","embeddable":true,"href":"https:\/\/lucacastelli.com\/de\/wp-json\/wp\/v2\/product_tag?post=507339"}],"curies":[{"name":"wp","href":"https:\/\/api.w.org\/{rel}","templated":true}]}}