{"id":507307,"date":"2025-07-21T13:10:34","date_gmt":"2025-07-21T11:10:34","guid":{"rendered":"https:\/\/lucacastelli.com\/prodotto\/salomon-cross-2in1-shorts-m-2\/"},"modified":"2026-03-01T00:25:15","modified_gmt":"2026-02-28T23:25:15","slug":"salomon-cross-2in1-shorts-m-2","status":"publish","type":"product","link":"https:\/\/lucacastelli.com\/de\/produkt\/salomon-cross-2in1-shorts-m-2\/","title":{"rendered":"SALOMON CROSS 2IN1 SHORTS M"},"content":{"rendered":"<p>Mit den CROSS 2IN1 Shorts f\u00fcr M\u00e4nner f\u00fchlst du dich auf dem Trail, im Fitnessstudio oder bei jeder anderen Aktivit\u00e4t mit hohem Tempo gro\u00dfartig. Der Stretch-Innenslip bietet mehr Komfort und Schutz; das Obermaterial besteht aus schnell trocknendem, recyceltem Polyester. Technische Merkmale wie die Rei\u00dfverschlusstasche und die hinten eingen\u00e4hte Strickschlaufe machen ihn zu einem vielseitigen Kleidungsst\u00fcck.<\/p>\n","protected":false},"excerpt":{"rendered":"<p>Mit den CROSS 2IN1 Shorts f\u00fcr M\u00e4nner f\u00fchlst du dich auf dem Trail, im Fitnessstudio oder bei jeder anderen Aktivit\u00e4t<\/p>\n","protected":false},"featured_media":507304,"template":"","meta":{"_seopress_robots_primary_cat":"","_seopress_titles_title":"","_seopress_titles_desc":"","_seopress_robots_index":""},"product_brand":[4367],"product_cat":[974,975,82],"product_tag":[],"class_list":{"0":"post-507307","1":"product","2":"type-product","3":"status-publish","4":"has-post-thumbnail","6":"product_brand-salomon-de","7":"product_cat-freizeitkleidung","8":"product_cat-herrenbekleidung","9":"product_cat-kleidung","10":"sws-gruppo-abb-libero-de","11":"sws-conto-ricavi-merci-rivendita-abbigliamento-de","12":"sws-gruppo-iva-iva81-de","14":"first","15":"instock","16":"shipping-taxable","17":"purchasable","18":"product-type-variable"},"_links":{"self":[{"href":"https:\/\/lucacastelli.com\/de\/wp-json\/wp\/v2\/product\/507307","targetHints":{"allow":["GET"]}}],"collection":[{"href":"https:\/\/lucacastelli.com\/de\/wp-json\/wp\/v2\/product"}],"about":[{"href":"https:\/\/lucacastelli.com\/de\/wp-json\/wp\/v2\/types\/product"}],"wp:featuredmedia":[{"embeddable":true,"href":"https:\/\/lucacastelli.com\/de\/wp-json\/wp\/v2\/media\/507304"}],"wp:attachment":[{"href":"https:\/\/lucacastelli.com\/de\/wp-json\/wp\/v2\/media?parent=507307"}],"wp:term":[{"taxonomy":"product_brand","embeddable":true,"href":"https:\/\/lucacastelli.com\/de\/wp-json\/wp\/v2\/product_brand?post=507307"},{"taxonomy":"product_cat","embeddable":true,"href":"https:\/\/lucacastelli.com\/de\/wp-json\/wp\/v2\/product_cat?post=507307"},{"taxonomy":"product_tag","embeddable":true,"href":"https:\/\/lucacastelli.com\/de\/wp-json\/wp\/v2\/product_tag?post=507307"}],"curies":[{"name":"wp","href":"https:\/\/api.w.org\/{rel}","templated":true}]}}