{"id":507267,"date":"2025-07-21T13:09:40","date_gmt":"2025-07-21T11:09:40","guid":{"rendered":"https:\/\/lucacastelli.com\/prodotto\/salomon-wayfarer-shorts-m-2\/"},"modified":"2026-03-01T00:25:15","modified_gmt":"2026-02-28T23:25:15","slug":"salomon-wayfarer-shorts-m-2","status":"publish","type":"product","link":"https:\/\/lucacastelli.com\/de\/produkt\/salomon-wayfarer-shorts-m-2\/","title":{"rendered":"SALOMON WAYFARER SHORTS M"},"content":{"rendered":"<p>Wenn die Temperaturen steigen, bieten die WAYFARER Herrenshorts eine unwiderstehliche Kombination aus Bewegungsfreiheit und Strapazierf\u00e4higkeit. Die weichen, aber technischen Stoffe und Outdoor-Bedarfsartikel sind f\u00fcr abenteuerlustige Wanderer gedacht. Und um den \u00f6kologischen Werten gerecht zu werden, besteht die neue Version aus recyceltem Polyamid und einer PFC-freien wasserabweisenden Behandlung.<\/p>\n","protected":false},"excerpt":{"rendered":"<p>Wenn die Temperaturen steigen, bieten die WAYFARER Herrenshorts eine unwiderstehliche Kombination aus Bewegungsfreiheit und Strapazierf\u00e4higkeit. Die weichen, aber technischen Stoffe<\/p>\n","protected":false},"featured_media":507260,"template":"","meta":{"_seopress_robots_primary_cat":"","_seopress_titles_title":"","_seopress_titles_desc":"","_seopress_robots_index":""},"product_brand":[4367],"product_cat":[82,974,975],"product_tag":[],"class_list":{"0":"post-507267","1":"product","2":"type-product","3":"status-publish","4":"has-post-thumbnail","6":"product_brand-salomon-de","7":"product_cat-kleidung","8":"product_cat-freizeitkleidung","9":"product_cat-herrenbekleidung","10":"sws-gruppo-abb-libero-de","11":"sws-conto-ricavi-merci-rivendita-abbigliamento-de","12":"sws-gruppo-iva-iva81-de","14":"first","15":"instock","16":"shipping-taxable","17":"purchasable","18":"product-type-variable"},"_links":{"self":[{"href":"https:\/\/lucacastelli.com\/de\/wp-json\/wp\/v2\/product\/507267","targetHints":{"allow":["GET"]}}],"collection":[{"href":"https:\/\/lucacastelli.com\/de\/wp-json\/wp\/v2\/product"}],"about":[{"href":"https:\/\/lucacastelli.com\/de\/wp-json\/wp\/v2\/types\/product"}],"wp:featuredmedia":[{"embeddable":true,"href":"https:\/\/lucacastelli.com\/de\/wp-json\/wp\/v2\/media\/507260"}],"wp:attachment":[{"href":"https:\/\/lucacastelli.com\/de\/wp-json\/wp\/v2\/media?parent=507267"}],"wp:term":[{"taxonomy":"product_brand","embeddable":true,"href":"https:\/\/lucacastelli.com\/de\/wp-json\/wp\/v2\/product_brand?post=507267"},{"taxonomy":"product_cat","embeddable":true,"href":"https:\/\/lucacastelli.com\/de\/wp-json\/wp\/v2\/product_cat?post=507267"},{"taxonomy":"product_tag","embeddable":true,"href":"https:\/\/lucacastelli.com\/de\/wp-json\/wp\/v2\/product_tag?post=507267"}],"curies":[{"name":"wp","href":"https:\/\/api.w.org\/{rel}","templated":true}]}}