{"id":507255,"date":"2025-07-21T13:09:22","date_gmt":"2025-07-21T11:09:22","guid":{"rendered":"https:\/\/lucacastelli.com\/prodotto\/salomon-outline-gtx-2-5l-jacket-w-2\/"},"modified":"2026-03-01T00:25:12","modified_gmt":"2026-02-28T23:25:12","slug":"salomon-outline-gtx-2-5l-jacket-w-2","status":"publish","type":"product","link":"https:\/\/lucacastelli.com\/de\/produkt\/salomon-outline-gtx-2-5l-jacket-w-2\/","title":{"rendered":"SALOMON OUTLINE GTX 2.5L JACKET W"},"content":{"rendered":"<p>Die sch\u00fctzende, leichte und atmungsaktive OUTLINE GORE-TEX 2.5L Jacke f\u00fcr Damen mit regul\u00e4rer Passform ist ein Muss f\u00fcr alle Ihre Outdoor-Aktivit\u00e4ten. Dar\u00fcber hinaus besteht die GORE-TEX Paclite\u00ae Au\u00dfenschicht aus 100 % recyceltem Polyester mit PFC-freier DWR-Behandlung (Durable Water Repellent), um die Umweltbelastung zu reduzieren.<\/p>\n","protected":false},"excerpt":{"rendered":"<p>Die sch\u00fctzende, leichte und atmungsaktive OUTLINE GORE-TEX 2.5L Jacke f\u00fcr Damen mit regul\u00e4rer Passform ist ein Muss f\u00fcr alle Ihre<\/p>\n","protected":false},"featured_media":507252,"template":"","meta":{"_seopress_robots_primary_cat":"","_seopress_titles_title":"","_seopress_titles_desc":"","_seopress_robots_index":""},"product_brand":[4367],"product_cat":[1388,974,82],"product_tag":[],"class_list":{"0":"post-507255","1":"product","2":"type-product","3":"status-publish","4":"has-post-thumbnail","6":"product_brand-salomon-de","7":"product_cat-damenbekleidung","8":"product_cat-freizeitkleidung","9":"product_cat-kleidung","10":"sws-gruppo-abb-libero-de","11":"sws-conto-ricavi-merci-rivendita-abbigliamento-de","12":"sws-gruppo-iva-iva81-de","14":"first","15":"instock","16":"shipping-taxable","17":"purchasable","18":"product-type-variable"},"_links":{"self":[{"href":"https:\/\/lucacastelli.com\/de\/wp-json\/wp\/v2\/product\/507255","targetHints":{"allow":["GET"]}}],"collection":[{"href":"https:\/\/lucacastelli.com\/de\/wp-json\/wp\/v2\/product"}],"about":[{"href":"https:\/\/lucacastelli.com\/de\/wp-json\/wp\/v2\/types\/product"}],"wp:featuredmedia":[{"embeddable":true,"href":"https:\/\/lucacastelli.com\/de\/wp-json\/wp\/v2\/media\/507252"}],"wp:attachment":[{"href":"https:\/\/lucacastelli.com\/de\/wp-json\/wp\/v2\/media?parent=507255"}],"wp:term":[{"taxonomy":"product_brand","embeddable":true,"href":"https:\/\/lucacastelli.com\/de\/wp-json\/wp\/v2\/product_brand?post=507255"},{"taxonomy":"product_cat","embeddable":true,"href":"https:\/\/lucacastelli.com\/de\/wp-json\/wp\/v2\/product_cat?post=507255"},{"taxonomy":"product_tag","embeddable":true,"href":"https:\/\/lucacastelli.com\/de\/wp-json\/wp\/v2\/product_tag?post=507255"}],"curies":[{"name":"wp","href":"https:\/\/api.w.org\/{rel}","templated":true}]}}