{"id":507039,"date":"2025-07-21T13:03:09","date_gmt":"2025-07-21T11:03:09","guid":{"rendered":"https:\/\/lucacastelli.com\/prodotto\/salomon-xa-pro-v8-mid-cswp-j-2\/"},"modified":"2026-04-14T03:09:24","modified_gmt":"2026-04-14T01:09:24","slug":"salomon-xa-pro-v8-mid-cswp-j-2","status":"publish","type":"product","link":"https:\/\/lucacastelli.com\/de\/produkt\/salomon-xa-pro-v8-mid-cswp-j-2\/","title":{"rendered":"SALOMON XA PRO V8 MID CSWP J"},"content":{"rendered":"<p>Lassen Sie Ihre Teenager den Geschmack von Outdoor-Abenteuern erleben mit der Junior-Mid-Version unseres ber\u00fchmten Trailrunning-Schuhs XA PRO 3D. Mit einem erneuerten Look und super praktischen Anpassungen bietet dieses aktualisierte Modell den gesamten Grip, die Stabilit\u00e4t und den wasserdichten Schutz, den die F\u00fcsse junger Entdecker ben\u00f6tigen.<\/p>\n","protected":false},"excerpt":{"rendered":"<p>Lassen Sie Ihre Teenager den Geschmack von Outdoor-Abenteuern erleben mit der Junior-Mid-Version unseres ber\u00fchmten Trailrunning-Schuhs XA PRO 3D. Mit einem<\/p>\n","protected":false},"featured_media":507016,"template":"","meta":{"_seopress_robots_primary_cat":"none","_seopress_titles_title":"","_seopress_titles_desc":"","_seopress_robots_index":""},"product_brand":[4367],"product_cat":[1419,1425,175],"product_tag":[],"class_list":{"0":"post-507039","1":"product","2":"type-product","3":"status-publish","4":"has-post-thumbnail","6":"product_brand-salomon-de","7":"product_cat-freizeitschuhe","8":"product_cat-kinderschuhe","9":"product_cat-schuhe","10":"sws-gruppo-abb-libero-de","11":"sws-conto-ricavi-merci-rivendita-abbigliamento-de","12":"sws-gruppo-iva-iva81-de","14":"first","15":"instock","16":"shipping-taxable","17":"purchasable","18":"product-type-variable"},"_links":{"self":[{"href":"https:\/\/lucacastelli.com\/de\/wp-json\/wp\/v2\/product\/507039","targetHints":{"allow":["GET"]}}],"collection":[{"href":"https:\/\/lucacastelli.com\/de\/wp-json\/wp\/v2\/product"}],"about":[{"href":"https:\/\/lucacastelli.com\/de\/wp-json\/wp\/v2\/types\/product"}],"wp:featuredmedia":[{"embeddable":true,"href":"https:\/\/lucacastelli.com\/de\/wp-json\/wp\/v2\/media\/507016"}],"wp:attachment":[{"href":"https:\/\/lucacastelli.com\/de\/wp-json\/wp\/v2\/media?parent=507039"}],"wp:term":[{"taxonomy":"product_brand","embeddable":true,"href":"https:\/\/lucacastelli.com\/de\/wp-json\/wp\/v2\/product_brand?post=507039"},{"taxonomy":"product_cat","embeddable":true,"href":"https:\/\/lucacastelli.com\/de\/wp-json\/wp\/v2\/product_cat?post=507039"},{"taxonomy":"product_tag","embeddable":true,"href":"https:\/\/lucacastelli.com\/de\/wp-json\/wp\/v2\/product_tag?post=507039"}],"curies":[{"name":"wp","href":"https:\/\/api.w.org\/{rel}","templated":true}]}}