{"id":507003,"date":"2025-07-21T13:02:36","date_gmt":"2025-07-21T11:02:36","guid":{"rendered":"https:\/\/lucacastelli.com\/prodotto\/salomon-xa-rogg-2-gtx-2\/"},"modified":"2026-04-14T03:09:41","modified_gmt":"2026-04-14T01:09:41","slug":"salomon-xa-rogg-2-gtx-2","status":"publish","type":"product","link":"https:\/\/lucacastelli.com\/de\/produkt\/salomon-xa-rogg-2-gtx-2\/","title":{"rendered":"SALOMON XA ROGG 2 GTX"},"content":{"rendered":"<p>Der wasserdichte Trailrunningschuh XA ROGG 2 GORE-TEX ist jederzeit bereit f\u00fcr unerwartete Abenteuer. F\u00fcr die neue Saison haben wir das Design optimiert und einen Zehenschutz im Frontbereich hinzugef\u00fcgt, damit Sie sich auch auf unwegsamem und unebenem Gel\u00e4nde unaufhaltsam f\u00fchlen.<\/p>\n","protected":false},"excerpt":{"rendered":"<p>Der wasserdichte Trailrunningschuh XA ROGG 2 GORE-TEX ist jederzeit bereit f\u00fcr unerwartete Abenteuer. F\u00fcr die neue Saison haben wir das<\/p>\n","protected":false},"featured_media":506992,"template":"","meta":{"_seopress_robots_primary_cat":"none","_seopress_titles_title":"","_seopress_titles_desc":"","_seopress_robots_index":""},"product_brand":[4367],"product_cat":[175,1419,1431],"product_tag":[],"class_list":{"0":"post-507003","1":"product","2":"type-product","3":"status-publish","4":"has-post-thumbnail","6":"product_brand-salomon-de","7":"product_cat-schuhe","8":"product_cat-freizeitschuhe","9":"product_cat-herrenschuhe","10":"sws-gruppo-abb-libero-de","11":"sws-conto-ricavi-merci-rivendita-abbigliamento-de","12":"sws-gruppo-iva-iva81-de","14":"first","15":"instock","16":"shipping-taxable","17":"purchasable","18":"product-type-variable"},"_links":{"self":[{"href":"https:\/\/lucacastelli.com\/de\/wp-json\/wp\/v2\/product\/507003","targetHints":{"allow":["GET"]}}],"collection":[{"href":"https:\/\/lucacastelli.com\/de\/wp-json\/wp\/v2\/product"}],"about":[{"href":"https:\/\/lucacastelli.com\/de\/wp-json\/wp\/v2\/types\/product"}],"wp:featuredmedia":[{"embeddable":true,"href":"https:\/\/lucacastelli.com\/de\/wp-json\/wp\/v2\/media\/506992"}],"wp:attachment":[{"href":"https:\/\/lucacastelli.com\/de\/wp-json\/wp\/v2\/media?parent=507003"}],"wp:term":[{"taxonomy":"product_brand","embeddable":true,"href":"https:\/\/lucacastelli.com\/de\/wp-json\/wp\/v2\/product_brand?post=507003"},{"taxonomy":"product_cat","embeddable":true,"href":"https:\/\/lucacastelli.com\/de\/wp-json\/wp\/v2\/product_cat?post=507003"},{"taxonomy":"product_tag","embeddable":true,"href":"https:\/\/lucacastelli.com\/de\/wp-json\/wp\/v2\/product_tag?post=507003"}],"curies":[{"name":"wp","href":"https:\/\/api.w.org\/{rel}","templated":true}]}}