{"id":506963,"date":"2025-07-21T13:01:39","date_gmt":"2025-07-21T11:01:39","guid":{"rendered":"https:\/\/lucacastelli.com\/prodotto\/salomon-outpulse-gtx-2\/"},"modified":"2026-04-14T03:10:36","modified_gmt":"2026-04-14T01:10:36","slug":"salomon-outpulse-gtx-2","status":"publish","type":"product","link":"https:\/\/lucacastelli.com\/de\/produkt\/salomon-outpulse-gtx-2\/","title":{"rendered":"SALOMON OUTpulse GTX"},"content":{"rendered":"<p>Trekkingschuh mit einem ganzen Arsenal an Technologien, um Ihnen Vorw\u00e4rtstrieb bei Ihren Outdoor-Unternehmungen zu bieten. Ultravielseitig, um Ihren W\u00fcnschen zu folgen, ist der OUTPULSE GORE-TEX ebenso anpassungsf\u00e4hig wie zuverl\u00e4ssig. Mit au\u00dfergew\u00f6hnlichem Schutz und Grip, gebaut auf einer Zwischensohle mit h\u00f6chster Energier\u00fcckgabe und D\u00e4mpfung dank unserer Fuze Surge Schaummischung. Definieren Sie Ihr Konzept von Outdoor-Abenteuern neu.   <\/p>\n","protected":false},"excerpt":{"rendered":"<p>Trekkingschuh mit einem ganzen Arsenal an Technologien, um Ihnen Vorw\u00e4rtstrieb bei Ihren Outdoor-Unternehmungen zu bieten. Ultravielseitig, um Ihren W\u00fcnschen zu<\/p>\n","protected":false},"featured_media":506952,"template":"","meta":{"_seopress_robots_primary_cat":"none","_seopress_titles_title":"","_seopress_titles_desc":"","_seopress_robots_index":""},"product_brand":[4367],"product_cat":[1419,1431,175],"product_tag":[],"class_list":{"0":"post-506963","1":"product","2":"type-product","3":"status-publish","4":"has-post-thumbnail","6":"product_brand-salomon-de","7":"product_cat-freizeitschuhe","8":"product_cat-herrenschuhe","9":"product_cat-schuhe","10":"sws-gruppo-abb-libero-de","11":"sws-conto-ricavi-merci-rivendita-abbigliamento-de","12":"sws-gruppo-iva-iva81-de","14":"first","15":"instock","16":"shipping-taxable","17":"purchasable","18":"product-type-variable"},"_links":{"self":[{"href":"https:\/\/lucacastelli.com\/de\/wp-json\/wp\/v2\/product\/506963","targetHints":{"allow":["GET"]}}],"collection":[{"href":"https:\/\/lucacastelli.com\/de\/wp-json\/wp\/v2\/product"}],"about":[{"href":"https:\/\/lucacastelli.com\/de\/wp-json\/wp\/v2\/types\/product"}],"wp:featuredmedia":[{"embeddable":true,"href":"https:\/\/lucacastelli.com\/de\/wp-json\/wp\/v2\/media\/506952"}],"wp:attachment":[{"href":"https:\/\/lucacastelli.com\/de\/wp-json\/wp\/v2\/media?parent=506963"}],"wp:term":[{"taxonomy":"product_brand","embeddable":true,"href":"https:\/\/lucacastelli.com\/de\/wp-json\/wp\/v2\/product_brand?post=506963"},{"taxonomy":"product_cat","embeddable":true,"href":"https:\/\/lucacastelli.com\/de\/wp-json\/wp\/v2\/product_cat?post=506963"},{"taxonomy":"product_tag","embeddable":true,"href":"https:\/\/lucacastelli.com\/de\/wp-json\/wp\/v2\/product_tag?post=506963"}],"curies":[{"name":"wp","href":"https:\/\/api.w.org\/{rel}","templated":true}]}}