{"id":506947,"date":"2025-07-21T13:01:13","date_gmt":"2025-07-21T11:01:13","guid":{"rendered":"https:\/\/lucacastelli.com\/prodotto\/salomon-wayfarer-shorts-w-2\/"},"modified":"2026-03-01T00:25:16","modified_gmt":"2026-02-28T23:25:16","slug":"salomon-wayfarer-shorts-w-2","status":"publish","type":"product","link":"https:\/\/lucacastelli.com\/de\/produkt\/salomon-wayfarer-shorts-w-2\/","title":{"rendered":"SALOMON WAYFARER SHORTS W"},"content":{"rendered":"<p>Die WAYFARER Shorts f\u00fcr Frauen sind perfekt f\u00fcr hei\u00dfes Wetter und bieten maximale Bewegungsfreiheit, ohne dabei Kompromisse bei der Haltbarkeit einzugehen. Mit recyceltem Polyamid und einer PFC-freien wasserabweisenden Behandlung tragen sie auf ihre Weise zum Schutz unseres Planeten bei. Die WAYFARER-Linie wird von Wanderern, die Komfort und Leistung miteinander verbinden wollen, am meisten gesch\u00e4tzt.<\/p>\n","protected":false},"excerpt":{"rendered":"<p>Die WAYFARER Shorts f\u00fcr Frauen sind perfekt f\u00fcr hei\u00dfes Wetter und bieten maximale Bewegungsfreiheit, ohne dabei Kompromisse bei der Haltbarkeit<\/p>\n","protected":false},"featured_media":506944,"template":"","meta":{"_seopress_robots_primary_cat":"","_seopress_titles_title":"","_seopress_titles_desc":"","_seopress_robots_index":""},"product_brand":[4367],"product_cat":[1388,974,82],"product_tag":[],"class_list":{"0":"post-506947","1":"product","2":"type-product","3":"status-publish","4":"has-post-thumbnail","6":"product_brand-salomon-de","7":"product_cat-damenbekleidung","8":"product_cat-freizeitkleidung","9":"product_cat-kleidung","10":"sws-gruppo-abb-libero-de","11":"sws-conto-ricavi-merci-rivendita-abbigliamento-de","12":"sws-gruppo-iva-iva81-de","14":"first","15":"instock","16":"shipping-taxable","17":"purchasable","18":"product-type-variable"},"_links":{"self":[{"href":"https:\/\/lucacastelli.com\/de\/wp-json\/wp\/v2\/product\/506947","targetHints":{"allow":["GET"]}}],"collection":[{"href":"https:\/\/lucacastelli.com\/de\/wp-json\/wp\/v2\/product"}],"about":[{"href":"https:\/\/lucacastelli.com\/de\/wp-json\/wp\/v2\/types\/product"}],"wp:featuredmedia":[{"embeddable":true,"href":"https:\/\/lucacastelli.com\/de\/wp-json\/wp\/v2\/media\/506944"}],"wp:attachment":[{"href":"https:\/\/lucacastelli.com\/de\/wp-json\/wp\/v2\/media?parent=506947"}],"wp:term":[{"taxonomy":"product_brand","embeddable":true,"href":"https:\/\/lucacastelli.com\/de\/wp-json\/wp\/v2\/product_brand?post=506947"},{"taxonomy":"product_cat","embeddable":true,"href":"https:\/\/lucacastelli.com\/de\/wp-json\/wp\/v2\/product_cat?post=506947"},{"taxonomy":"product_tag","embeddable":true,"href":"https:\/\/lucacastelli.com\/de\/wp-json\/wp\/v2\/product_tag?post=506947"}],"curies":[{"name":"wp","href":"https:\/\/api.w.org\/{rel}","templated":true}]}}