{"id":506892,"date":"2025-01-09T07:04:43","date_gmt":"2025-01-09T06:04:43","guid":{"rendered":"https:\/\/lucacastelli.com\/prodotto\/faellhaken-fuer-kupplungshaken\/"},"modified":"2025-01-09T07:04:43","modified_gmt":"2025-01-09T06:04:43","slug":"faellhaken-fuer-kupplungshaken","status":"publish","type":"product","link":"https:\/\/lucacastelli.com\/de\/produkt\/faellhaken-fuer-kupplungshaken\/","title":{"rendered":"F\u00e4llhaken f\u00fcr Kupplungshaken"},"content":{"rendered":"<p>Produktinformation:<br \/>\nEinfache F\u00e4llhilfe zur Sicherung des Seils am Baum. Geeignet f\u00fcr den manuellen Einsatz mit Seilz\u00fcgen.<br \/>\nArbeitslast: 48 kN (4,8 t)<br \/>\n Gewicht: 1,2 kg <\/p>\n","protected":false},"excerpt":{"rendered":"<p>Produktinformation: Einfache F\u00e4llhilfe zur Sicherung des Seils am Baum. Geeignet f\u00fcr den manuellen Einsatz mit Seilz\u00fcgen. Arbeitslast: 48 kN (4,8<\/p>\n","protected":false},"featured_media":95038,"template":"","meta":{"_seopress_robots_primary_cat":"","_seopress_titles_title":"","_seopress_titles_desc":"","_seopress_robots_index":""},"product_brand":[4641],"product_cat":[150,1396,1494],"product_tag":[],"class_list":{"0":"post-506892","1":"product","2":"type-product","3":"status-publish","4":"has-post-thumbnail","6":"product_brand-lt-de","7":"product_cat-ausrustung","8":"product_cat-arbeitsausrustung","9":"product_cat-sonstige-arbeitsausrustung","11":"first","12":"onbackorder","13":"shipping-taxable","14":"purchasable","15":"product-type-simple"},"_links":{"self":[{"href":"https:\/\/lucacastelli.com\/de\/wp-json\/wp\/v2\/product\/506892","targetHints":{"allow":["GET"]}}],"collection":[{"href":"https:\/\/lucacastelli.com\/de\/wp-json\/wp\/v2\/product"}],"about":[{"href":"https:\/\/lucacastelli.com\/de\/wp-json\/wp\/v2\/types\/product"}],"wp:featuredmedia":[{"embeddable":true,"href":"https:\/\/lucacastelli.com\/de\/wp-json\/wp\/v2\/media\/95038"}],"wp:attachment":[{"href":"https:\/\/lucacastelli.com\/de\/wp-json\/wp\/v2\/media?parent=506892"}],"wp:term":[{"taxonomy":"product_brand","embeddable":true,"href":"https:\/\/lucacastelli.com\/de\/wp-json\/wp\/v2\/product_brand?post=506892"},{"taxonomy":"product_cat","embeddable":true,"href":"https:\/\/lucacastelli.com\/de\/wp-json\/wp\/v2\/product_cat?post=506892"},{"taxonomy":"product_tag","embeddable":true,"href":"https:\/\/lucacastelli.com\/de\/wp-json\/wp\/v2\/product_tag?post=506892"}],"curies":[{"name":"wp","href":"https:\/\/api.w.org\/{rel}","templated":true}]}}