{"id":506891,"date":"2025-01-08T22:45:30","date_gmt":"2025-01-08T21:45:30","guid":{"rendered":"https:\/\/lucacastelli.com\/prodotto\/faellhaken-lt-blau-mit-schaekel\/"},"modified":"2025-01-08T22:45:30","modified_gmt":"2025-01-08T21:45:30","slug":"faellhaken-lt-blau-mit-schaekel","status":"publish","type":"product","link":"https:\/\/lucacastelli.com\/de\/produkt\/faellhaken-lt-blau-mit-schaekel\/","title":{"rendered":"F\u00e4llhaken LT-blau mit Sch\u00e4kel"},"content":{"rendered":"<p>Produktinformation:<br \/>\nEinfache F\u00e4llhilfe zur Sicherung des Seils am Baum. Geeignet f\u00fcr den manuellen Einsatz mit Seilz\u00fcgen.<br \/>\nArbeitslast: 48 kN (4,8 t)<br \/>\n Gewicht: 1,4 kg <\/p>\n","protected":false},"excerpt":{"rendered":"<p>Produktinformation: Einfache F\u00e4llhilfe zur Sicherung des Seils am Baum. Geeignet f\u00fcr den manuellen Einsatz mit Seilz\u00fcgen. Arbeitslast: 48 kN (4,8<\/p>\n","protected":false},"featured_media":95028,"template":"","meta":{"_seopress_robots_primary_cat":"","_seopress_titles_title":"","_seopress_titles_desc":"","_seopress_robots_index":""},"product_brand":[4398],"product_cat":[33,537,822],"product_tag":[],"class_list":{"0":"post-506891","1":"product","2":"type-product","3":"status-publish","4":"has-post-thumbnail","6":"product_brand-lt","7":"product_cat-attrezzature","8":"product_cat-attrezzatura-da-lavoro","9":"product_cat-altro-attrezzatura-da-lavoro","11":"first","12":"onbackorder","13":"shipping-taxable","14":"purchasable","15":"product-type-simple"},"_links":{"self":[{"href":"https:\/\/lucacastelli.com\/de\/wp-json\/wp\/v2\/product\/506891","targetHints":{"allow":["GET"]}}],"collection":[{"href":"https:\/\/lucacastelli.com\/de\/wp-json\/wp\/v2\/product"}],"about":[{"href":"https:\/\/lucacastelli.com\/de\/wp-json\/wp\/v2\/types\/product"}],"wp:featuredmedia":[{"embeddable":true,"href":"https:\/\/lucacastelli.com\/de\/wp-json\/wp\/v2\/media\/95028"}],"wp:attachment":[{"href":"https:\/\/lucacastelli.com\/de\/wp-json\/wp\/v2\/media?parent=506891"}],"wp:term":[{"taxonomy":"product_brand","embeddable":true,"href":"https:\/\/lucacastelli.com\/de\/wp-json\/wp\/v2\/product_brand?post=506891"},{"taxonomy":"product_cat","embeddable":true,"href":"https:\/\/lucacastelli.com\/de\/wp-json\/wp\/v2\/product_cat?post=506891"},{"taxonomy":"product_tag","embeddable":true,"href":"https:\/\/lucacastelli.com\/de\/wp-json\/wp\/v2\/product_tag?post=506891"}],"curies":[{"name":"wp","href":"https:\/\/api.w.org\/{rel}","templated":true}]}}