{"id":506886,"date":"2025-01-08T22:44:11","date_gmt":"2025-01-08T21:44:11","guid":{"rendered":"https:\/\/lucacastelli.com\/prodotto\/drahtseilklemme-lt-blau\/"},"modified":"2025-01-08T22:44:11","modified_gmt":"2025-01-08T21:44:11","slug":"drahtseilklemme-lt-blau","status":"publish","type":"product","link":"https:\/\/lucacastelli.com\/de\/produkt\/drahtseilklemme-lt-blau\/","title":{"rendered":"Drahtseilklemme LT-blau"},"content":{"rendered":"<p>Produktinformation:<br \/>\nDas Seil bleibt durch den speziellen Klemmmechanismus intakt.<br \/>\nPro Seil \u00d8: 8,0 &#8211; 11,4 mm<br \/>\nArbeitslast: 48kN (4,8t)<\/p>\n<p>Achtung: Die einzelnen Komponenten k\u00f6nnen farblich variieren (siehe Bild Nr. 3). Die Funktionalit\u00e4t der Drahtseilklemme wird dadurch jedoch nicht beeintr\u00e4chtigt. <\/p>\n","protected":false},"excerpt":{"rendered":"<p>Produktinformation: Das Seil bleibt durch den speziellen Klemmmechanismus intakt. Pro Seil \u00d8: 8,0 &#8211; 11,4 mm Arbeitslast: 48kN (4,8t) Achtung:<\/p>\n","protected":false},"featured_media":95023,"template":"","meta":{"_seopress_robots_primary_cat":"","_seopress_titles_title":"","_seopress_titles_desc":"","_seopress_robots_index":""},"product_brand":[4398],"product_cat":[33,537,822],"product_tag":[],"class_list":{"0":"post-506886","1":"product","2":"type-product","3":"status-publish","4":"has-post-thumbnail","6":"product_brand-lt","7":"product_cat-attrezzature","8":"product_cat-attrezzatura-da-lavoro","9":"product_cat-altro-attrezzatura-da-lavoro","11":"first","12":"onbackorder","13":"shipping-taxable","14":"purchasable","15":"product-type-simple"},"_links":{"self":[{"href":"https:\/\/lucacastelli.com\/de\/wp-json\/wp\/v2\/product\/506886","targetHints":{"allow":["GET"]}}],"collection":[{"href":"https:\/\/lucacastelli.com\/de\/wp-json\/wp\/v2\/product"}],"about":[{"href":"https:\/\/lucacastelli.com\/de\/wp-json\/wp\/v2\/types\/product"}],"wp:featuredmedia":[{"embeddable":true,"href":"https:\/\/lucacastelli.com\/de\/wp-json\/wp\/v2\/media\/95023"}],"wp:attachment":[{"href":"https:\/\/lucacastelli.com\/de\/wp-json\/wp\/v2\/media?parent=506886"}],"wp:term":[{"taxonomy":"product_brand","embeddable":true,"href":"https:\/\/lucacastelli.com\/de\/wp-json\/wp\/v2\/product_brand?post=506886"},{"taxonomy":"product_cat","embeddable":true,"href":"https:\/\/lucacastelli.com\/de\/wp-json\/wp\/v2\/product_cat?post=506886"},{"taxonomy":"product_tag","embeddable":true,"href":"https:\/\/lucacastelli.com\/de\/wp-json\/wp\/v2\/product_tag?post=506886"}],"curies":[{"name":"wp","href":"https:\/\/api.w.org\/{rel}","templated":true}]}}