{"id":506885,"date":"2025-01-09T07:04:12","date_gmt":"2025-01-09T06:04:12","guid":{"rendered":"https:\/\/lucacastelli.com\/prodotto\/kehrhaken-lt-light-2\/"},"modified":"2025-01-09T07:04:12","modified_gmt":"2025-01-09T06:04:12","slug":"kehrhaken-lt-light-2","status":"publish","type":"product","link":"https:\/\/lucacastelli.com\/de\/produkt\/kehrhaken-lt-light-2\/","title":{"rendered":"Kehrhaken LT-light 2"},"content":{"rendered":"<p>Produktinformation:<br \/>\n Viel leichter als herk\u00f6mmliche Schornsteinfegerhaken, aber dennoch robust. Funktion: Rotation aller Baumst\u00e4mme. Nutzlast: Arbeitskr\u00e4fte, Material: Hochfestes Aluminium, Gewicht: 4,5 kg Maximale \u00d6ffnung 45 cm.  <\/p>\n","protected":false},"excerpt":{"rendered":"<p>Produktinformation: Viel leichter als herk\u00f6mmliche Schornsteinfegerhaken, aber dennoch robust. Funktion: Rotation aller Baumst\u00e4mme. Nutzlast: Arbeitskr\u00e4fte, Material: Hochfestes Aluminium, Gewicht: 4,5<\/p>\n","protected":false},"featured_media":95033,"template":"","meta":{"_seopress_robots_primary_cat":"","_seopress_titles_title":"","_seopress_titles_desc":"","_seopress_robots_index":""},"product_brand":[4641],"product_cat":[1396,150,1494],"product_tag":[],"class_list":{"0":"post-506885","1":"product","2":"type-product","3":"status-publish","4":"has-post-thumbnail","6":"product_brand-lt-de","7":"product_cat-arbeitsausrustung","8":"product_cat-ausrustung","9":"product_cat-sonstige-arbeitsausrustung","11":"first","12":"onbackorder","13":"shipping-taxable","14":"purchasable","15":"product-type-simple"},"_links":{"self":[{"href":"https:\/\/lucacastelli.com\/de\/wp-json\/wp\/v2\/product\/506885","targetHints":{"allow":["GET"]}}],"collection":[{"href":"https:\/\/lucacastelli.com\/de\/wp-json\/wp\/v2\/product"}],"about":[{"href":"https:\/\/lucacastelli.com\/de\/wp-json\/wp\/v2\/types\/product"}],"wp:featuredmedia":[{"embeddable":true,"href":"https:\/\/lucacastelli.com\/de\/wp-json\/wp\/v2\/media\/95033"}],"wp:attachment":[{"href":"https:\/\/lucacastelli.com\/de\/wp-json\/wp\/v2\/media?parent=506885"}],"wp:term":[{"taxonomy":"product_brand","embeddable":true,"href":"https:\/\/lucacastelli.com\/de\/wp-json\/wp\/v2\/product_brand?post=506885"},{"taxonomy":"product_cat","embeddable":true,"href":"https:\/\/lucacastelli.com\/de\/wp-json\/wp\/v2\/product_cat?post=506885"},{"taxonomy":"product_tag","embeddable":true,"href":"https:\/\/lucacastelli.com\/de\/wp-json\/wp\/v2\/product_tag?post=506885"}],"curies":[{"name":"wp","href":"https:\/\/api.w.org\/{rel}","templated":true}]}}