{"id":506809,"date":"2025-01-08T16:14:56","date_gmt":"2025-01-08T15:14:56","guid":{"rendered":"https:\/\/lucacastelli.com\/prodotto\/seilrolle-lt-blau-100kn\/"},"modified":"2025-01-08T16:14:56","modified_gmt":"2025-01-08T15:14:56","slug":"seilrolle-lt-blau-100kn","status":"publish","type":"product","link":"https:\/\/lucacastelli.com\/de\/produkt\/seilrolle-lt-blau-100kn\/","title":{"rendered":"Seilrolle LT-blau 100kN"},"content":{"rendered":"<p>Produktinformation:<br \/>\n Die bew\u00e4hrte Gleitlagerrolle f\u00fcr niedrige Seilgeschwindigkeiten beim Einsatz mit manuellen Seilz\u00fcgen. Traglast auf dem Boden 100kN (10t) \u2502 Bruchlast 200kN (20t) \u2502 Seil \u00d8 max. 12mm \u2502 Umlenkrolle \u00d8 84mm \u2502 Max. Geschwindigkeit manueller Betrieb \u2502 Gewicht 0,9kg Maximale Geschwindigkeit bei manueller Bet\u00e4tigung \u2502 Gewicht 0,9 kg <\/p>\n","protected":false},"excerpt":{"rendered":"<p>Produktinformation: Die bew\u00e4hrte Gleitlagerrolle f\u00fcr niedrige Seilgeschwindigkeiten beim Einsatz mit manuellen Seilz\u00fcgen. Traglast auf dem Boden 100kN (10t) \u2502 Bruchlast<\/p>\n","protected":false},"featured_media":95003,"template":"","meta":{"_seopress_robots_primary_cat":"","_seopress_titles_title":"","_seopress_titles_desc":"","_seopress_robots_index":""},"product_brand":[4398],"product_cat":[33,537,822],"product_tag":[],"class_list":{"0":"post-506809","1":"product","2":"type-product","3":"status-publish","4":"has-post-thumbnail","6":"product_brand-lt","7":"product_cat-attrezzature","8":"product_cat-attrezzatura-da-lavoro","9":"product_cat-altro-attrezzatura-da-lavoro","11":"first","12":"onbackorder","13":"shipping-taxable","14":"purchasable","15":"product-type-simple"},"_links":{"self":[{"href":"https:\/\/lucacastelli.com\/de\/wp-json\/wp\/v2\/product\/506809","targetHints":{"allow":["GET"]}}],"collection":[{"href":"https:\/\/lucacastelli.com\/de\/wp-json\/wp\/v2\/product"}],"about":[{"href":"https:\/\/lucacastelli.com\/de\/wp-json\/wp\/v2\/types\/product"}],"wp:featuredmedia":[{"embeddable":true,"href":"https:\/\/lucacastelli.com\/de\/wp-json\/wp\/v2\/media\/95003"}],"wp:attachment":[{"href":"https:\/\/lucacastelli.com\/de\/wp-json\/wp\/v2\/media?parent=506809"}],"wp:term":[{"taxonomy":"product_brand","embeddable":true,"href":"https:\/\/lucacastelli.com\/de\/wp-json\/wp\/v2\/product_brand?post=506809"},{"taxonomy":"product_cat","embeddable":true,"href":"https:\/\/lucacastelli.com\/de\/wp-json\/wp\/v2\/product_cat?post=506809"},{"taxonomy":"product_tag","embeddable":true,"href":"https:\/\/lucacastelli.com\/de\/wp-json\/wp\/v2\/product_tag?post=506809"}],"curies":[{"name":"wp","href":"https:\/\/api.w.org\/{rel}","templated":true}]}}