{"id":506751,"date":"2023-11-09T19:51:43","date_gmt":"2023-11-09T18:51:43","guid":{"rendered":"https:\/\/lucacastelli.com\/prodotto\/mico-herren-kurzaermeliger-pullover-mit-rundhalsausschnitt\/"},"modified":"2023-11-09T19:51:43","modified_gmt":"2023-11-09T18:51:43","slug":"mico-herren-kurzaermeliger-pullover-mit-rundhalsausschnitt","status":"publish","type":"product","link":"https:\/\/lucacastelli.com\/de\/produkt\/mico-herren-kurzaermeliger-pullover-mit-rundhalsausschnitt\/","title":{"rendered":"MICO HERREN KURZ\u00c4RMELIGER PULLOVER MIT RUNDHALSAUSSCHNITT"},"content":{"rendered":"<p>HIGH-TECH-SCHWEISSMANAGEMENT, NAHTLOS F\u00dcR ALLE SPORTARTEN HOCH ATMUNGSAKTIV HERGESTELLT MIT EINER ZWEIKOMPONENTEN-TECHNOLOGIE, DIE EIN HYDROPHOBES GEWEBE AUF DER INNENSEITE (DRYARN POLYPROPYLEN\u00ae) MIT EINEM HYDROPHILEN GEWEBE AUF DER AUSSENSEITE KOMBINIERT, UM DEN ABTRANSPORT VON \u00dcBERSCH\u00dcSSIGER FEUCHTIGKEIT ZU MAXIMIEREN &#8211; HOHER KOMFORT F\u00dcR EINE HAUT, DIE IMMER TROCKEN UND THERMOREGULIERT IST &#8211; ANATOMISCHE STRUKTUR MIT DIFFERENZIERTEN WEBBEREICHEN.<\/p>\n<p>Zusammensetzung<br \/>\n70%PP-20%PA-10%EA<\/p>\n","protected":false},"excerpt":{"rendered":"<p>HIGH-TECH-SCHWEISSMANAGEMENT, NAHTLOS F\u00dcR ALLE SPORTARTEN HOCH ATMUNGSAKTIV HERGESTELLT MIT EINER ZWEIKOMPONENTEN-TECHNOLOGIE, DIE EIN HYDROPHOBES GEWEBE AUF DER INNENSEITE (DRYARN POLYPROPYLEN\u00ae)<\/p>\n","protected":false},"featured_media":99495,"template":"","meta":{"_seopress_robots_primary_cat":"","_seopress_titles_title":"","_seopress_titles_desc":"","_seopress_robots_index":""},"product_brand":[4700],"product_cat":[175,1400],"product_tag":[],"class_list":{"0":"post-506751","1":"product","2":"type-product","3":"status-publish","4":"has-post-thumbnail","6":"product_brand-mico-de","7":"product_cat-schuhe","8":"product_cat-zubehor-fur-schuhe","10":"first","11":"instock","12":"shipping-taxable","13":"purchasable","14":"product-type-variable"},"_links":{"self":[{"href":"https:\/\/lucacastelli.com\/de\/wp-json\/wp\/v2\/product\/506751","targetHints":{"allow":["GET"]}}],"collection":[{"href":"https:\/\/lucacastelli.com\/de\/wp-json\/wp\/v2\/product"}],"about":[{"href":"https:\/\/lucacastelli.com\/de\/wp-json\/wp\/v2\/types\/product"}],"wp:featuredmedia":[{"embeddable":true,"href":"https:\/\/lucacastelli.com\/de\/wp-json\/wp\/v2\/media\/99495"}],"wp:attachment":[{"href":"https:\/\/lucacastelli.com\/de\/wp-json\/wp\/v2\/media?parent=506751"}],"wp:term":[{"taxonomy":"product_brand","embeddable":true,"href":"https:\/\/lucacastelli.com\/de\/wp-json\/wp\/v2\/product_brand?post=506751"},{"taxonomy":"product_cat","embeddable":true,"href":"https:\/\/lucacastelli.com\/de\/wp-json\/wp\/v2\/product_cat?post=506751"},{"taxonomy":"product_tag","embeddable":true,"href":"https:\/\/lucacastelli.com\/de\/wp-json\/wp\/v2\/product_tag?post=506751"}],"curies":[{"name":"wp","href":"https:\/\/api.w.org\/{rel}","templated":true}]}}