{"id":506706,"date":"2023-11-09T17:12:00","date_gmt":"2023-11-09T16:12:00","guid":{"rendered":"https:\/\/lucacastelli.com\/prodotto\/mico-trek-extra-trocken\/"},"modified":"2023-11-09T17:12:00","modified_gmt":"2023-11-09T16:12:00","slug":"mico-trek-extra-trocken","status":"publish","type":"product","link":"https:\/\/lucacastelli.com\/de\/produkt\/mico-trek-extra-trocken\/","title":{"rendered":"MICO TREK EXTRA TROCKEN"},"content":{"rendered":"<p>MICOTEX\u00ae JERSEY + LYCRA-FASER\u00ae &#8211; ANATOMISCHE L+R-VERST\u00c4RKUNGEN IN COOLMAX\u00ae &#8211; REIBUNGSFREIE FLACHNAHT &#8211; KN\u00d6CHEL- UND ACHILLESSEHNENSCHUTZ &#8211; ELASTISCHE B\u00c4NDER AM KN\u00d6CHEL UND AM FUSSGEW\u00d6LBE &#8211; ELASTISCHE UNTERST\u00dcTZUNG AM<br \/>\nSPANN<br \/>\n CA03058_006 Zusammensetzung<br \/>\n46%PL-COOLMAX-38%PA-13%PP-3%LYCRA<\/p>\n<p>Geschlecht<br \/>\nUNISEX ERWACHSENE<\/p>\n","protected":false},"excerpt":{"rendered":"<p>MICOTEX\u00ae JERSEY + LYCRA-FASER\u00ae &#8211; ANATOMISCHE L+R-VERST\u00c4RKUNGEN IN COOLMAX\u00ae &#8211; REIBUNGSFREIE FLACHNAHT &#8211; KN\u00d6CHEL- UND ACHILLESSEHNENSCHUTZ &#8211; ELASTISCHE B\u00c4NDER AM<\/p>\n","protected":false},"featured_media":99470,"template":"","meta":{"_seopress_robots_primary_cat":"","_seopress_titles_title":"","_seopress_titles_desc":"","_seopress_robots_index":""},"product_brand":[4387],"product_cat":[28,228],"product_tag":[],"class_list":{"0":"post-506706","1":"product","2":"type-product","3":"status-publish","4":"has-post-thumbnail","6":"product_brand-mico","7":"product_cat-calzature","8":"product_cat-accessori-per-le-calzature","10":"first","11":"instock","12":"shipping-taxable","13":"purchasable","14":"product-type-variable"},"_links":{"self":[{"href":"https:\/\/lucacastelli.com\/de\/wp-json\/wp\/v2\/product\/506706","targetHints":{"allow":["GET"]}}],"collection":[{"href":"https:\/\/lucacastelli.com\/de\/wp-json\/wp\/v2\/product"}],"about":[{"href":"https:\/\/lucacastelli.com\/de\/wp-json\/wp\/v2\/types\/product"}],"wp:featuredmedia":[{"embeddable":true,"href":"https:\/\/lucacastelli.com\/de\/wp-json\/wp\/v2\/media\/99470"}],"wp:attachment":[{"href":"https:\/\/lucacastelli.com\/de\/wp-json\/wp\/v2\/media?parent=506706"}],"wp:term":[{"taxonomy":"product_brand","embeddable":true,"href":"https:\/\/lucacastelli.com\/de\/wp-json\/wp\/v2\/product_brand?post=506706"},{"taxonomy":"product_cat","embeddable":true,"href":"https:\/\/lucacastelli.com\/de\/wp-json\/wp\/v2\/product_cat?post=506706"},{"taxonomy":"product_tag","embeddable":true,"href":"https:\/\/lucacastelli.com\/de\/wp-json\/wp\/v2\/product_tag?post=506706"}],"curies":[{"name":"wp","href":"https:\/\/api.w.org\/{rel}","templated":true}]}}