{"id":506658,"date":"2022-07-09T10:52:19","date_gmt":"2022-07-09T08:52:19","guid":{"rendered":"https:\/\/lucacastelli.com\/prodotto\/mico-sleeves-r-neck-hemd-extra-dry\/"},"modified":"2022-07-09T10:52:19","modified_gmt":"2022-07-09T08:52:19","slug":"mico-sleeves-r-neck-hemd-extra-dry","status":"publish","type":"product","link":"https:\/\/lucacastelli.com\/de\/produkt\/mico-sleeves-r-neck-hemd-extra-dry\/","title":{"rendered":"MICO Sleeves R\/Neck Hemd EXTRA DRY"},"content":{"rendered":"<p>HIGH-TECH-FEUCHTIGKEITSMANAGEMENT NAHTLOS F\u00dcR ALLE SPORTARTEN HOCH ATMUNGSAKTIV HERGESTELLT MIT EINER ZWEIKOMPONENTEN-TECHNOLOGIE, DIE EIN HYDROPHOBES GEWEBE AUF DER INNENSEITE (DRYARN\u00ae POLYPROPYLEN) MIT EINEM HYDROPHILEN GEWEBE AUF DER AUSSENSEITE KOMBINIERT, UM DIE ABLEITUNG VON \u00dcBERSCH\u00dcSSIGER FEUCHTIGKEIT ZU MAXIMIEREN &#8211; HOHER KOMFORT F\u00dcR EINE HAUT, DIE IMMER TROCKEN UND THERMOREGULIERT IST &#8211; ANATOMISCHE STRUKTUR MIT DIFFERENZIERTEN TEXTUREN.<\/p>\n<p>Zusammensetzung<br \/>\n70%PP-20%PA-10%EA<\/p>\n","protected":false},"excerpt":{"rendered":"<p>HIGH-TECH-FEUCHTIGKEITSMANAGEMENT NAHTLOS F\u00dcR ALLE SPORTARTEN HOCH ATMUNGSAKTIV HERGESTELLT MIT EINER ZWEIKOMPONENTEN-TECHNOLOGIE, DIE EIN HYDROPHOBES GEWEBE AUF DER INNENSEITE (DRYARN\u00ae POLYPROPYLEN)<\/p>\n","protected":false},"featured_media":75226,"template":"","meta":{"_seopress_robots_primary_cat":"","_seopress_titles_title":"","_seopress_titles_desc":"","_seopress_robots_index":""},"product_brand":[4700],"product_cat":[82,974,1388],"product_tag":[],"class_list":{"0":"post-506658","1":"product","2":"type-product","3":"status-publish","4":"has-post-thumbnail","6":"product_brand-mico-de","7":"product_cat-kleidung","8":"product_cat-freizeitkleidung","9":"product_cat-damenbekleidung","10":"sws-gruppo-abb-libero-de","11":"sws-conto-ricavi-merci-rivendita-abbigliamento-de","12":"sws-gruppo-iva-iva81-de","14":"first","15":"instock","16":"shipping-taxable","17":"purchasable","18":"product-type-variable"},"_links":{"self":[{"href":"https:\/\/lucacastelli.com\/de\/wp-json\/wp\/v2\/product\/506658","targetHints":{"allow":["GET"]}}],"collection":[{"href":"https:\/\/lucacastelli.com\/de\/wp-json\/wp\/v2\/product"}],"about":[{"href":"https:\/\/lucacastelli.com\/de\/wp-json\/wp\/v2\/types\/product"}],"wp:featuredmedia":[{"embeddable":true,"href":"https:\/\/lucacastelli.com\/de\/wp-json\/wp\/v2\/media\/75226"}],"wp:attachment":[{"href":"https:\/\/lucacastelli.com\/de\/wp-json\/wp\/v2\/media?parent=506658"}],"wp:term":[{"taxonomy":"product_brand","embeddable":true,"href":"https:\/\/lucacastelli.com\/de\/wp-json\/wp\/v2\/product_brand?post=506658"},{"taxonomy":"product_cat","embeddable":true,"href":"https:\/\/lucacastelli.com\/de\/wp-json\/wp\/v2\/product_cat?post=506658"},{"taxonomy":"product_tag","embeddable":true,"href":"https:\/\/lucacastelli.com\/de\/wp-json\/wp\/v2\/product_tag?post=506658"}],"curies":[{"name":"wp","href":"https:\/\/api.w.org\/{rel}","templated":true}]}}