{"id":506645,"date":"2025-02-20T13:53:30","date_gmt":"2025-02-20T12:53:30","guid":{"rendered":"https:\/\/lucacastelli.com\/prodotto\/peltor-litecom-plus-gehoerschutz-mit-helmbefestigung\/"},"modified":"2026-01-09T11:52:42","modified_gmt":"2026-01-09T10:52:42","slug":"peltor-litecom-plus-gehoerschutz-mit-helmbefestigung","status":"publish","type":"product","link":"https:\/\/lucacastelli.com\/de\/produkt\/peltor-litecom-plus-gehoerschutz-mit-helmbefestigung\/","title":{"rendered":"Peltor LiteCom Plus Geh\u00f6rschutz mit Helmbefestigung"},"content":{"rendered":"<p>Mit dem Peltor LiteCom Plus Geh\u00f6rschutz mit Helmbefestigung entscheiden Sie sich f\u00fcr einen Headset-Geh\u00f6rschutz mit integriertem Funksystem. Auf diese Weise sch\u00fctzen Sie nicht nur Ihr Geh\u00f6r vor sch\u00e4dlichen Ger\u00e4uschen, sondern halten auch die Kommunikation mit Ihren Kollegen in lauten Umgebungen aufrecht. Der Peltor LiteCom Plus erm\u00f6glicht eine maximale Reichweite von 2 km auf dem lizenzfreien Frequenzbereich PMR 446. Es kann dann mit \u00e4hnlichen PMR-Funksystemen verbunden werden, so dass Sie w\u00e4hrend der Arbeit mit der Kettens\u00e4ge mit dem Maschinenbediener in Kontakt bleiben k\u00f6nnen. Zwei externe Mikrofone erm\u00f6glichen es Ihnen, wichtige Umgebungsger\u00e4usche zu h\u00f6ren und einfacher mit Kollegen zu kommunizieren. Dank der Sprachsteuerung VOX (Voice Operated Exchange) k\u00f6nnen Sie bequem kommunizieren, ohne irgendwelche Tasten dr\u00fccken zu m\u00fcssen, so haben Sie die H\u00e4nde frei zum Arbeiten. Das wasserdichte Mikrofon reduziert effektiv Umgebungsger\u00e4usche, um eine klare Kommunikation zu gew\u00e4hrleisten. Der Peltor LiteCom Plus kann mit einer 30 mm Befestigung an alle g\u00e4ngigen Peltor Helme angebaut werden.       <\/p>\n<ul>\n<li>Geh\u00f6rschutz nach EN 352 mit integriertem Funkger\u00e4t<\/li>\n<li>\u00dcbertragung auf dem Frequenzband PMR 446 mit einer Reichweite von bis zu 2 km<\/li>\n<li>16 Kan\u00e4le und 121 Unterkan\u00e4le<\/li>\n<li>Externe Mikrofone zur Verst\u00e4rkung wichtiger Umgebungsger\u00e4usche<\/li>\n<li>Anschlie\u00dfen eines externen Ger\u00e4ts \u00fcber ein Kabel<\/li>\n<li>VOX-Sprachsteuerung<\/li>\n<li>Benutzermen\u00fc in Deutsch<\/li>\n<li>Wasserdichtes Mikrofon mit Ger\u00e4uschunterdr\u00fcckung<\/li>\n<li>Gro\u00dfe, intuitive Bedientasten<\/li>\n<li>passend f\u00fcr alle g\u00e4ngigen Peltor Helme<\/li>\n<li>SNR-Wert 31 dB<\/li>\n<li>Akkulaufzeit bis zu 20 Stunden, Ladezeit ca. 4 Stunden<\/li>\n<li>Gewicht (inkl. Akku) ca. 470 g<\/li>\n<\/ul>\n<p>Im Lieferumfang enthalten sind ein Hygiene-Set und 1 m Mikrofonschutz sowie ein Lithium-Ionen-Akku (1800 mAh\/3,7 V\/6,7 Wh) mit Ladekabel und Netzteil.<\/p>\n","protected":false},"excerpt":{"rendered":"<p>Mit dem Peltor LiteCom Plus Geh\u00f6rschutz mit Helmbefestigung entscheiden Sie sich f\u00fcr einen Headset-Geh\u00f6rschutz mit integriertem Funksystem. Auf diese Weise<\/p>\n","protected":false},"featured_media":92698,"template":"","meta":{"_seopress_robots_primary_cat":"none","_seopress_titles_title":"","_seopress_titles_desc":"","_seopress_robots_index":""},"product_brand":[4399],"product_cat":[33,537,815,814],"product_tag":[],"class_list":{"0":"post-506645","1":"product","2":"type-product","3":"status-publish","4":"has-post-thumbnail","6":"product_brand-peltor-3m","7":"product_cat-attrezzature","8":"product_cat-attrezzatura-da-lavoro","9":"product_cat-caschi","10":"product_cat-imbraghi-e-materiale-di-sicurezza","11":"sws-gruppo-abb-libero-de","12":"sws-categoria-sito-de","13":"sws-conto-ricavi-merci-rivendita-abbigliamento-de","14":"sws-gruppo-iva-iva81-de","16":"first","17":"instock","18":"sale","19":"shipping-taxable","20":"purchasable","21":"product-type-simple"},"_links":{"self":[{"href":"https:\/\/lucacastelli.com\/de\/wp-json\/wp\/v2\/product\/506645","targetHints":{"allow":["GET"]}}],"collection":[{"href":"https:\/\/lucacastelli.com\/de\/wp-json\/wp\/v2\/product"}],"about":[{"href":"https:\/\/lucacastelli.com\/de\/wp-json\/wp\/v2\/types\/product"}],"wp:featuredmedia":[{"embeddable":true,"href":"https:\/\/lucacastelli.com\/de\/wp-json\/wp\/v2\/media\/92698"}],"wp:attachment":[{"href":"https:\/\/lucacastelli.com\/de\/wp-json\/wp\/v2\/media?parent=506645"}],"wp:term":[{"taxonomy":"product_brand","embeddable":true,"href":"https:\/\/lucacastelli.com\/de\/wp-json\/wp\/v2\/product_brand?post=506645"},{"taxonomy":"product_cat","embeddable":true,"href":"https:\/\/lucacastelli.com\/de\/wp-json\/wp\/v2\/product_cat?post=506645"},{"taxonomy":"product_tag","embeddable":true,"href":"https:\/\/lucacastelli.com\/de\/wp-json\/wp\/v2\/product_tag?post=506645"}],"curies":[{"name":"wp","href":"https:\/\/api.w.org\/{rel}","templated":true}]}}