{"id":506641,"date":"2025-02-20T14:00:05","date_gmt":"2025-02-20T13:00:05","guid":{"rendered":"https:\/\/lucacastelli.com\/prodotto\/peltor-comtac-viii-gehoerschutz\/"},"modified":"2025-02-20T14:00:05","modified_gmt":"2025-02-20T13:00:05","slug":"peltor-comtac-viii-gehoerschutz","status":"publish","type":"product","link":"https:\/\/lucacastelli.com\/de\/produkt\/peltor-comtac-viii-gehoerschutz\/","title":{"rendered":"Peltor ComTac VIII Geh\u00f6rschutz"},"content":{"rendered":"<p>Peltor ComTac VIII ist ein hochwertiger Geh\u00f6rschutz, der nach den hohen Standards f\u00fcr milit\u00e4rische und polizeiliche Eins\u00e4tze entwickelt wurde. Damit ist es die ideale L\u00f6sung f\u00fcr anspruchsvolle akustische Umgebungen und bietet sowohl einen hervorragenden Geh\u00f6rschutz als auch eine komfortable Kommunikationsf\u00e4higkeit. Der Peltor ComTac VIII Geh\u00f6rschutz sch\u00fctzt effektiv vor impulsivem L\u00e4rm und st\u00e4ndigem L\u00e4rm und erh\u00f6ht gleichzeitig das auditive Situationsbewusstsein durch das H\u00f6ren von Umgebungsger\u00e4uschen. Eine Besonderheit sind die nach au\u00dfen gerichteten Mikrofone zur externen Ger\u00e4uscherkennung, die ebenfalls in einer ohrenartigen trichterf\u00f6rmigen Position platziert sind, was f\u00fcr einen nat\u00fcrlicheren Klang und ein besseres Gerichtenh\u00f6ren sorgt. Dieser High-End-Kopfh\u00f6rer bietet au\u00dferdem erweiterte Funktionen wie Mission Audio Profiles (MAPs), um die auditive Wahrnehmung je nach Umgebung zu maximieren, sowie die M\u00f6glichkeit, zwischen klassischen und erweiterten Einstellungen f\u00fcr benutzerdefinierte Klangprofile zu w\u00e4hlen. In Kombination mit den E-A-R Classic Passiv-Geh\u00f6rschutzst\u00f6pseln kann der Peltor ComTac VIII auch bei hohen Schlagzahlen oder gro\u00dfkalibrigen Explosionen eine noch h\u00f6here Isolierung f\u00fcr besten Geh\u00f6rschutz erreichen.     <\/p>\n<ul>\n<li>Aktiver Geh\u00f6rschutz nach EN 352-1<\/li>\n<li>Erf\u00fcllt die strengsten milit\u00e4rischen Anforderungen<\/li>\n<li>Leicht externe Platzierung der externen Mikrofone f\u00fcr nat\u00fcrlichen Klang und besseren Schutz vor Windger\u00e4uschen<\/li>\n<li>Vier Verst\u00e4rkungsstufen im klassischen H\u00f6rmodus<\/li>\n<li>Erweiterter H\u00f6rmodus mit vordefinierten Klangprofilen (Mission Audio Profiles)<\/li>\n<li>kombinierbar mit passiven Peltor E-A-R Classic Geh\u00f6rschutzst\u00f6pseln<\/li>\n<li>Flache Kapseln, aber mit viel Platz f\u00fcr die Ohren<\/li>\n<li>Benutzermen\u00fc mit Sprachauswahl<\/li>\n<li>Ergonomischer und verstellbarer Kopfb\u00fcgel, der in eine Helmbefestigung umgewandelt werden kann<\/li>\n<li>Kombinierbar mit bequemen Gelringen<\/li>\n<li>wasserdichte Mikrofone nach IP68<\/li>\n<li>Wasserdichtes Batteriefach auf einer Seite<\/li>\n<li>Betriebsdauer ca. 50 Stunden<\/li>\n<li>SNR-Wert 29 dB (bzw. 40 dB in Kombination mit E-A-R Classic Geh\u00f6rschutzst\u00f6pseln)<\/li>\n<li>Gewicht 340 g<\/li>\n<li>Lieferung mit 2 x AAA-Batterien<\/li>\n<\/ul>\n","protected":false},"excerpt":{"rendered":"<p>Peltor ComTac VIII ist ein hochwertiger Geh\u00f6rschutz, der nach den hohen Standards f\u00fcr milit\u00e4rische und polizeiliche Eins\u00e4tze entwickelt wurde. Damit<\/p>\n","protected":false},"featured_media":92707,"template":"","meta":{"_seopress_robots_primary_cat":"","_seopress_titles_title":"","_seopress_titles_desc":"","_seopress_robots_index":""},"product_brand":[4399],"product_cat":[33,537,815,814],"product_tag":[],"class_list":{"0":"post-506641","1":"product","2":"type-product","3":"status-publish","4":"has-post-thumbnail","6":"product_brand-peltor-3m","7":"product_cat-attrezzature","8":"product_cat-attrezzatura-da-lavoro","9":"product_cat-caschi","10":"product_cat-imbraghi-e-materiale-di-sicurezza","11":"sws-gruppo-abb-libero-de","12":"sws-categoria-sito-de","13":"sws-conto-ricavi-merci-rivendita-abbigliamento-de","14":"sws-gruppo-iva-iva81-de","16":"first","17":"instock","18":"shipping-taxable","19":"purchasable","20":"product-type-simple"},"_links":{"self":[{"href":"https:\/\/lucacastelli.com\/de\/wp-json\/wp\/v2\/product\/506641","targetHints":{"allow":["GET"]}}],"collection":[{"href":"https:\/\/lucacastelli.com\/de\/wp-json\/wp\/v2\/product"}],"about":[{"href":"https:\/\/lucacastelli.com\/de\/wp-json\/wp\/v2\/types\/product"}],"wp:featuredmedia":[{"embeddable":true,"href":"https:\/\/lucacastelli.com\/de\/wp-json\/wp\/v2\/media\/92707"}],"wp:attachment":[{"href":"https:\/\/lucacastelli.com\/de\/wp-json\/wp\/v2\/media?parent=506641"}],"wp:term":[{"taxonomy":"product_brand","embeddable":true,"href":"https:\/\/lucacastelli.com\/de\/wp-json\/wp\/v2\/product_brand?post=506641"},{"taxonomy":"product_cat","embeddable":true,"href":"https:\/\/lucacastelli.com\/de\/wp-json\/wp\/v2\/product_cat?post=506641"},{"taxonomy":"product_tag","embeddable":true,"href":"https:\/\/lucacastelli.com\/de\/wp-json\/wp\/v2\/product_tag?post=506641"}],"curies":[{"name":"wp","href":"https:\/\/api.w.org\/{rel}","templated":true}]}}