{"id":506639,"date":"2023-03-21T13:11:09","date_gmt":"2023-03-21T12:11:09","guid":{"rendered":"https:\/\/lucacastelli.com\/prodotto\/3m-peltor-gehoerschutz-h31\/"},"modified":"2025-08-16T23:53:24","modified_gmt":"2025-08-16T21:53:24","slug":"3m-peltor-gehoerschutz-h31","status":"publish","type":"product","link":"https:\/\/lucacastelli.com\/de\/produkt\/3m-peltor-gehoerschutz-h31\/","title":{"rendered":"3M Peltor H31 Geh\u00f6rschutzkapseln"},"content":{"rendered":"<p>Peltor Geh\u00f6rschutz mit Steckband, z.B. f\u00fcr Peltor G22d oder Schuberth Profi Plus (P3e) Helme. Steckbefestigung f\u00fcr schnelle, werkzeuglose Montage und Demontage. Bruchsicherer Federstahlb\u00fcgel, ohne dass er hervorsteht oder im Weg ist. Klappmechanismus mit Entriegelungsklemme f\u00fcr Bel\u00fcftung und Schlafposition. Viel Platz f\u00fcr das Ohr. Leicht austauschbare Dichtringe erleichtern die Reinigung. Einfache Anpassung an Helme. Kapsel in Signalfarbe mit sehr starker D\u00e4mpfung. F\u00fcr Flugh\u00e4fen, Stahlindustrie, Bergbau, etc. SNR-Wert 28 dB. Gewicht 295 g.         <\/p>\n","protected":false},"excerpt":{"rendered":"<p>Peltor Geh\u00f6rschutz mit Steckband, z.B. f\u00fcr Peltor G22d oder Schuberth Profi Plus (P3e) Helme. Steckbefestigung f\u00fcr schnelle, werkzeuglose Montage und<\/p>\n","protected":false},"featured_media":87721,"template":"","meta":{"_seopress_robots_primary_cat":"","_seopress_titles_title":"","_seopress_titles_desc":"","_seopress_robots_index":""},"product_brand":[4399],"product_cat":[33,537,815,816],"product_tag":[],"class_list":{"0":"post-506639","1":"product","2":"type-product","3":"status-publish","4":"has-post-thumbnail","6":"product_brand-peltor-3m","7":"product_cat-attrezzature","8":"product_cat-attrezzatura-da-lavoro","9":"product_cat-caschi","10":"product_cat-visiere-e-occhiali-protettivi","11":"sws-gruppo-abb-libero-de","12":"sws-categoria-sito-de","13":"sws-conto-ricavi-merci-rivendita-abbigliamento-de","14":"sws-gruppo-iva-iva81-de","16":"first","17":"instock","18":"shipping-taxable","19":"purchasable","20":"product-type-simple"},"_links":{"self":[{"href":"https:\/\/lucacastelli.com\/de\/wp-json\/wp\/v2\/product\/506639","targetHints":{"allow":["GET"]}}],"collection":[{"href":"https:\/\/lucacastelli.com\/de\/wp-json\/wp\/v2\/product"}],"about":[{"href":"https:\/\/lucacastelli.com\/de\/wp-json\/wp\/v2\/types\/product"}],"wp:featuredmedia":[{"embeddable":true,"href":"https:\/\/lucacastelli.com\/de\/wp-json\/wp\/v2\/media\/87721"}],"wp:attachment":[{"href":"https:\/\/lucacastelli.com\/de\/wp-json\/wp\/v2\/media?parent=506639"}],"wp:term":[{"taxonomy":"product_brand","embeddable":true,"href":"https:\/\/lucacastelli.com\/de\/wp-json\/wp\/v2\/product_brand?post=506639"},{"taxonomy":"product_cat","embeddable":true,"href":"https:\/\/lucacastelli.com\/de\/wp-json\/wp\/v2\/product_cat?post=506639"},{"taxonomy":"product_tag","embeddable":true,"href":"https:\/\/lucacastelli.com\/de\/wp-json\/wp\/v2\/product_tag?post=506639"}],"curies":[{"name":"wp","href":"https:\/\/api.w.org\/{rel}","templated":true}]}}