{"id":506560,"date":"2024-02-28T10:01:34","date_gmt":"2024-02-28T09:01:34","guid":{"rendered":"https:\/\/lucacastelli.com\/prodotto\/rush-2-mid-gtx-schuh\/"},"modified":"2024-02-28T10:01:34","modified_gmt":"2024-02-28T09:01:34","slug":"rush-2-mid-gtx-schuh","status":"publish","type":"product","link":"https:\/\/lucacastelli.com\/de\/produkt\/rush-2-mid-gtx-schuh\/","title":{"rendered":"Rush 2 Mid Gtx Schuh"},"content":{"rendered":"<p>Die Mid-Cut-Version des RUSH 2 GTX Speed-Hiking-Schuhs f\u00fcr alle, die sich den Bergen schneller n\u00e4hern, bietet eine Balance aus Agilit\u00e4t, Komfort und Halt. Komfort und D\u00e4mpfung werden durch die IKS-Technologie garantiert, die das Gewicht des K\u00f6rpers w\u00e4hrend der Aktivit\u00e4t progressiv und spezifisch unterst\u00fctzt. Das neue Anti-Torsions-System verbessert die Stabilit\u00e4t, w\u00e4hrend die Gore-Tex-Membran wasserdichten Schutz garantiert.  <\/p>\n<p>GEWICHT: 415 g &#8211; Gr\u00f6\u00dfe 42<\/p>\n<p>OBERMATERIAL<br \/>\nDer Stoff ist weich, um eine bequeme Passform zu gew\u00e4hrleisten, aber gleichzeitig sch\u00fctzend dank der integrierten 3D-Zehenkappe. Der Kn\u00f6chelkragen erh\u00f6ht die Stabilit\u00e4t beim Gehen.<br \/>\nLACING-System<br \/>\naus leichten Seilschlaufen, die den Druck gleichm\u00e4\u00dfig verteilen. Das Obermaterial l\u00e4sst sich leicht anbringen und vermeidet Druckstellen.<br \/>\nGORE-TEX Invisible Fit LINING<br \/>\nf\u00fcr einen wasserdichten Schuh ohne Kompromisse bei Passform, Flexibilit\u00e4t und Gewicht. Die leichte Konstruktion ist direkt mit dem Obermaterial verbunden und so konzipiert, dass sie unsichtbar ist und ein angenehmes Tragegef\u00fchl \u00e4hnlich einem Mesh erzeugt.<br \/>\nDer HIK-03 Grip\u00ae wurde<br \/>\nvon SCARPA mit der IKS-Technologie (Interactive Kinetic System) entwickelt und hergestellt, die sich durch 7 D\u00e4mpfungsbereiche (Domes) auszeichnet: 6 im Vorfu\u00df und 1 in der Ferse. Die 7 Domes bieten eine hervorragende D\u00e4mpfung und eine progressive Unterst\u00fctzung des K\u00f6rpergewichts. Die EVA-Zwischensohle mit zwei Zonen Dichte absorbiert St\u00f6\u00dfe.     <\/p>\n","protected":false},"excerpt":{"rendered":"<p>Die Mid-Cut-Version des RUSH 2 GTX Speed-Hiking-Schuhs f\u00fcr alle, die sich den Bergen schneller n\u00e4hern, bietet eine Balance aus Agilit\u00e4t,<\/p>\n","protected":false},"featured_media":100973,"template":"","meta":{"_seopress_robots_primary_cat":"","_seopress_titles_title":"","_seopress_titles_desc":"","_seopress_robots_index":""},"product_brand":[4717],"product_cat":[175,1419,1431],"product_tag":[],"class_list":{"0":"post-506560","1":"product","2":"type-product","3":"status-publish","4":"has-post-thumbnail","6":"product_brand-scarpa-de","7":"product_cat-schuhe","8":"product_cat-freizeitschuhe","9":"product_cat-herrenschuhe","10":"sws-gruppo-no-gruppo-de","11":"sws-categoria-sito-de","12":"sws-gruppo-iva-iva81-de","14":"first","15":"instock","16":"shipping-taxable","17":"purchasable","18":"product-type-variable"},"_links":{"self":[{"href":"https:\/\/lucacastelli.com\/de\/wp-json\/wp\/v2\/product\/506560","targetHints":{"allow":["GET"]}}],"collection":[{"href":"https:\/\/lucacastelli.com\/de\/wp-json\/wp\/v2\/product"}],"about":[{"href":"https:\/\/lucacastelli.com\/de\/wp-json\/wp\/v2\/types\/product"}],"wp:featuredmedia":[{"embeddable":true,"href":"https:\/\/lucacastelli.com\/de\/wp-json\/wp\/v2\/media\/100973"}],"wp:attachment":[{"href":"https:\/\/lucacastelli.com\/de\/wp-json\/wp\/v2\/media?parent=506560"}],"wp:term":[{"taxonomy":"product_brand","embeddable":true,"href":"https:\/\/lucacastelli.com\/de\/wp-json\/wp\/v2\/product_brand?post=506560"},{"taxonomy":"product_cat","embeddable":true,"href":"https:\/\/lucacastelli.com\/de\/wp-json\/wp\/v2\/product_cat?post=506560"},{"taxonomy":"product_tag","embeddable":true,"href":"https:\/\/lucacastelli.com\/de\/wp-json\/wp\/v2\/product_tag?post=506560"}],"curies":[{"name":"wp","href":"https:\/\/api.w.org\/{rel}","templated":true}]}}