{"id":506543,"date":"2023-02-06T12:07:50","date_gmt":"2023-02-06T11:07:50","guid":{"rendered":"https:\/\/lucacastelli.com\/prodotto\/scarpa-mojito-mid-gtx\/"},"modified":"2023-02-06T12:07:50","modified_gmt":"2023-02-06T11:07:50","slug":"scarpa-mojito-mid-gtx","status":"publish","type":"product","link":"https:\/\/lucacastelli.com\/de\/produkt\/scarpa-mojito-mid-gtx\/","title":{"rendered":"SCARPA Mojito Mid GTX"},"content":{"rendered":"<p>Freizeit Lifestyle, Sport, Reisen, Regenmantel<\/p>\n<p>Neben dem Mid-Cut dieses ikonischen Mojito wurde ein Futter mit GORE-TEX-Membran hinzugef\u00fcgt, das auch an regnerischen Tagen Wasserdichtigkeit garantiert, und eine einfarbige Sohle. Hergestellt aus Kalbsveloursleder, mit weichem und schreibbarem Griff, eignet es sich f\u00fcr alle urbanen Routen, die Sie nehmen m\u00f6chten. <\/p>\n<p>FUNKTIONEN<\/p>\n<p>OBERMATERIAL<br \/>\nHergestellt aus wasserabweisendem Wildleder mit sch\u00fctzender Zehenschutzkappe aus Gummi.<\/p>\n<p>SCHN\u00dcRUNG<br \/>\nVerl\u00e4ngerte Schn\u00fcrung, die bis zur Spitze der Kletterableitung verl\u00e4ngert wird, f\u00fcr maximale Personalisierung und Passformkomfort, gehalten durch L\u00f6cher und \u00d6sen.<\/p>\n<p>GORE-TEX<br \/>\nLINING Extended Comfort f\u00fcr maximale Wasserdichtigkeit und Atmungsaktivit\u00e4t.<\/p>\n<p>Spyder SOLE mit EVA-Zwischensohle<br \/>\nf\u00fcr maximalen Komfort und Sto\u00dfd\u00e4mpfung, Profil mit Vibram-Gummi-Seitenprotektoren\u00ae.<\/p>\n","protected":false},"excerpt":{"rendered":"<p>Freizeit Lifestyle, Sport, Reisen, Regenmantel Neben dem Mid-Cut dieses ikonischen Mojito wurde ein Futter mit GORE-TEX-Membran hinzugef\u00fcgt, das auch an<\/p>\n","protected":false},"featured_media":85873,"template":"","meta":{"_seopress_robots_primary_cat":"","_seopress_titles_title":"","_seopress_titles_desc":"","_seopress_robots_index":""},"product_brand":[4382],"product_cat":[28,568,569],"product_tag":[],"class_list":{"0":"post-506543","1":"product","2":"type-product","3":"status-publish","4":"has-post-thumbnail","6":"product_brand-scarpa","7":"product_cat-calzature","8":"product_cat-calzature-per-il-tempo-libero","9":"product_cat-calzature-da-uomo","11":"first","12":"instock","13":"shipping-taxable","14":"purchasable","15":"product-type-variable"},"_links":{"self":[{"href":"https:\/\/lucacastelli.com\/de\/wp-json\/wp\/v2\/product\/506543","targetHints":{"allow":["GET"]}}],"collection":[{"href":"https:\/\/lucacastelli.com\/de\/wp-json\/wp\/v2\/product"}],"about":[{"href":"https:\/\/lucacastelli.com\/de\/wp-json\/wp\/v2\/types\/product"}],"wp:featuredmedia":[{"embeddable":true,"href":"https:\/\/lucacastelli.com\/de\/wp-json\/wp\/v2\/media\/85873"}],"wp:attachment":[{"href":"https:\/\/lucacastelli.com\/de\/wp-json\/wp\/v2\/media?parent=506543"}],"wp:term":[{"taxonomy":"product_brand","embeddable":true,"href":"https:\/\/lucacastelli.com\/de\/wp-json\/wp\/v2\/product_brand?post=506543"},{"taxonomy":"product_cat","embeddable":true,"href":"https:\/\/lucacastelli.com\/de\/wp-json\/wp\/v2\/product_cat?post=506543"},{"taxonomy":"product_tag","embeddable":true,"href":"https:\/\/lucacastelli.com\/de\/wp-json\/wp\/v2\/product_tag?post=506543"}],"curies":[{"name":"wp","href":"https:\/\/api.w.org\/{rel}","templated":true}]}}