{"id":506526,"date":"2023-05-22T09:06:17","date_gmt":"2023-05-22T07:06:17","guid":{"rendered":"https:\/\/lucacastelli.com\/prodotto\/scarpa-spin-ultra-damen\/"},"modified":"2026-04-14T03:31:50","modified_gmt":"2026-04-14T01:31:50","slug":"scarpa-spin-ultra-damen","status":"publish","type":"product","link":"https:\/\/lucacastelli.com\/de\/produkt\/scarpa-spin-ultra-damen\/","title":{"rendered":"SCARPA Spin Ultra Woman"},"content":{"rendered":"<p>Trail Running f\u00fcr lange Distanzen<\/p>\n<p>Spin Ultra ist ein Trail-Running-Modell, das sowohl f\u00fcr Top-L\u00e4uferinnen als auch f\u00fcr begeisterte Sportlerinnen entwickelt wurde. Leistungsstarker, agiler und reaktionsfreudiger Schuh mit der richtigen D\u00e4mpfung und Schutz f\u00fcr lange Distanzen und ausgedehnte Trainingseinheiten. Hervorragende Passform, pr\u00e4zise Schn\u00fcrung, au\u00dfergew\u00f6hnliche Reaktionsf\u00e4higkeit kombiniert mit hoher D\u00e4mpfung.   <\/p>\n<p>EIGENSCHAFTEN<br \/>\nOBERMATERIAL<\/p>\n<p>Aus Mesh, mit \u00e4u\u00dferem K\u00e4fig aus w\u00e4rmeverschwei\u00dftem TPU-Film zur St\u00fctzung, SCARPA-Design. Inneres EXO aus Mikrofaser zur Stabilisierung. Das Obermaterial verf\u00fcgt \u00fcber eine sto\u00dfsch\u00fctzende Zehenkappe aus 3D-gedrucktem TPU. Zunge aus leichtem und atmungsaktivem Gewebe mit Tasche f\u00fcr die Schn\u00fcrsenkel HLP. Das Obermaterial umschlie\u00dft wie eine Socke dank des Konstruktionssystems Sock-Fit LW by SCARPA, das Druckstellen vermeidet und maximalen Komfort sowie pr\u00e4zise Passform garantiert.    <\/p>\n<p>SCHN\u00dcRUNG<br \/>\nIn die Struktur des Obermaterials integrierte Schn\u00fcrung. Umschlie\u00dft den Fu\u00df ohne Einengung.<br \/>\nHLP-HIDDEN LACE POCKET<br \/>\nTasche f\u00fcr die Schn\u00fcrsenkel. <\/p>\n<p>SOHLE<br \/>\nVELOX LB MAX<br \/>\n&#8211; Vorfu\u00dfeinsatz aus EVA mit niedriger Dichte und differenzierter St\u00e4rke f\u00fcr mehr D\u00e4mpfung.<br \/>\n&#8211; Vorfu\u00dfeinsatz aus ESS mit Design f\u00fcr maximalen Vortrieb und Sto\u00dfd\u00e4mpfung.<br \/>\n&#8211; Zwischensohle aus EVA mit mittlerer Dichte f\u00fcr Halt und D\u00e4mpfung.<br \/>\n&#8211; VIBRAM\u00ae-Laufsohle mit exklusivem SCARPA-Design in MEGAGRIP-Mischung f\u00fcr optimalen Grip und Anpassungsf\u00e4higkeit auf jedem Gel\u00e4nde.<\/p>\n","protected":false},"excerpt":{"rendered":"<p>Trail Running f\u00fcr lange Distanzen Spin Ultra ist ein Trail-Running-Modell, das sowohl f\u00fcr Top-L\u00e4uferinnen als auch f\u00fcr begeisterte Sportlerinnen entwickelt<\/p>\n","protected":false},"featured_media":91023,"template":"","meta":{"_seopress_robots_primary_cat":"none","_seopress_titles_title":"","_seopress_titles_desc":"","_seopress_robots_index":""},"product_brand":[4717],"product_cat":[1430,1419,175],"product_tag":[],"class_list":{"0":"post-506526","1":"product","2":"type-product","3":"status-publish","4":"has-post-thumbnail","6":"product_brand-scarpa-de","7":"product_cat-damen-schuhe","8":"product_cat-freizeitschuhe","9":"product_cat-schuhe","11":"first","12":"instock","13":"shipping-taxable","14":"purchasable","15":"product-type-variable","16":"has-default-attributes"},"_links":{"self":[{"href":"https:\/\/lucacastelli.com\/de\/wp-json\/wp\/v2\/product\/506526","targetHints":{"allow":["GET"]}}],"collection":[{"href":"https:\/\/lucacastelli.com\/de\/wp-json\/wp\/v2\/product"}],"about":[{"href":"https:\/\/lucacastelli.com\/de\/wp-json\/wp\/v2\/types\/product"}],"wp:featuredmedia":[{"embeddable":true,"href":"https:\/\/lucacastelli.com\/de\/wp-json\/wp\/v2\/media\/91023"}],"wp:attachment":[{"href":"https:\/\/lucacastelli.com\/de\/wp-json\/wp\/v2\/media?parent=506526"}],"wp:term":[{"taxonomy":"product_brand","embeddable":true,"href":"https:\/\/lucacastelli.com\/de\/wp-json\/wp\/v2\/product_brand?post=506526"},{"taxonomy":"product_cat","embeddable":true,"href":"https:\/\/lucacastelli.com\/de\/wp-json\/wp\/v2\/product_cat?post=506526"},{"taxonomy":"product_tag","embeddable":true,"href":"https:\/\/lucacastelli.com\/de\/wp-json\/wp\/v2\/product_tag?post=506526"}],"curies":[{"name":"wp","href":"https:\/\/api.w.org\/{rel}","templated":true}]}}