{"id":506514,"date":"2023-01-23T13:21:50","date_gmt":"2023-01-23T12:21:50","guid":{"rendered":"https:\/\/lucacastelli.com\/prodotto\/scarpa-golden-gate-atr-kid-gtx\/"},"modified":"2026-04-14T03:29:13","modified_gmt":"2026-04-14T01:29:13","slug":"scarpa-golden-gate-atr-kid-gtx","status":"publish","type":"product","link":"https:\/\/lucacastelli.com\/de\/produkt\/scarpa-golden-gate-atr-kid-gtx\/","title":{"rendered":"SCARPA Golden Gate Atr Kid GTX"},"content":{"rendered":"<p>GOLDEN GATE ATR GTX ist der Schuh f\u00fcr gemischtes Offroad-Gel\u00e4nde, einschlie\u00dflich asphaltierter Abschnitte, auf mittleren und langen Distanzen \u2013 jetzt ist derselbe Schuh auch f\u00fcr unsere Kinder erh\u00e4ltlich!<\/p>\n<p>Die Gore-Tex-Membran sorgt f\u00fcr Wasserdichtigkeit und die Sohle f\u00fcr optimalen Grip auf jedem Untergrund!<\/p>\n","protected":false},"excerpt":{"rendered":"<p>GOLDEN GATE ATR GTX ist der Schuh f\u00fcr gemischtes Offroad-Gel\u00e4nde, einschlie\u00dflich asphaltierter Abschnitte, auf mittleren und langen Distanzen \u2013 jetzt<\/p>\n","protected":false},"featured_media":85542,"template":"","meta":{"_seopress_robots_primary_cat":"none","_seopress_titles_title":"","_seopress_titles_desc":"","_seopress_robots_index":""},"product_brand":[4717],"product_cat":[175,1419,1425],"product_tag":[],"class_list":{"0":"post-506514","1":"product","2":"type-product","3":"status-publish","4":"has-post-thumbnail","6":"product_brand-scarpa-de","7":"product_cat-schuhe","8":"product_cat-freizeitschuhe","9":"product_cat-kinderschuhe","11":"first","12":"instock","13":"shipping-taxable","14":"purchasable","15":"product-type-variable"},"_links":{"self":[{"href":"https:\/\/lucacastelli.com\/de\/wp-json\/wp\/v2\/product\/506514","targetHints":{"allow":["GET"]}}],"collection":[{"href":"https:\/\/lucacastelli.com\/de\/wp-json\/wp\/v2\/product"}],"about":[{"href":"https:\/\/lucacastelli.com\/de\/wp-json\/wp\/v2\/types\/product"}],"wp:featuredmedia":[{"embeddable":true,"href":"https:\/\/lucacastelli.com\/de\/wp-json\/wp\/v2\/media\/85542"}],"wp:attachment":[{"href":"https:\/\/lucacastelli.com\/de\/wp-json\/wp\/v2\/media?parent=506514"}],"wp:term":[{"taxonomy":"product_brand","embeddable":true,"href":"https:\/\/lucacastelli.com\/de\/wp-json\/wp\/v2\/product_brand?post=506514"},{"taxonomy":"product_cat","embeddable":true,"href":"https:\/\/lucacastelli.com\/de\/wp-json\/wp\/v2\/product_cat?post=506514"},{"taxonomy":"product_tag","embeddable":true,"href":"https:\/\/lucacastelli.com\/de\/wp-json\/wp\/v2\/product_tag?post=506514"}],"curies":[{"name":"wp","href":"https:\/\/api.w.org\/{rel}","templated":true}]}}