{"id":506464,"date":"2022-09-13T11:21:16","date_gmt":"2022-09-13T09:21:16","guid":{"rendered":"https:\/\/lucacastelli.com\/prodotto\/scarpa-mescalito-mid-gtx-damen\/"},"modified":"2026-04-14T03:32:24","modified_gmt":"2026-04-14T01:32:24","slug":"scarpa-mescalito-mid-gtx-damen","status":"publish","type":"product","link":"https:\/\/lucacastelli.com\/de\/produkt\/scarpa-mescalito-mid-gtx-damen\/","title":{"rendered":"SCARPA Mescalito Mid GTX Woman"},"content":{"rendered":"<p>Technischer Zustieg, Wanderungen in nassem Gel\u00e4nde<\/p>\n<p>Technischer Zustiegsschuh, ideal f\u00fcr klassische Zustiege im Gebirge oder nasse Pfade. Strapazierf\u00e4higes und vielseitiges Schuhwerk, halbhoher Schnitt zum Schutz des Kn\u00f6chels bei gleichzeitiger Bewegungsfreiheit. <\/p>\n<p>FEATURES<\/p>\n<p>OBERMATERIAL<br \/>\nWasserabweisendes Obermaterial aus Wildleder mit Zunge und Schaftabschluss aus Stretchgewebe f\u00fcr mehr Komfort. Leichte Zehenkappe aus PU Tech und asymmetrische Spitze mit breitem Gummischutz. <\/p>\n<p>SCHN\u00dcRUNG<br \/>\nWeit nach vorne gezogene Schn\u00fcrung aus der Kletterwelt f\u00fcr maximale individuelle Anpassung und eine bequeme Passform.<\/p>\n<p>FUTTER<br \/>\nGORE-TEX Extended Comfort Membran f\u00fcr maximale Atmungsaktivit\u00e4t und Wasserdichtigkeit.<\/p>\n<p>SOHLE<br \/>\nDual-Density-EVA-Zwischensohle mit ergonomischem, verwindungssteifem TPU-Einsatz f\u00fcr Stabilit\u00e4t.<\/p>\n<p>SOHLE<br \/>\nDynamis LB Sohle mit Vibram\u00ae Lite Base Technologie und griffiger Vibram\u00ae Megagrip Gummimischung.<\/p>\n<p>MEMBRAN<br \/>\nGORE-TEX Extended Comfort Membran f\u00fcr erh\u00f6hte Wasserdichtigkeit.<\/p>\n","protected":false},"excerpt":{"rendered":"<p>Technischer Zustieg, Wanderungen in nassem Gel\u00e4nde Technischer Zustiegsschuh, ideal f\u00fcr klassische Zustiege im Gebirge oder nasse Pfade. Strapazierf\u00e4higes und vielseitiges<\/p>\n","protected":false},"featured_media":81450,"template":"","meta":{"_seopress_robots_primary_cat":"","_seopress_titles_title":"","_seopress_titles_desc":"","_seopress_robots_index":""},"product_brand":[4717],"product_cat":[1430,1419,175],"product_tag":[],"class_list":{"0":"post-506464","1":"product","2":"type-product","3":"status-publish","4":"has-post-thumbnail","6":"product_brand-scarpa-de","7":"product_cat-damen-schuhe","8":"product_cat-freizeitschuhe","9":"product_cat-schuhe","11":"first","12":"instock","13":"shipping-taxable","14":"purchasable","15":"product-type-variable"},"_links":{"self":[{"href":"https:\/\/lucacastelli.com\/de\/wp-json\/wp\/v2\/product\/506464","targetHints":{"allow":["GET"]}}],"collection":[{"href":"https:\/\/lucacastelli.com\/de\/wp-json\/wp\/v2\/product"}],"about":[{"href":"https:\/\/lucacastelli.com\/de\/wp-json\/wp\/v2\/types\/product"}],"wp:featuredmedia":[{"embeddable":true,"href":"https:\/\/lucacastelli.com\/de\/wp-json\/wp\/v2\/media\/81450"}],"wp:attachment":[{"href":"https:\/\/lucacastelli.com\/de\/wp-json\/wp\/v2\/media?parent=506464"}],"wp:term":[{"taxonomy":"product_brand","embeddable":true,"href":"https:\/\/lucacastelli.com\/de\/wp-json\/wp\/v2\/product_brand?post=506464"},{"taxonomy":"product_cat","embeddable":true,"href":"https:\/\/lucacastelli.com\/de\/wp-json\/wp\/v2\/product_cat?post=506464"},{"taxonomy":"product_tag","embeddable":true,"href":"https:\/\/lucacastelli.com\/de\/wp-json\/wp\/v2\/product_tag?post=506464"}],"curies":[{"name":"wp","href":"https:\/\/api.w.org\/{rel}","templated":true}]}}