{"id":506463,"date":"2022-08-03T10:18:14","date_gmt":"2022-08-03T08:18:14","guid":{"rendered":"https:\/\/lucacastelli.com\/prodotto\/scarpa-rush-mid-kid-gtx\/"},"modified":"2026-04-14T03:32:40","modified_gmt":"2026-04-14T01:32:40","slug":"scarpa-rush-mid-kid-gtx","status":"publish","type":"product","link":"https:\/\/lucacastelli.com\/de\/produkt\/scarpa-rush-mid-kid-gtx\/","title":{"rendered":"SCARPA Rush Mid Kid GTX"},"content":{"rendered":"<p>Ein sehr leichter Mid-Cut-Outdoor-Trekkingschuh f\u00fcr Kinder aus technischem und strapazierf\u00e4higem Gewebe. F\u00fcr alle Bedingungen geeignet; mit rutschfester Gummisohle f\u00fcr alle Gel\u00e4ndearten. <\/p>\n<p>OBERMATERIAL<br \/>\nAus Mesh, mit \u00e4usserem St\u00fctzk\u00e4fig aus thermoverschweisstem Film, by SCARPA. Das Obermaterial verf\u00fcgt \u00fcber eine innenliegende Zehenkappe zum Schutz vor St\u00f6ssen. Autofit 3D-Kragen zum Umschliessen des Kn\u00f6chels und Unterst\u00fctzen der Bewegung.  <\/p>\n<p>SCHN\u00dcRUNG<br \/>\nVerbunden mit einem Bandensystem, das den Druck gleichm\u00e4ssig verteilt und die Anpassung der Volumina erm\u00f6glicht, wodurch das Obermaterial den Fuss besser umschliesst.<\/p>\n<p>FUTTER<br \/>\nGORE-TEX Extended Comfort f\u00fcr maximale Wasserdichtigkeit und Atmungsaktivit\u00e4t.<\/p>\n<p>SOHLE<br \/>\nPRESA\u00ae KID-01 Entwickelt und hergestellt mit IKS-Technologie (Interactive Kinetik System), die die Prinzipien von Komfort und D\u00e4mpfung neu definiert.<\/p>\n","protected":false},"excerpt":{"rendered":"<p>Ein sehr leichter Mid-Cut-Outdoor-Trekkingschuh f\u00fcr Kinder aus technischem und strapazierf\u00e4higem Gewebe. F\u00fcr alle Bedingungen geeignet; mit rutschfester Gummisohle f\u00fcr alle<\/p>\n","protected":false},"featured_media":78986,"template":"","meta":{"_seopress_robots_primary_cat":"none","_seopress_titles_title":"","_seopress_titles_desc":"","_seopress_robots_index":""},"product_brand":[4382],"product_cat":[28,568,644],"product_tag":[],"class_list":{"0":"post-506463","1":"product","2":"type-product","3":"status-publish","4":"has-post-thumbnail","6":"product_brand-scarpa","7":"product_cat-calzature","8":"product_cat-calzature-per-il-tempo-libero","9":"product_cat-calzature-da-bambino","11":"first","12":"instock","13":"shipping-taxable","14":"purchasable","15":"product-type-variable"},"_links":{"self":[{"href":"https:\/\/lucacastelli.com\/de\/wp-json\/wp\/v2\/product\/506463","targetHints":{"allow":["GET"]}}],"collection":[{"href":"https:\/\/lucacastelli.com\/de\/wp-json\/wp\/v2\/product"}],"about":[{"href":"https:\/\/lucacastelli.com\/de\/wp-json\/wp\/v2\/types\/product"}],"wp:featuredmedia":[{"embeddable":true,"href":"https:\/\/lucacastelli.com\/de\/wp-json\/wp\/v2\/media\/78986"}],"wp:attachment":[{"href":"https:\/\/lucacastelli.com\/de\/wp-json\/wp\/v2\/media?parent=506463"}],"wp:term":[{"taxonomy":"product_brand","embeddable":true,"href":"https:\/\/lucacastelli.com\/de\/wp-json\/wp\/v2\/product_brand?post=506463"},{"taxonomy":"product_cat","embeddable":true,"href":"https:\/\/lucacastelli.com\/de\/wp-json\/wp\/v2\/product_cat?post=506463"},{"taxonomy":"product_tag","embeddable":true,"href":"https:\/\/lucacastelli.com\/de\/wp-json\/wp\/v2\/product_tag?post=506463"}],"curies":[{"name":"wp","href":"https:\/\/api.w.org\/{rel}","templated":true}]}}