{"id":506087,"date":"2024-03-04T09:50:19","date_gmt":"2024-03-04T08:50:19","guid":{"rendered":"https:\/\/lucacastelli.com\/prodotto\/sip-protection-w-air-arbeitsjacke\/"},"modified":"2024-03-04T09:50:19","modified_gmt":"2024-03-04T08:50:19","slug":"sip-protection-w-air-arbeitsjacke","status":"publish","type":"product","link":"https:\/\/lucacastelli.com\/de\/produkt\/sip-protection-w-air-arbeitsjacke\/","title":{"rendered":"SIP PROTECTION W-AIR Arbeitsjacke"},"content":{"rendered":"<p>Leicht, hoch bel\u00fcftet und sehr robust, wurde diese Arbeitsjacke mit der gleichen Mentalit\u00e4t entwickelt wie die W-AIR-Hosen der Innovations-Reihe. Dank der Kombination aus Pezatec HV Hi-Vis-Gelb und Pezatec Rot (Cordura\u00ae) Gewebe werden Sie auf jeden Fall sichtbar sein, was die Sicherheit erheblich erh\u00f6ht. Wasserdichte Tektor-Schultern mit R\u00fcckstellung am Kragen sorgen daf\u00fcr, dass diese Jacke langlebig ist und gleichzeitig maximalen Komfort bietet!  <\/p>\n<p>Au\u00dfen<br \/>\nRei\u00dfverschluss vorne unter der Klappe<br \/>\nGerader Kragen Verl\u00e4ngerter<br \/>\nR\u00fccken, elastischer<br \/>\nBund \u00c4rmelverengung mit Klettverschluss<br \/>\n1 vertikale Tasche mit Rei\u00dfverschluss auf der Brust, 1 aufgesetzte Smartphone-Tasche mit Rei\u00dfverschluss am linken Arm, 2 Innentaschen<br \/>\nBel\u00fcftung<br \/>\nunter den Armen<br \/>\nInnenseite Sio-Cool\u00ae Light Komfortb\u00fcndchen in den \u00c4rmeln (100 % Polyester \u00b1 120 g\/m\u00b2)<br \/>\n1 aufgesetzte Erste-Hilfe-Tasche mit Rei\u00dfverschluss auf der linken Seite<\/p>\n<p>Gewebe<br \/>\nWasserdichte Tektor-Verst\u00e4rkungen (68% Polyester &#8211; 32% Polyamid mit Polyurethan-Beschichtung \u00b1345g\/m2)<br \/>\nPezatec HV-Au\u00dfengewebe (100% Polyester \u00b1185g\/m2) mit wasser- und schmutzabweisendem Hochleistungs-Teflon-Finish\u2122 Wasser- und schmutzabweisendes<br \/>\nPezatec-Hochleistungs-Au\u00dfengewebe mit Teflon-Ausr\u00fcstung\u2122 (100% hochfestes Cordura-Polyamid\u00ae \u00b1 155g\/m2)<br \/>\nWasserabweisende und schmutzabweisende Eins\u00e4tze Teflon\u2122 Pezaflex (94% Polyamid Cordura\u00ae hochfest &#8211; 6% Elasthan; \u00b1200 g\/m\u00b2)<\/p>\n","protected":false},"excerpt":{"rendered":"<p>Leicht, hoch bel\u00fcftet und sehr robust, wurde diese Arbeitsjacke mit der gleichen Mentalit\u00e4t entwickelt wie die W-AIR-Hosen der Innovations-Reihe. Dank<\/p>\n","protected":false},"featured_media":48969,"template":"","meta":{"_seopress_robots_primary_cat":"","_seopress_titles_title":"","_seopress_titles_desc":"","_seopress_robots_index":""},"product_brand":[4716,4714],"product_cat":[1382,82],"product_tag":[],"class_list":{"0":"post-506087","1":"product","2":"type-product","3":"status-publish","4":"has-post-thumbnail","6":"product_brand-sip-protection-fr","7":"product_brand-sip-protection-de","8":"product_cat-arbeitskleidung","9":"product_cat-kleidung","10":"sws-gruppo-abb-libero","11":"sws-categoria-sito","12":"sws-conto-ricavi-merci-rivendita-abbigliamento","13":"sws-gruppo-iva-iva81","15":"first","16":"instock","17":"shipping-taxable","18":"purchasable","19":"product-type-variable"},"_links":{"self":[{"href":"https:\/\/lucacastelli.com\/de\/wp-json\/wp\/v2\/product\/506087","targetHints":{"allow":["GET"]}}],"collection":[{"href":"https:\/\/lucacastelli.com\/de\/wp-json\/wp\/v2\/product"}],"about":[{"href":"https:\/\/lucacastelli.com\/de\/wp-json\/wp\/v2\/types\/product"}],"wp:featuredmedia":[{"embeddable":true,"href":"https:\/\/lucacastelli.com\/de\/wp-json\/wp\/v2\/media\/48969"}],"wp:attachment":[{"href":"https:\/\/lucacastelli.com\/de\/wp-json\/wp\/v2\/media?parent=506087"}],"wp:term":[{"taxonomy":"product_brand","embeddable":true,"href":"https:\/\/lucacastelli.com\/de\/wp-json\/wp\/v2\/product_brand?post=506087"},{"taxonomy":"product_cat","embeddable":true,"href":"https:\/\/lucacastelli.com\/de\/wp-json\/wp\/v2\/product_cat?post=506087"},{"taxonomy":"product_tag","embeddable":true,"href":"https:\/\/lucacastelli.com\/de\/wp-json\/wp\/v2\/product_tag?post=506087"}],"curies":[{"name":"wp","href":"https:\/\/api.w.org\/{rel}","templated":true}]}}