{"id":506048,"date":"2025-09-24T14:05:21","date_gmt":"2025-09-24T12:05:21","guid":{"rendered":"https:\/\/lucacastelli.com\/prodotto\/scarpa-ribelle-hd\/"},"modified":"2026-03-02T16:11:12","modified_gmt":"2026-03-02T15:11:12","slug":"scarpa-ribelle-hd","status":"publish","type":"product","link":"https:\/\/lucacastelli.com\/de\/produkt\/scarpa-ribelle-hd\/","title":{"rendered":"SCARPA Ribelle HD"},"content":{"rendered":"<p>Linie Ribelle, schnelles und leichtes Bergsteigen<\/p>\n<p>Leichter, schneller Bergschuh f\u00fcr Alpinismus, Klettersteige und anspruchsvolles Backpacking auch mit schwerer Last. Kompatibel mit halbautomatischen Steigeisen. <\/p>\n<p>FEATURES<\/p>\n<p>MONTAGESOHLE<br \/>\nPro Fiber Roll aus Polypropylen + Glasfaser, anatomisch und strukturell, mit differenzierten St\u00e4rken, leicht und mit unterschiedlicher Torsionssteifigkeit. Maximale Leistung, Stabilit\u00e4t und Komfort. <\/p>\n<p>OBERMATERIAL<br \/>\nAus wasserabweisendem Perwanger-Wildleder 2,5 mm + Eins\u00e4tze aus wasserabweisender Mikrofaser und Schaftabschluss aus elastischem Gewebe f\u00fcr mehr Komfort. Sock-Fit XT-Konstruktionssystem, das den Fu\u00df wie eine Socke umschlie\u00dft. PU-Schutzrand an der Au\u00dfenseite f\u00fcr mehr Leichtigkeit und Gummi an der Innenseite und an der Spitze f\u00fcr mehr Schutz. Die Obermaterialkonstruktion, die mit HDry\u00ae-Technologie f\u00fcr maximale Wasserdichtigkeit und Komfort laminiert ist, garantiert in Kombination mit der Sohle maximale Pr\u00e4zision, Umschlie\u00dfung, Komfort und Synergie zwischen Fu\u00df und Obermaterial.   <\/p>\n<p>SCHN\u00dcRUNG<br \/>\nNeu konzipierte &#8220;Speed Lacing&#8221; mit bi-komponentigen Kleinteilen aus leichtem Stahl und Kunststoff. Die vorgezogene Schn\u00fcrung an der Spitze ist in zwei Teile unterteilt. Der untere Teil mit Schn\u00fcrsenkelf\u00fchrungen erm\u00f6glicht ein schnelles Gleiten der Schn\u00fcrsenkel und die Regulierung des Passformvolumens in einer einzigen Bewegung. Der obere Teil hat eine Schn\u00fcrsenkelblockierung, die die Spannungszonen der Schn\u00fcrung unterteilt, und Haken f\u00fcr eine gleichm\u00e4\u00dfige und progressive Umschlie\u00dfung des Kn\u00f6chels, um eine bequeme und zwanglose Passform zu erzielen.   <\/p>\n<p>FUTTER<br \/>\nAus 37.5\u00ae-Gewebe, laminiert mit HDry\u00ae-Technologie f\u00fcr maximale Wasserdichtigkeit und Komfort.<\/p>\n<p>SOHLE<br \/>\nPrecision Tech Roll, entworfen und entwickelt von SCARPA, das Ergebnis ist eine Sohle mit geringem Volumen, pr\u00e4ziser Passform, schnell, leicht und komfortabel.<\/p>\n<p>LAUFSOHLE<br \/>\nDie Mont-Mischung von Vibram\u00ae sorgt f\u00fcr Stabilit\u00e4t und Haltbarkeit. Kompatibel mit halbautomatischen Steigeisen. <\/p>\n","protected":false},"excerpt":{"rendered":"<p>Linie Ribelle, schnelles und leichtes Bergsteigen Leichter, schneller Bergschuh f\u00fcr Alpinismus, Klettersteige und anspruchsvolles Backpacking auch mit schwerer Last. Kompatibel<\/p>\n","protected":false},"featured_media":632227,"template":"","meta":{"_seopress_robots_primary_cat":"none","_seopress_titles_title":"","_seopress_titles_desc":"","_seopress_robots_index":""},"product_brand":[4717],"product_cat":[1419,1431,175],"product_tag":[],"class_list":{"0":"post-506048","1":"product","2":"type-product","3":"status-publish","4":"has-post-thumbnail","6":"product_brand-scarpa-de","7":"product_cat-freizeitschuhe","8":"product_cat-herrenschuhe","9":"product_cat-schuhe","10":"sws-gruppo-abb-libero-de","11":"sws-conto-ricavi-merci-rivendita-abbigliamento-de","12":"sws-gruppo-iva-iva81-de","14":"first","15":"instock","16":"shipping-taxable","17":"purchasable","18":"product-type-variable","19":"has-default-attributes"},"_links":{"self":[{"href":"https:\/\/lucacastelli.com\/de\/wp-json\/wp\/v2\/product\/506048","targetHints":{"allow":["GET"]}}],"collection":[{"href":"https:\/\/lucacastelli.com\/de\/wp-json\/wp\/v2\/product"}],"about":[{"href":"https:\/\/lucacastelli.com\/de\/wp-json\/wp\/v2\/types\/product"}],"wp:featuredmedia":[{"embeddable":true,"href":"https:\/\/lucacastelli.com\/de\/wp-json\/wp\/v2\/media\/632227"}],"wp:attachment":[{"href":"https:\/\/lucacastelli.com\/de\/wp-json\/wp\/v2\/media?parent=506048"}],"wp:term":[{"taxonomy":"product_brand","embeddable":true,"href":"https:\/\/lucacastelli.com\/de\/wp-json\/wp\/v2\/product_brand?post=506048"},{"taxonomy":"product_cat","embeddable":true,"href":"https:\/\/lucacastelli.com\/de\/wp-json\/wp\/v2\/product_cat?post=506048"},{"taxonomy":"product_tag","embeddable":true,"href":"https:\/\/lucacastelli.com\/de\/wp-json\/wp\/v2\/product_tag?post=506048"}],"curies":[{"name":"wp","href":"https:\/\/api.w.org\/{rel}","templated":true}]}}