{"id":506041,"date":"2022-08-17T14:32:29","date_gmt":"2022-08-17T12:32:29","guid":{"rendered":"https:\/\/lucacastelli.com\/prodotto\/sip-protection-kletterhose-1ssh\/"},"modified":"2025-10-23T17:28:06","modified_gmt":"2025-10-23T15:28:06","slug":"sip-protection-kletterhose-1ssh","status":"publish","type":"product","link":"https:\/\/lucacastelli.com\/de\/produkt\/sip-protection-kletterhose-1ssh\/","title":{"rendered":"SIP PROTECTION Kletterhose 1SSH"},"content":{"rendered":"<p>HOCHSICHTBARE KLETTERHOSE EN ISO 20471 KLASSE 2<br \/>\nDiese Warnschutz-Kletterhose Klasse 2 EN ISO 20471 ohne Schnittschutz verf\u00fcgt \u00fcber alle Funktionen der Progress-Reihe. Vollst\u00e4ndig elastisches Texxion-Au\u00dfenmaterial mit wasser-, schmutz- und \u00f6labweisendem Teflon-Finish\u2122. Dar\u00fcber hinaus sind alle Taschen mit Rei\u00dfverschl\u00fcssen ausgestattet und die Hose ist auf Knieh\u00f6he mit Armortex-Gewebe\u00ae verst\u00e4rkt.  <\/p>\n<p>\u00c4U\u00dfERLICH<br \/>\n&#8211; Hinterer Gurt mit St\u00fctzbefestigung, hinterer Gurt mit Schaumstoff<br \/>\n&#8211; Rei\u00dfverschluss vorne &#8211; Taillenverschluss mit 2 Metallkn\u00f6pfen<br \/>\n&#8211; Elastischer Bund mit G\u00fcrtelschlaufen und Hosentr\u00e4gerbefestigung<br \/>\n&#8211; Schrumpfung des Unterschenkels dank Velcro-Lasche<br \/>\n&#8211; 1 Zollstocktasche mit Patte und verdeckten Druckkn\u00f6pfen, 1 H\u00fcfttasche mit Patte und Rei\u00dfverschluss, 1 Oberschenkeltasche mit Rei\u00dfverschluss, 1 aufgesetzte Handytasche am rechten Bein mit wasserdichtem Rei\u00dfverschluss, 2 Innentaschen mit Rei\u00dfverschluss<br \/>\n&#8211; Dreifachn\u00e4hte auf der R\u00fcckseite zum Kreuz<\/p>\n<p>INNENAUSSTATTUNG &#8211;<br \/>\n Elastische Gamasche mit integriertem Schn\u00fcrhaken aus Metall zur Befestigung an den Schn\u00fcrsenkeln<\/p>\n<p>GEWEBE &#8211;<br \/>\n Rei\u00dffest sowie wasser- und schmutzabweisend dank des Teflon-Obergewebes\u2122 TeXXion HV (89 % Polyester &#8211; 11 % Elasthan; \u00b1250 g\/m\u00b2).<br \/>\n&#8211; Armortex leichte, elastische Verst\u00e4rkungen (30,7 % Para-Aramid &#8211; 60,6 % Polyamid &#8211; 6,5 % Elasthan &#8211; 2,2 % Polyurethan \u00b1340 g\/m2)<\/p>\n","protected":false},"excerpt":{"rendered":"<p>HOCHSICHTBARE KLETTERHOSE EN ISO 20471 KLASSE 2 Diese Warnschutz-Kletterhose Klasse 2 EN ISO 20471 ohne Schnittschutz verf\u00fcgt \u00fcber alle Funktionen<\/p>\n","protected":false},"featured_media":43265,"template":"","meta":{"_seopress_robots_primary_cat":"","_seopress_titles_title":"","_seopress_titles_desc":"","_seopress_robots_index":""},"product_brand":[4714,4714],"product_cat":[1382,82],"product_tag":[],"class_list":{"0":"post-506041","1":"product","2":"type-product","3":"status-publish","4":"has-post-thumbnail","6":"product_brand-sip-protection-de","8":"product_cat-arbeitskleidung","9":"product_cat-kleidung","10":"sws-gruppo-abb-libero-de","11":"sws-conto-ricavi-merci-rivendita-abbigliamento-de","12":"sws-gruppo-iva-iva81-de","14":"first","15":"instock","16":"shipping-taxable","17":"purchasable","18":"product-type-variable"},"_links":{"self":[{"href":"https:\/\/lucacastelli.com\/de\/wp-json\/wp\/v2\/product\/506041","targetHints":{"allow":["GET"]}}],"collection":[{"href":"https:\/\/lucacastelli.com\/de\/wp-json\/wp\/v2\/product"}],"about":[{"href":"https:\/\/lucacastelli.com\/de\/wp-json\/wp\/v2\/types\/product"}],"wp:featuredmedia":[{"embeddable":true,"href":"https:\/\/lucacastelli.com\/de\/wp-json\/wp\/v2\/media\/43265"}],"wp:attachment":[{"href":"https:\/\/lucacastelli.com\/de\/wp-json\/wp\/v2\/media?parent=506041"}],"wp:term":[{"taxonomy":"product_brand","embeddable":true,"href":"https:\/\/lucacastelli.com\/de\/wp-json\/wp\/v2\/product_brand?post=506041"},{"taxonomy":"product_cat","embeddable":true,"href":"https:\/\/lucacastelli.com\/de\/wp-json\/wp\/v2\/product_cat?post=506041"},{"taxonomy":"product_tag","embeddable":true,"href":"https:\/\/lucacastelli.com\/de\/wp-json\/wp\/v2\/product_tag?post=506041"}],"curies":[{"name":"wp","href":"https:\/\/api.w.org\/{rel}","templated":true}]}}