{"id":506035,"date":"2022-06-18T16:39:20","date_gmt":"2022-06-18T14:39:20","guid":{"rendered":"https:\/\/lucacastelli.com\/prodotto\/sip-schutzhaube-w-air\/"},"modified":"2022-06-18T16:39:20","modified_gmt":"2022-06-18T14:39:20","slug":"sip-schutzhaube-w-air","status":"publish","type":"product","link":"https:\/\/lucacastelli.com\/de\/produkt\/sip-schutzhaube-w-air\/","title":{"rendered":"SIP-SCHUTZHAUBE W-AIR"},"content":{"rendered":"<p>Schnittschutzhose Klasse 1 Typ A<\/p>\n<p>Die W-AIR Canopy Cut Protection Pants wurde f\u00fcr Baumpfleger entwickelt und vereint die Hauptmerkmale der W-AIR-Linie im Innovationsprogramm, einen gro\u00dfen Bel\u00fcftungsbereich auf Basis eines Mesh-Gewebes, ihre neue Passform und die Einf\u00fchrung eines 4-Wege-Texxion-Elastiksystems f\u00fcr optimale Bewegungsfreiheit. Sie ist in verschiedenen Schrittl\u00e4ngen erh\u00e4ltlich: kurz, Standard (Schrittl\u00e4nge 82 cm) oder lang (88 cm). Dar\u00fcber hinaus sorgen weitere Features wie die Gamasche am Unterschenkel und die wasserdichten Pezaflex Aqua (Cordura\u00ae) Knieschoner daf\u00fcr, dass die Canopy W-Air Hose immer die erste Wahl f\u00fcr Baumpfleger ist. Und das alles bei einem Gewicht von nur ca. 1100g in Gr\u00f6\u00dfe M!   <\/p>\n<p>HAUPTMERKMALE-<br \/>\n Texxion 4-Wege-Stretch-Au\u00dfengewebe mit wasserabweisender und schmutzabweisender Teflonbeschichtung\u2122.<br \/>\n&#8211; Pezaflex Aqua wasserdichte Verst\u00e4rkungen an den Knien<br \/>\n&#8211; Elastische Gamasche mit Metallhaken zur Sicherung der Schn\u00fcrsenkel<br \/>\n&#8211; Mesh-Gewebe f\u00fcr erh\u00f6hte Luftzirkulation<br \/>\n&#8211; Erh\u00e4ltlich in 3 verschiedenen Schrittl\u00e4ngen: SHORT (kurz 75cm) \/ NORMAL (Standardl\u00e4nge 82cm) \/ LANG (lang 88cm)<br \/>\n&#8211; Sehr leicht: ~1100g<\/p>\n<p>AUSSEN &#8211;<br \/>\n Rei\u00dfverschluss vorne &#8211; Haken- und Druckknopfverschluss<br \/>\n an der Taille &#8211; 2<br \/>\nRei\u00dfverschlusstaschen &#8211; 1 Ges\u00e4\u00dftasche mit Rei\u00dfverschluss und Patte<br \/>\n&#8211; 1 aufgesetzte Oberschenkeltasche mit Rei\u00dfverschluss<br \/>\n&#8211; 1 aufgesetzte Handytasche am rechten Bein mit wasserdichtem<br \/>\nRei\u00dfverschluss &#8211; Elastischer Bund mit G\u00fcrtelschlaufen und Strumpfschlaufen (Ref. 5SD4)<br \/>\n &#8211; Dreifache N\u00e4hte auf der R\u00fcckseite zum Kreuzbereich<\/p>\n<p>INNENAUSSTATTUNG-<br \/>\n Nylnet-Futter f\u00fcr optimalen Komfort (100% Polyester)<br \/>\n&#8211; Feuchtigkeitsbarriere an der Unterseite, \u00fcber dem Schutzeinsatz<br \/>\n&#8211; Elastische Gamasche mit Metallhaken zur Sicherung der Schn\u00fcrsenkel<br \/>\n&#8211; 6-lagiger Schutzeinsatz auf der Vorderseite auf Basis von Dyneema-Garnen\u00ae.<\/p>\n<p>STOFF  <\/p>\n<p>Pezatec-Au\u00dfengewebe mit Teflon\u2122 behandelt (100 % Cordura\u00ae \u00b1 155 g\/m2) Pezaflex-Eins\u00e4tze mit Teflon\u2122 behandelt (94 % hochfestes Cordura-Polyamid\u00ae &#8211; 6 % Elasthan; \u00b1200 g\/m\u00b2) Rei\u00dffester sowie wasser- und schmutzabweisender dank Teflon\u2122 TeXXion HV (89 % Polyester &#8211; 11 % Elasthan; \u00b1250 g\/m\u00b2) Mesh-Obermaterial: 40 % Polyamid + 60 % recyceltes PET; \u00b1 230 g\/m2 Pezatec HV (100 % Polyester \u00b1185 g\/m2) Obermaterial mit wasserabweisendem Teflon-Finish\u2122 Pezaflex Aqua wasserdichte Beschichtung (94 % hochfestes Cordura \u00ae &#8211; 6 % Elasthan mit PU-Beschichtung; \u00b1 250 g\/m\u00b2)<\/p>\n<table class=\"product--properties-table\">\n<tbody>\n<tr class=\"product--properties-row\">\n<td class=\"product--properties-label is--bold\">Gr\u00f6\u00dfe:<\/td>\n<td class=\"product--properties-value\">XS, S, M, L, XL, XXL<\/td>\n<\/tr>\n<tr class=\"product--properties-row\">\n<td class=\"product--properties-label is--bold\">Artikeltyp:<\/td>\n<td class=\"product--properties-value\">Schnittschutzhosen<\/td>\n<\/tr>\n<tr class=\"product--properties-row\">\n<td class=\"product--properties-label is--bold\">L\u00e4nge:<\/td>\n<td class=\"product--properties-value\">Kurz, Normal, Lang<\/td>\n<\/tr>\n<\/tbody>\n<\/table>\n","protected":false},"excerpt":{"rendered":"<p>Schnittschutzhose Klasse 1 Typ A Die W-AIR Canopy Cut Protection Pants wurde f\u00fcr Baumpfleger entwickelt und vereint die Hauptmerkmale der<\/p>\n","protected":false},"featured_media":40181,"template":"","meta":{"_seopress_robots_primary_cat":"","_seopress_titles_title":"","_seopress_titles_desc":"","_seopress_robots_index":""},"product_brand":[4406],"product_cat":[21,284],"product_tag":[],"class_list":{"0":"post-506035","1":"product","2":"type-product","3":"status-publish","4":"has-post-thumbnail","6":"product_brand-sip-protection","7":"product_cat-abbigliamento","8":"product_cat-abbigliamento-da-lavoro","9":"sws-gruppo-abb-libero-de","10":"sws-conto-ricavi-merci-rivendita-abbigliamento-de","11":"sws-gruppo-iva-iva81-de","13":"first","14":"outofstock","15":"shipping-taxable","16":"product-type-variable"},"_links":{"self":[{"href":"https:\/\/lucacastelli.com\/de\/wp-json\/wp\/v2\/product\/506035","targetHints":{"allow":["GET"]}}],"collection":[{"href":"https:\/\/lucacastelli.com\/de\/wp-json\/wp\/v2\/product"}],"about":[{"href":"https:\/\/lucacastelli.com\/de\/wp-json\/wp\/v2\/types\/product"}],"wp:featuredmedia":[{"embeddable":true,"href":"https:\/\/lucacastelli.com\/de\/wp-json\/wp\/v2\/media\/40181"}],"wp:attachment":[{"href":"https:\/\/lucacastelli.com\/de\/wp-json\/wp\/v2\/media?parent=506035"}],"wp:term":[{"taxonomy":"product_brand","embeddable":true,"href":"https:\/\/lucacastelli.com\/de\/wp-json\/wp\/v2\/product_brand?post=506035"},{"taxonomy":"product_cat","embeddable":true,"href":"https:\/\/lucacastelli.com\/de\/wp-json\/wp\/v2\/product_cat?post=506035"},{"taxonomy":"product_tag","embeddable":true,"href":"https:\/\/lucacastelli.com\/de\/wp-json\/wp\/v2\/product_tag?post=506035"}],"curies":[{"name":"wp","href":"https:\/\/api.w.org\/{rel}","templated":true}]}}