{"id":505999,"date":"2023-05-20T14:44:45","date_gmt":"2023-05-20T12:44:45","guid":{"rendered":"https:\/\/lucacastelli.com\/prodotto\/stema-sichel-mulchmaeher-fuer-sfera\/"},"modified":"2025-08-05T13:48:37","modified_gmt":"2025-08-05T11:48:37","slug":"stema-sichel-mulchmaeher-fuer-sfera","status":"publish","type":"product","link":"https:\/\/lucacastelli.com\/de\/produkt\/stema-sichel-mulchmaeher-fuer-sfera\/","title":{"rendered":"STEMA Sichel-Mulchm\u00e4her f\u00fcr SFERA"},"content":{"rendered":"<p>M\u00e4her<\/p>\n","protected":false},"excerpt":{"rendered":"<p>M\u00e4her<\/p>\n","protected":false},"featured_media":55787,"template":"","meta":{"_seopress_robots_primary_cat":"","_seopress_titles_title":"","_seopress_titles_desc":"","_seopress_robots_index":""},"product_brand":[4711],"product_cat":[1454,169,1522],"product_tag":[],"class_list":{"0":"post-505999","1":"product","2":"type-product","3":"status-publish","4":"has-post-thumbnail","6":"product_brand-stema-de","7":"product_cat-andere-gerate","8":"product_cat-maschinen","9":"product_cat-mehrzweck-maschinen","11":"first","12":"onbackorder","13":"shipping-taxable","14":"purchasable","15":"product-type-variable"},"_links":{"self":[{"href":"https:\/\/lucacastelli.com\/de\/wp-json\/wp\/v2\/product\/505999","targetHints":{"allow":["GET"]}}],"collection":[{"href":"https:\/\/lucacastelli.com\/de\/wp-json\/wp\/v2\/product"}],"about":[{"href":"https:\/\/lucacastelli.com\/de\/wp-json\/wp\/v2\/types\/product"}],"wp:featuredmedia":[{"embeddable":true,"href":"https:\/\/lucacastelli.com\/de\/wp-json\/wp\/v2\/media\/55787"}],"wp:attachment":[{"href":"https:\/\/lucacastelli.com\/de\/wp-json\/wp\/v2\/media?parent=505999"}],"wp:term":[{"taxonomy":"product_brand","embeddable":true,"href":"https:\/\/lucacastelli.com\/de\/wp-json\/wp\/v2\/product_brand?post=505999"},{"taxonomy":"product_cat","embeddable":true,"href":"https:\/\/lucacastelli.com\/de\/wp-json\/wp\/v2\/product_cat?post=505999"},{"taxonomy":"product_tag","embeddable":true,"href":"https:\/\/lucacastelli.com\/de\/wp-json\/wp\/v2\/product_tag?post=505999"}],"curies":[{"name":"wp","href":"https:\/\/api.w.org\/{rel}","templated":true}]}}