{"id":505995,"date":"2023-05-20T14:30:54","date_gmt":"2023-05-20T12:30:54","guid":{"rendered":"https:\/\/lucacastelli.com\/prodotto\/stema-wildkrautbuerste-fuer-sfera\/"},"modified":"2025-08-05T13:42:34","modified_gmt":"2025-08-05T11:42:34","slug":"stema-wildkrautbuerste-fuer-sfera","status":"publish","type":"product","link":"https:\/\/lucacastelli.com\/de\/produkt\/stema-wildkrautbuerste-fuer-sfera\/","title":{"rendered":"STEMA Wildkrautb\u00fcrste f\u00fcr SFERA"},"content":{"rendered":"<p>72 cm Rotationsj\u00e4tmaschine<\/p>\n","protected":false},"excerpt":{"rendered":"<p>72 cm Rotationsj\u00e4tmaschine<\/p>\n","protected":false},"featured_media":55767,"template":"","meta":{"_seopress_robots_primary_cat":"","_seopress_titles_title":"","_seopress_titles_desc":"","_seopress_robots_index":""},"product_brand":[4711],"product_cat":[1454,169,1522],"product_tag":[],"class_list":{"0":"post-505995","1":"product","2":"type-product","3":"status-publish","4":"has-post-thumbnail","6":"product_brand-stema-de","7":"product_cat-andere-gerate","8":"product_cat-maschinen","9":"product_cat-mehrzweck-maschinen","11":"first","12":"onbackorder","13":"shipping-taxable","14":"purchasable","15":"product-type-simple"},"_links":{"self":[{"href":"https:\/\/lucacastelli.com\/de\/wp-json\/wp\/v2\/product\/505995","targetHints":{"allow":["GET"]}}],"collection":[{"href":"https:\/\/lucacastelli.com\/de\/wp-json\/wp\/v2\/product"}],"about":[{"href":"https:\/\/lucacastelli.com\/de\/wp-json\/wp\/v2\/types\/product"}],"wp:featuredmedia":[{"embeddable":true,"href":"https:\/\/lucacastelli.com\/de\/wp-json\/wp\/v2\/media\/55767"}],"wp:attachment":[{"href":"https:\/\/lucacastelli.com\/de\/wp-json\/wp\/v2\/media?parent=505995"}],"wp:term":[{"taxonomy":"product_brand","embeddable":true,"href":"https:\/\/lucacastelli.com\/de\/wp-json\/wp\/v2\/product_brand?post=505995"},{"taxonomy":"product_cat","embeddable":true,"href":"https:\/\/lucacastelli.com\/de\/wp-json\/wp\/v2\/product_cat?post=505995"},{"taxonomy":"product_tag","embeddable":true,"href":"https:\/\/lucacastelli.com\/de\/wp-json\/wp\/v2\/product_tag?post=505995"}],"curies":[{"name":"wp","href":"https:\/\/api.w.org\/{rel}","templated":true}]}}