{"id":505939,"date":"2023-05-20T13:55:13","date_gmt":"2023-05-20T11:55:13","guid":{"rendered":"https:\/\/lucacastelli.com\/prodotto\/stema-gh7-9\/"},"modified":"2025-08-05T13:42:07","modified_gmt":"2025-08-05T11:42:07","slug":"stema-gh7-9","status":"publish","type":"product","link":"https:\/\/lucacastelli.com\/de\/produkt\/stema-gh7-9\/","title":{"rendered":"STEMA GH7\/9"},"content":{"rendered":"<p>Mehrzweckmaschine mit hydrostatischem Getriebe \/ stema Monoaxe \u00e0 transmission hydrostatique<\/p>\n<p>Kleine, vielseitige und wendige Mehrzweckmaschine mit stufenloser hydrostatischer Kraft\u00fcbertragung. F\u00fcr den Einsatz<br \/>\nSchwerer Einsatz. F\u00fcr Schneer\u00e4umung, Kehren und M\u00e4hen. Die verschiedenen Anbauger\u00e4te k\u00f6nnen<br \/>\nDie verschiedenen Anbauger\u00e4te k\u00f6nnen dank der Schnellkupplung schnell gewechselt werden.   <\/p>\n<p>Kleine Mehrzweckmaschine mit hydrostatischem Antrieb. Ideal f\u00fcr den professionellen und privaten Einsatz.<br \/>\nZum Reinigen, Netzen und Tarieren. Die verschiedenen Elemente k\u00f6nnen dank der Schnellkupplung schnell ausgetauscht werden.  <\/p>\n<p>Motor \/ Moteur HONDA GX200 6 PS OHV \/ hp oder \/ oder GX270 9 PS OHV \/ hp<br \/>\nKupplung \/ separate Kupplung f\u00fcr Zapfwelle \/ s\u00e9par\u00e9 pour prise de force<br \/>\nGetriebe \/ Hydrostatisches stufenloses Getriebe \/ Hydrostatique progressive<br \/>\nBremse \/ Frein ja \/ oui<br \/>\nGeschwindigkeit \/ Vitesse d&#8217;avancement V \/ avant 0 &#8211; 8 km\/h, R \/ arri\u00e8re 0 &#8211; 3 km\/h<br \/>\nDifferenziale \/ Diff\u00e9rentiel \u00fcber Handhebel links und rechts \/ par levier \u00e0 gauche et \u00e0 droite<br \/>\nLenker \/ Mancheron in der H\u00f6he und seitlich verstellbar \/ r\u00e9glable en hauteur et lat\u00e9ralement<br \/>\nReifen \/ Pneus 16&#215;6.50-8 oder \/ ou 4.00-8<br \/>\nRaccordement rapide \/ Raccordement rapide f\u00fcr Zubeh\u00f6r \/ pour les accessoires<br \/>\nGewicht \/ Poids Grundmaschine ca. 75 kg \/ machine de base, environ. 75 kg<br \/>\nAbmessung \/ Ma\u00dfe L 112 cm, B 66\/54 cm, H 104 cm<\/p>\n","protected":false},"excerpt":{"rendered":"<p>Mehrzweckmaschine mit hydrostatischem Getriebe \/ stema Monoaxe \u00e0 transmission hydrostatique Kleine, vielseitige und wendige Mehrzweckmaschine mit stufenloser hydrostatischer Kraft\u00fcbertragung. F\u00fcr<\/p>\n","protected":false},"featured_media":55687,"template":"","meta":{"_seopress_robots_primary_cat":"","_seopress_titles_title":"","_seopress_titles_desc":"","_seopress_robots_index":""},"product_brand":[4711],"product_cat":[1454,169,1522],"product_tag":[],"class_list":{"0":"post-505939","1":"product","2":"type-product","3":"status-publish","4":"has-post-thumbnail","6":"product_brand-stema-de","7":"product_cat-andere-gerate","8":"product_cat-maschinen","9":"product_cat-mehrzweck-maschinen","11":"first","12":"onbackorder","13":"shipping-taxable","14":"purchasable","15":"product-type-variable"},"_links":{"self":[{"href":"https:\/\/lucacastelli.com\/de\/wp-json\/wp\/v2\/product\/505939","targetHints":{"allow":["GET"]}}],"collection":[{"href":"https:\/\/lucacastelli.com\/de\/wp-json\/wp\/v2\/product"}],"about":[{"href":"https:\/\/lucacastelli.com\/de\/wp-json\/wp\/v2\/types\/product"}],"wp:featuredmedia":[{"embeddable":true,"href":"https:\/\/lucacastelli.com\/de\/wp-json\/wp\/v2\/media\/55687"}],"wp:attachment":[{"href":"https:\/\/lucacastelli.com\/de\/wp-json\/wp\/v2\/media?parent=505939"}],"wp:term":[{"taxonomy":"product_brand","embeddable":true,"href":"https:\/\/lucacastelli.com\/de\/wp-json\/wp\/v2\/product_brand?post=505939"},{"taxonomy":"product_cat","embeddable":true,"href":"https:\/\/lucacastelli.com\/de\/wp-json\/wp\/v2\/product_cat?post=505939"},{"taxonomy":"product_tag","embeddable":true,"href":"https:\/\/lucacastelli.com\/de\/wp-json\/wp\/v2\/product_tag?post=505939"}],"curies":[{"name":"wp","href":"https:\/\/api.w.org\/{rel}","templated":true}]}}