{"id":505935,"date":"2023-05-20T11:01:59","date_gmt":"2023-05-20T09:01:59","guid":{"rendered":"https:\/\/lucacastelli.com\/prodotto\/stema-fc-30\/"},"modified":"2025-08-05T13:48:20","modified_gmt":"2025-08-05T11:48:20","slug":"stema-fc-30","status":"publish","type":"product","link":"https:\/\/lucacastelli.com\/de\/produkt\/stema-fc-30\/","title":{"rendered":"STEMA FC 30"},"content":{"rendered":"<p>Balkenm\u00e4her \/ Motofaucheuse<\/p>\n<p>Ein leistungsstarker und komfortabler Motorm\u00e4her mit einem 9-PS-Benzinmotor. Das Getriebe mit 4 Vorw\u00e4rts- und 3 R\u00fcckw\u00e4rtsg\u00e4ngen<br \/>\nDas Getriebe mit 4 Vorw\u00e4rts- und 3 R\u00fcckw\u00e4rtsg\u00e4ngen, sperrbarem Differential und Schnellkupplung f\u00fcr verschiedene Anbauger\u00e4te erm\u00f6glicht ein schnelles Arbeiten. Der h\u00f6henverstellbare und vibrationsd\u00e4mpfende Holm erm\u00f6glicht ein m\u00fcheloses und komfortables Arbeiten.<br \/>\nund bequem, auch auf gro\u00dfen Fl\u00e4chen. Mulch- oder Fingerbalken bis 175 cm sind erh\u00e4ltlich.<br \/>\nFingerbalken bis 175 cm, angetrieben von einem verschlei\u00dfarmen \u00d6lbadgetriebe. Dank des niedrigen<br \/>\nNiveaus und der serienm\u00e4\u00dfigen Bremsen ist die Maschine auch ein idealer und sicherer Helfer beim M\u00e4hen von H\u00e4ngen und B\u00f6schungen.<br \/>\nH\u00e4ngen und B\u00f6schungen.    <\/p>\n<p>Leistungsstarker und komfortabler Motorm\u00e4her, ausgestattet mit einem 9-PS-Essenz-Motor. Ein 4 Vorw\u00e4rts- und 3 R\u00fcckw\u00e4rtsg\u00e4nge.<br \/>\nVorw\u00e4rts- und 3 R\u00fcckw\u00e4rtsg\u00e4nge, ein sperrbares Differential und eine Schnellmontagevorrichtung.<br \/>\nf\u00fcr die verschiedenen Werkzeuge sorgen f\u00fcr einen schnellen und effizienten Betrieb. Das Mancheron ist h\u00f6henverstellbar und mit einem Vibrationsd\u00e4mpfungssystem ausgestattet.<br \/>\nDas Vibrationsd\u00e4mpfungssystem sorgt f\u00fcr ein ruhiges und angenehmes Arbeiten auch auf gro\u00dfen Fl\u00e4chen. Die Maschine<br \/>\nist wahlweise mit einem ESM-Kupplungsbalken oder einem Doigt-Balken bis zu einer Gr\u00f6\u00dfe von 175 cm ausgestattet und arbeitet mit einem \u00d6lbadgetriebe (geringer Verbrauch). Seine niedrige Bauweise und das serienm\u00e4\u00dfig integrierte Anbauger\u00e4t machen ihn zu einem sicheren und idealen<br \/>\nGer\u00e4t f\u00fcr die Bearbeitung von Hanglagen.    <\/p>\n<p>Motor \/ Motor HONDA GX270 9 HP OHV \/ hp<br \/>\nGetriebe \/ Transmission Transmission in an oil bath \/ par engrenages \u00e0 bain d&#8217;huile<br \/>\nBrake \/ Frein Lockable drum brake \/ \u00e0 tambour, blocable<br \/>\nGears \/ Vitesses 4 forwards and 3 backwards \/ 4 marches avant et 3 marches arri\u00e8re<br \/>\nSpeed \/ Vitesse d&#8217;avancement V 1,2 \/ 2,5 \/ 4,2 \/ 13,0 km\/h R 1,2 \/ 2,6 \/ 4,4 km\/h<br \/>\nClutch \/ Clutch dry multi-disc \/ multi-disc a sec.<br \/>\nDifferential \/ Diff\u00e9rentiel lockable \/ blocable<br \/>\nReifen \/ Roues 16x 6.50-8 Breite Reifen \/ pneus larges<br \/>\nLenker \/ Mancheron h\u00f6henverstellbar \/ r\u00e9glable en hauteur<br \/>\nschnelle Verkabelung \/ Raccordement rapide pour les implements \/ pour les outils<br \/>\nM\u00e4hdeck \/ Syst\u00e8me de coupe wartungsarmes Schwenkarmgetriebe im \u00d6lbad mit verstopfungsfreiem M\u00e4hbalken<br \/>\nESM 122 &#8211; 168 cm oder M\u00e4hbalken bis zu 175 cm \/ transmission \u00e0 bain d&#8217;huile, n\u00e9cessitant peu<br \/>\nentretien avec barre mulching ESM 122 &#8211; 168 cm \u00e9quip\u00e9e d&#8217;un dispositif antibourrage ou barre de coupe<br \/>\nmit einer maximalen H\u00f6he von 175 cm<br \/>\nGewicht \/ Poids mit M\u00e4hwerk ca. 125 kg \/ environ, avec la barre de coupe<br \/>\nAbmessung \/ Abmessungen L 145 cm, B 58 cm, H 70 cm<\/p>\n","protected":false},"excerpt":{"rendered":"<p>Balkenm\u00e4her \/ Motofaucheuse Ein leistungsstarker und komfortabler Motorm\u00e4her mit einem 9-PS-Benzinmotor. Das Getriebe mit 4 Vorw\u00e4rts- und 3 R\u00fcckw\u00e4rtsg\u00e4ngen Das<\/p>\n","protected":false},"featured_media":55677,"template":"","meta":{"_seopress_robots_primary_cat":"","_seopress_titles_title":"","_seopress_titles_desc":"","_seopress_robots_index":""},"product_brand":[4390],"product_cat":[29,514,544],"product_tag":[],"class_list":{"0":"post-505935","1":"product","2":"type-product","3":"status-publish","4":"has-post-thumbnail","6":"product_brand-stema","7":"product_cat-macchinari","8":"product_cat-altri-dispositivi","9":"product_cat-falciatrici","11":"first","12":"onbackorder","13":"shipping-taxable","14":"purchasable","15":"product-type-simple"},"_links":{"self":[{"href":"https:\/\/lucacastelli.com\/de\/wp-json\/wp\/v2\/product\/505935","targetHints":{"allow":["GET"]}}],"collection":[{"href":"https:\/\/lucacastelli.com\/de\/wp-json\/wp\/v2\/product"}],"about":[{"href":"https:\/\/lucacastelli.com\/de\/wp-json\/wp\/v2\/types\/product"}],"wp:featuredmedia":[{"embeddable":true,"href":"https:\/\/lucacastelli.com\/de\/wp-json\/wp\/v2\/media\/55677"}],"wp:attachment":[{"href":"https:\/\/lucacastelli.com\/de\/wp-json\/wp\/v2\/media?parent=505935"}],"wp:term":[{"taxonomy":"product_brand","embeddable":true,"href":"https:\/\/lucacastelli.com\/de\/wp-json\/wp\/v2\/product_brand?post=505935"},{"taxonomy":"product_cat","embeddable":true,"href":"https:\/\/lucacastelli.com\/de\/wp-json\/wp\/v2\/product_cat?post=505935"},{"taxonomy":"product_tag","embeddable":true,"href":"https:\/\/lucacastelli.com\/de\/wp-json\/wp\/v2\/product_tag?post=505935"}],"curies":[{"name":"wp","href":"https:\/\/api.w.org\/{rel}","templated":true}]}}