{"id":505932,"date":"2023-05-20T11:14:18","date_gmt":"2023-05-20T09:14:18","guid":{"rendered":"https:\/\/lucacastelli.com\/prodotto\/stema-fc-30m\/"},"modified":"2025-08-05T13:48:22","modified_gmt":"2025-08-05T11:48:22","slug":"stema-fc-30m","status":"publish","type":"product","link":"https:\/\/lucacastelli.com\/de\/produkt\/stema-fc-30m\/","title":{"rendered":"STEMA FC 30M"},"content":{"rendered":"<p>Balkenm\u00e4her \/ Motofaucheuse<\/p>\n<p>Der Bergm\u00e4her mit Lenkbremse und extra breitem Radstand f\u00fcr steile H\u00e4nge oder B\u00f6schungen. Dank der<br \/>\nBremsen ist die Maschine auch unter extremen Bedingungen leicht zu lenken. Das leicht zu bedienende Getriebe<br \/>\nmit 4 Vorw\u00e4rts- und 3 R\u00fcckw\u00e4rtsg\u00e4ngen erm\u00f6glicht ein schnelles Arbeiten mit den jeweiligen Anbauger\u00e4ten.<br \/>\nAnbauger\u00e4te. Dank des Schnellwechslers, der vom Lenker aus bedient werden kann, lassen sich die Anbauger\u00e4te schnell und m\u00fchelos wechseln.   <\/p>\n<p>Der Gebirgsm\u00e4her mit extra viel Leistung f\u00fcr schr\u00e4ges Gel\u00e4nde. Dank des Richtungssteuerungssystems<br \/>\nbleibt er auch unter extrem schwierigen Bedingungen leicht man\u00f6vrierbar. Die 4 Vorw\u00e4rts- und 3 R\u00fcckw\u00e4rtsg\u00e4nge<br \/>\nsorgen f\u00fcr schnelles und effizientes Arbeiten. Die vom F\u00fchrerstand aus bedienbare Schnellkupplungsvorrichtung<br \/>\nerm\u00f6glicht den einfachen Wechsel zwischen verschiedenen Anbauger\u00e4ten.   <\/p>\n<p>Motor HONDA GX340 11 PS OHV \/ hp<br \/>\nGetriebe \/ Transmission Transmission in oil bath \/ par engrenages \u00e0 bain d&#8217;huile, d\u00e9brayable<br \/>\nBrake \/ Frein Lockable drum brake \/ \u00e0 tambour, blocable<br \/>\nGears \/ Vitesses 4 forwards and 3 rears \/ 4 marches avant et 3 marches arri\u00e8re<br \/>\nSpeed \/ Vitesse d&#8217;avancement V 1,2 \/ 2,5 \/ 4,2 \/ 13,0 km\/h, R 1,2 \/ 2,6 \/ 4,4 km\/h<br \/>\nClutch \/ Clutch multi-disc dry \/ a sec.<br \/>\nDifferenziale \/ Diff\u00e9rentiel par le dispositif de frein de direction \/ par le dispositif de frein de direction<br \/>\nReifen \/ Bereifung 5.00-10 AS<br \/>\nHandholmen \/ Mancheron h\u00f6henverstellbar \/ regolabile in altezza<br \/>\nAttacco rapido \/ Raccordement rapide per gli attrezzi \/ pour les outils<br \/>\nPiatto falciante \/ Syst\u00e8me de coupe low-maintenance swing arm transmission in oil bath with anti-clogging cutter bar<br \/>\nESM 122 &#8211; 168 cm or finger cutter bar up to 190 cm \/ transmission \u00e0 bain d&#8217;huile, n\u00e9cessitant peu<br \/>\nof maintenance with anti-clogging cutter bar ESM 122 &#8211; 168 cm or finger cutter bar up to 190 cm.<br \/>\nmit einer maximalen H\u00f6he von 190 cm<br \/>\nGewicht \/ Poids mit M\u00e4hwerk ca. 150 kg \/ environ, avec la barre de coupe<br \/>\nAbmessung \/ Abmessungen L 185 cm, B 75 cm, H 100 cm<\/p>\n","protected":false},"excerpt":{"rendered":"<p>Balkenm\u00e4her \/ Motofaucheuse Der Bergm\u00e4her mit Lenkbremse und extra breitem Radstand f\u00fcr steile H\u00e4nge oder B\u00f6schungen. Dank der Bremsen ist<\/p>\n","protected":false},"featured_media":55682,"template":"","meta":{"_seopress_robots_primary_cat":"","_seopress_titles_title":"","_seopress_titles_desc":"","_seopress_robots_index":""},"product_brand":[4390],"product_cat":[29,514,544],"product_tag":[],"class_list":{"0":"post-505932","1":"product","2":"type-product","3":"status-publish","4":"has-post-thumbnail","6":"product_brand-stema","7":"product_cat-macchinari","8":"product_cat-altri-dispositivi","9":"product_cat-falciatrici","11":"first","12":"onbackorder","13":"shipping-taxable","14":"purchasable","15":"product-type-simple"},"_links":{"self":[{"href":"https:\/\/lucacastelli.com\/de\/wp-json\/wp\/v2\/product\/505932","targetHints":{"allow":["GET"]}}],"collection":[{"href":"https:\/\/lucacastelli.com\/de\/wp-json\/wp\/v2\/product"}],"about":[{"href":"https:\/\/lucacastelli.com\/de\/wp-json\/wp\/v2\/types\/product"}],"wp:featuredmedia":[{"embeddable":true,"href":"https:\/\/lucacastelli.com\/de\/wp-json\/wp\/v2\/media\/55682"}],"wp:attachment":[{"href":"https:\/\/lucacastelli.com\/de\/wp-json\/wp\/v2\/media?parent=505932"}],"wp:term":[{"taxonomy":"product_brand","embeddable":true,"href":"https:\/\/lucacastelli.com\/de\/wp-json\/wp\/v2\/product_brand?post=505932"},{"taxonomy":"product_cat","embeddable":true,"href":"https:\/\/lucacastelli.com\/de\/wp-json\/wp\/v2\/product_cat?post=505932"},{"taxonomy":"product_tag","embeddable":true,"href":"https:\/\/lucacastelli.com\/de\/wp-json\/wp\/v2\/product_tag?post=505932"}],"curies":[{"name":"wp","href":"https:\/\/api.w.org\/{rel}","templated":true}]}}