{"id":505929,"date":"2023-05-20T11:00:20","date_gmt":"2023-05-20T09:00:20","guid":{"rendered":"https:\/\/lucacastelli.com\/prodotto\/stema-fc-20\/"},"modified":"2025-08-05T13:48:22","modified_gmt":"2025-08-05T11:48:22","slug":"stema-fc-20","status":"publish","type":"product","link":"https:\/\/lucacastelli.com\/de\/produkt\/stema-fc-20\/","title":{"rendered":"STEMA FC 20"},"content":{"rendered":"<p>Balkenm\u00e4her \/ Motofaucheuse  <\/p>\n<p>Professioneller Kleinm\u00e4her f\u00fcr gro\u00dfe Fl\u00e4chen, mit einem 6-PS-Benzinmotor, der leise und leicht zu starten ist.<br \/>\nDas Getriebe mit 4 Vorw\u00e4rts- und 3 R\u00fcckw\u00e4rtsg\u00e4ngen erm\u00f6glicht ein effizientes Arbeiten mit verschiedenen Anbauger\u00e4ten.<br \/>\nAnbauger\u00e4te. Der Lenker ist gut gepolstert und h\u00f6henverstellbar. Der Schnellwechsler<br \/>\nDer vom Holm aus zu bedienende Schnellwechsler erm\u00f6glicht einen schnellen Wechsel der Anbauger\u00e4te. Die niedrige Bauweise und die eingebaute<br \/>\nGetriebebremse machen diese Maschine zu einem sicheren Helfer in steilem Gel\u00e4nde.   <\/p>\n<p>Kleiner professioneller Motorm\u00e4her f\u00fcr gro\u00dfe Fl\u00e4chen. Sein 6-PS-Benzinmotor ist leise und leicht zu<br \/>\nstarten. Das 4- und 3-Gang-Getriebe an der Vorderseite erm\u00f6glicht ein effizientes Arbeiten in verschiedenen Gel\u00e4ndearten.<br \/>\neffektiv mit verschiedenen Arbeitsger\u00e4ten. Der Mancheron ist mit einem Antivibrationssystem ausgestattet und kann in der H\u00f6he verstellt werden. Die<br \/>\nSchnellkupplungsvorrichtung, die vom Mancheron aus bedient werden kann, erleichtert den Werkzeugwechsel.<br \/>\nDank der niedrigen Bauweise und dem integrierten Freinantrieb ist die Maschine sicher und ideal f\u00fcr Arbeiten auf der Baustelle.<br \/>\nen pente.    <\/p>\n<p>Motor \/ Motor HONDA GX200 6 HP OHV \/ hp<br \/>\nGearbox \/ Transmission bathed in oil \/ par engrenages \u00e0 bain d&#8217;huile<br \/>\nBrake \/ Automatic transmission brake \/ a transmission automatic<br \/>\nGears \/ Vitesses 4 forward and 3 reverse \/ 4 marches avant et 3 marches arri\u00e8re<br \/>\nSpeed \/ Vitesse d&#8217;avancement V 1,2 \/ 2,5 \/ 4,2 \/ 13 km\/h, R 1,2 \/ 2,6 \/ 4,4 km\/h<br \/>\nKupplung \/ Mehrscheiben-Trockenkupplung \/ Multi-Disc sec.<br \/>\nDifferenziale \/ Diff\u00e9rentiel Starrachse \/ axe rigide<br \/>\nReifen \/ Breitreifen 16&#215;6,50-8 AS \/ pneus larges<br \/>\nLenker \/ Mancheron adjustable in height \/ r\u00e9glable en hauteur<br \/>\nSchnellkupplung \/ Raccordement rapide per les implements \/ pour les outils<br \/>\nM\u00e4hdeck \/ Syst\u00e8me de coupe wartungsarmes Schwenkarmgetriebe im \u00d6lbad mit verschlei\u00dffreiem Mulchbalken<br \/>\n ESM 122 cm \/ ESM 122 cm mulching bar, ausgestattet mit einer Verschlei\u00dfschutzvorrichtung mit \u00d6lbadgetriebe.<br \/>\n  von \u00d6l und erfordert kaum Eingriffe.<br \/>\nGewicht \/ Poids mit M\u00e4hwerk ca. 115 kg \/ environ avec la barre de coupe<br \/>\nAbmessung \/ Abmessungen L 145 cm, B 58 cm, H 90 cm<\/p>\n","protected":false},"excerpt":{"rendered":"<p>Balkenm\u00e4her \/ Motofaucheuse Professioneller Kleinm\u00e4her f\u00fcr gro\u00dfe Fl\u00e4chen, mit einem 6-PS-Benzinmotor, der leise und leicht zu starten ist. Das Getriebe<\/p>\n","protected":false},"featured_media":55672,"template":"","meta":{"_seopress_robots_primary_cat":"","_seopress_titles_title":"","_seopress_titles_desc":"","_seopress_robots_index":""},"product_brand":[4390],"product_cat":[29,514,544],"product_tag":[],"class_list":{"0":"post-505929","1":"product","2":"type-product","3":"status-publish","4":"has-post-thumbnail","6":"product_brand-stema","7":"product_cat-macchinari","8":"product_cat-altri-dispositivi","9":"product_cat-falciatrici","11":"first","12":"onbackorder","13":"shipping-taxable","14":"purchasable","15":"product-type-simple"},"_links":{"self":[{"href":"https:\/\/lucacastelli.com\/de\/wp-json\/wp\/v2\/product\/505929","targetHints":{"allow":["GET"]}}],"collection":[{"href":"https:\/\/lucacastelli.com\/de\/wp-json\/wp\/v2\/product"}],"about":[{"href":"https:\/\/lucacastelli.com\/de\/wp-json\/wp\/v2\/types\/product"}],"wp:featuredmedia":[{"embeddable":true,"href":"https:\/\/lucacastelli.com\/de\/wp-json\/wp\/v2\/media\/55672"}],"wp:attachment":[{"href":"https:\/\/lucacastelli.com\/de\/wp-json\/wp\/v2\/media?parent=505929"}],"wp:term":[{"taxonomy":"product_brand","embeddable":true,"href":"https:\/\/lucacastelli.com\/de\/wp-json\/wp\/v2\/product_brand?post=505929"},{"taxonomy":"product_cat","embeddable":true,"href":"https:\/\/lucacastelli.com\/de\/wp-json\/wp\/v2\/product_cat?post=505929"},{"taxonomy":"product_tag","embeddable":true,"href":"https:\/\/lucacastelli.com\/de\/wp-json\/wp\/v2\/product_tag?post=505929"}],"curies":[{"name":"wp","href":"https:\/\/api.w.org\/{rel}","templated":true}]}}