{"id":505926,"date":"2023-05-20T10:44:40","date_gmt":"2023-05-20T08:44:40","guid":{"rendered":"https:\/\/lucacastelli.com\/prodotto\/stema-fc-130\/"},"modified":"2025-08-05T13:48:21","modified_gmt":"2025-08-05T11:48:21","slug":"stema-fc-130","status":"publish","type":"product","link":"https:\/\/lucacastelli.com\/de\/produkt\/stema-fc-130\/","title":{"rendered":"STEMA FC 130"},"content":{"rendered":"<p>Balkenm\u00e4her \/ Motofaucheuse<\/p>\n<p>Ein wendiger und gut ausgestatteter Motorm\u00e4her mit einem leistungsstarken 6-PS-Motor. Der Holm ist<br \/>\nin der H\u00f6he und seitlich verstellbar. Der Schnellwechsler erm\u00f6glicht einen einfachen Wechsel der Anbauger\u00e4te.  <\/p>\n<p>Gut ausgestatteter, wendiger und leistungsstarker Motorm\u00e4her mit einem 6-PS-Motor.<br \/>\nH\u00f6he und Verz\u00f6gerung. Er ist einfach zu bedienen und mit einer Schnellkupplungsvorrichtung ausgestattet, die einen einfachen Wechsel der Anbauger\u00e4te erm\u00f6glicht.<br \/>\neinfacher Wechsel der Anbauger\u00e4te. <\/p>\n<p>Motor \/ Motor HONDA GX200 6 HP OHV \/ hp<br \/>\nGetriebe \/ gearbox with oil bath \/ par engrenages \u00e0 bain d&#8217;huile<br \/>\nBremse \/ Automatikgetriebebremse<br \/>\nG\u00e4nge \/ Vitesses 2 Vorw\u00e4rts- und 2 R\u00fcckw\u00e4rtsg\u00e4nge \/ 2 marches avant et 2 marches arri\u00e8re<br \/>\nGeschwindigkeit \/ Vitesse d&#8217;avancement 1,2 \/ 2,6 km\/h<br \/>\nKupplung \/ Embrayage Kupplung \/ conique<br \/>\nDifferenziale \/ Diff\u00e9rentiel Nein \/ Non<br \/>\nBereifung \/ R\u00e4der 4.00-8 AS<br \/>\nLenker \/ Mancheron adjustable in height and lateral \/ r\u00e9glable en hauteur et lat\u00e9ralement<br \/>\nQuick hitch \/ Raccordement rapide pour les implements \/ pour les outils<br \/>\nMowing deck \/ Syst\u00e8me de coupe low-maintenance swing arm transmission in oil bath, maintenance-free mulching bar<br \/>\n102 cm \/ mulching bar 102 cm, equipped with anti-clogging device, oil-bath transmission, maintenance-free.<br \/>\nGewicht \/ Poids mit M\u00e4hwerk ca. 105 kg \/ environ avec la barre de coupe<br \/>\nAbmessung \/ Abmessungen L 153 cm, B 55 cm, H 95 cm<\/p>\n","protected":false},"excerpt":{"rendered":"<p>Balkenm\u00e4her \/ Motofaucheuse Ein wendiger und gut ausgestatteter Motorm\u00e4her mit einem leistungsstarken 6-PS-Motor. Der Holm ist in der H\u00f6he und<\/p>\n","protected":false},"featured_media":55652,"template":"","meta":{"_seopress_robots_primary_cat":"","_seopress_titles_title":"","_seopress_titles_desc":"","_seopress_robots_index":""},"product_brand":[4390],"product_cat":[29,514,544],"product_tag":[],"class_list":{"0":"post-505926","1":"product","2":"type-product","3":"status-publish","4":"has-post-thumbnail","6":"product_brand-stema","7":"product_cat-macchinari","8":"product_cat-altri-dispositivi","9":"product_cat-falciatrici","11":"first","12":"onbackorder","13":"shipping-taxable","14":"purchasable","15":"product-type-simple"},"_links":{"self":[{"href":"https:\/\/lucacastelli.com\/de\/wp-json\/wp\/v2\/product\/505926","targetHints":{"allow":["GET"]}}],"collection":[{"href":"https:\/\/lucacastelli.com\/de\/wp-json\/wp\/v2\/product"}],"about":[{"href":"https:\/\/lucacastelli.com\/de\/wp-json\/wp\/v2\/types\/product"}],"wp:featuredmedia":[{"embeddable":true,"href":"https:\/\/lucacastelli.com\/de\/wp-json\/wp\/v2\/media\/55652"}],"wp:attachment":[{"href":"https:\/\/lucacastelli.com\/de\/wp-json\/wp\/v2\/media?parent=505926"}],"wp:term":[{"taxonomy":"product_brand","embeddable":true,"href":"https:\/\/lucacastelli.com\/de\/wp-json\/wp\/v2\/product_brand?post=505926"},{"taxonomy":"product_cat","embeddable":true,"href":"https:\/\/lucacastelli.com\/de\/wp-json\/wp\/v2\/product_cat?post=505926"},{"taxonomy":"product_tag","embeddable":true,"href":"https:\/\/lucacastelli.com\/de\/wp-json\/wp\/v2\/product_tag?post=505926"}],"curies":[{"name":"wp","href":"https:\/\/api.w.org\/{rel}","templated":true}]}}