{"id":505913,"date":"2023-05-20T10:45:08","date_gmt":"2023-05-20T08:45:08","guid":{"rendered":"https:\/\/lucacastelli.com\/prodotto\/stema-c-70\/"},"modified":"2025-08-05T13:44:22","modified_gmt":"2025-08-05T11:44:22","slug":"stema-c-70","status":"publish","type":"product","link":"https:\/\/lucacastelli.com\/de\/produkt\/stema-c-70\/","title":{"rendered":"STEMA C 70"},"content":{"rendered":"<p>Balkenm\u00e4her \/ Motofaucheuse<\/p>\n<p>Ein wendiger Profi-M\u00e4her f\u00fcr mittelgro\u00dfe Fl\u00e4chen. Der niedrige Aufbau und die Getriebebremse erm\u00f6glichen ein sicheres Arbeiten auch an H\u00e4ngen.<br \/>\nsicheres Arbeiten auch an H\u00e4ngen. Die verschiedenen Anbauger\u00e4te k\u00f6nnen dank der Schnellkupplung problemlos gewechselt werden.  <\/p>\n<p>Professioneller und wendiger Motorm\u00e4her f\u00fcr mittlere Fl\u00e4chen. Dank der niedrigen Bauweise und des<br \/>\nGetriebesystems ist die Maschine sicher und ideal f\u00fcr Arbeiten am Hang. Die Schnellkupplung<br \/>\nerm\u00f6glicht einen einfachen Wechsel zwischen verschiedenen Anbauger\u00e4ten.  <\/p>\n<p>Motor \/ Motor HONDA GX200 6 HP OHV \/ hp<br \/>\nGetriebe \/ gearbox with oil bath \/ par engrenages \u00e0 bain d&#8217;huile<br \/>\nBremse \/ Automatikgetriebebremse<br \/>\nG\u00e4nge \/ Vitesses 2 Vorw\u00e4rts- und 2 R\u00fcckw\u00e4rtsg\u00e4nge \/ 2 marches avant et 2 marches arri\u00e8re<br \/>\nGeschwindigkeit \/ Vitesse d&#8217;avancement 2,4 \/ 4,5 km\/h<br \/>\nKupplung \/ Mehrscheiben-Trockenkupplung \/ mulitdisque \u00e0 sec<br \/>\nDifferenziale \/ Diff\u00e9rentiel Nein \/ Non<br \/>\nReifen \/ Reifen 4.00-8 AS oder 16&#215;6.50-8 \/ pneus larges<br \/>\nHandholmen \/ Mancheron h\u00f6henverstellbar \/ adjustable in height<br \/>\nQuick-attachment \/ Raccordement rapide per gli attrezzi \/ pour les outils<br \/>\nMowing deck \/ Syst\u00e8me de coupe Low-maintenance swing arm transmission in oil bath, verstopfungsfreies M\u00e4hwerk<br \/>\n117 cm oder kosteng\u00fcnstiges Getriebe mit 117 cm M\u00e4hwerk \/ transmission \u00e0 bain d&#8217;huile n\u00e9cessitant<br \/>\nwartungsarmes, mit Verstopfungsschutz ausgestattetes 117 cm M\u00e4hwerk oder kosteng\u00fcnstiges Getriebe mit 117 cm M\u00e4hwerk oder Getriebe im \u00d6lbad<br \/>\nmit dem 117 cm langen Mulchbalken (Leerlaufgetriebe).<br \/>\nGewicht \/ Poids mit M\u00e4hwerk ca. 110 kg \/ environ, avec la barre de coupe<br \/>\nAbmessungen L 155 cm, B 55 cm, H 92 cm<\/p>\n","protected":false},"excerpt":{"rendered":"<p>Balkenm\u00e4her \/ Motofaucheuse Ein wendiger Profi-M\u00e4her f\u00fcr mittelgro\u00dfe Fl\u00e4chen. Der niedrige Aufbau und die Getriebebremse erm\u00f6glichen ein sicheres Arbeiten auch<\/p>\n","protected":false},"featured_media":55657,"template":"","meta":{"_seopress_robots_primary_cat":"","_seopress_titles_title":"","_seopress_titles_desc":"","_seopress_robots_index":""},"product_brand":[4711],"product_cat":[1454,1500,169],"product_tag":[],"class_list":{"0":"post-505913","1":"product","2":"type-product","3":"status-publish","4":"has-post-thumbnail","6":"product_brand-stema-de","7":"product_cat-andere-gerate","8":"product_cat-mahmaschinen","9":"product_cat-maschinen","11":"first","12":"onbackorder","13":"shipping-taxable","14":"purchasable","15":"product-type-variable"},"_links":{"self":[{"href":"https:\/\/lucacastelli.com\/de\/wp-json\/wp\/v2\/product\/505913","targetHints":{"allow":["GET"]}}],"collection":[{"href":"https:\/\/lucacastelli.com\/de\/wp-json\/wp\/v2\/product"}],"about":[{"href":"https:\/\/lucacastelli.com\/de\/wp-json\/wp\/v2\/types\/product"}],"wp:featuredmedia":[{"embeddable":true,"href":"https:\/\/lucacastelli.com\/de\/wp-json\/wp\/v2\/media\/55657"}],"wp:attachment":[{"href":"https:\/\/lucacastelli.com\/de\/wp-json\/wp\/v2\/media?parent=505913"}],"wp:term":[{"taxonomy":"product_brand","embeddable":true,"href":"https:\/\/lucacastelli.com\/de\/wp-json\/wp\/v2\/product_brand?post=505913"},{"taxonomy":"product_cat","embeddable":true,"href":"https:\/\/lucacastelli.com\/de\/wp-json\/wp\/v2\/product_cat?post=505913"},{"taxonomy":"product_tag","embeddable":true,"href":"https:\/\/lucacastelli.com\/de\/wp-json\/wp\/v2\/product_tag?post=505913"}],"curies":[{"name":"wp","href":"https:\/\/api.w.org\/{rel}","templated":true}]}}