{"id":505910,"date":"2023-05-20T10:29:47","date_gmt":"2023-05-20T08:29:47","guid":{"rendered":"https:\/\/lucacastelli.com\/prodotto\/zeitsystem\/"},"modified":"2025-08-05T13:42:11","modified_gmt":"2025-08-05T11:42:11","slug":"zeitsystem","status":"publish","type":"product","link":"https:\/\/lucacastelli.com\/de\/produkt\/zeitsystem\/","title":{"rendered":"STEMPELZEIT"},"content":{"rendered":"<p>Balkenm\u00e4her \/ Motofaucheuse  <\/p>\n<p>Kompakte und wendige Mehrzweckmaschine zum Rasenm\u00e4hen, Aufsammeln von Schmutz oder Schneer\u00e4umen.<br \/>\nDas 2-Gang-Getriebe im \u00d6lbad macht diese Maschine zu einem wendigen Helfer f\u00fcr eine Vielzahl von Aufgaben.<br \/>\narbeiten. Die gute Vibrationsd\u00e4mpfung am Lenker erm\u00f6glicht ein erm\u00fcdungsfreies M\u00e4hen. Der Schnellwechsler<br \/>\nerm\u00f6glicht einen schnellen Wechsel der Anbauger\u00e4te.  <\/p>\n<p>Kompakter und wendiger Motorm\u00e4her mit mehreren Funktionen: Rasenm\u00e4hen, Auswuchten, Aufsammeln von R\u00fcckst\u00e4nden oder Abr\u00e4umen.<br \/>\noder d\u00e9neige. Die \u00dcbertragung von zwei Vitesse durch engrenages \u00e0 bain d&#8217;huile macht ihn zu einem praktischen Werkzeug f\u00fcr alle Gartenbauarbeiten.<br \/>\nGartenbauarbeiten. Il bon amortissement des vibrations au mancheron facile. Il dispositivo di fissaggio rapido<br \/>\nrapido consente di cambiarsi facilmente gli attrezzi.   <\/p>\n<p>Motor HONDA GX160, 5 PS OHV \/ hp<br \/>\nGetriebe \/ Transmission Gearbox in oil bath, disengageable \/ par engrenages \u00e0 bain d&#8217;huile, d\u00e9brayable<br \/>\nBremse \/ Freins automatic transmission brake \/ \u00e0 transmission automatique<br \/>\nG\u00e4nge \/ Vitesses 2 vorw\u00e4rts und 1 r\u00fcckw\u00e4rts \/ 2 marches avant et 1 marche arri\u00e8re<br \/>\nGeschwindigkeit \/ Vitesse d&#8217;avancement V 2,7 \/ 5,1 R 2,5 km\/h<br \/>\nClutch \/ Wear-resistant V-belt \/ par courroie r\u00e9sistant \u00e0 l&#8217;usure<br \/>\nDifferenziale \/ Diff\u00e9rentiel Nein \/ Non<br \/>\nTyres \/ Roues 13&#215;5.00-6 Breitreifen \/ pneus larges<br \/>\nHandholmen \/ Mancheron adjustable in height without tools, anti-vibration \/ r\u00e9glable en hauteur sans outils, \u00e9quip\u00e9 d&#8217;\u00e9t\u00e9 \u00e0 l&#8217;\u00e9t\u00e9.<br \/>\n  werkzeuglos, ausgestattet mit einem Schwingungsd\u00e4mpfer<br \/>\nSchnellkupplung \/ Raccordement rapide f\u00fcr Anbauger\u00e4te \/ pour les outils<br \/>\nM\u00e4hwerk \/ Schneidsystem ohne Mulchbalkenverriegelung ESM 107 oder 91 cm \/ Mulchbalken ESM<br \/>\n  91 oder 107 cm, ausgestattet mit einem Antiblockiersystem<br \/>\nGewicht \/ Poids mit M\u00e4hwerk ca. 75 kg \/ environ avec la barre de coupe<br \/>\nAbmessungen L 146 cm, B 50 cm, H 102 cm<\/p>\n","protected":false},"excerpt":{"rendered":"<p>Balkenm\u00e4her \/ Motofaucheuse Kompakte und wendige Mehrzweckmaschine zum Rasenm\u00e4hen, Aufsammeln von Schmutz oder Schneer\u00e4umen. Das 2-Gang-Getriebe im \u00d6lbad macht diese<\/p>\n","protected":false},"featured_media":55637,"template":"","meta":{"_seopress_robots_primary_cat":"","_seopress_titles_title":"","_seopress_titles_desc":"","_seopress_robots_index":""},"product_brand":[4711],"product_cat":[1454,1500,169],"product_tag":[],"class_list":{"0":"post-505910","1":"product","2":"type-product","3":"status-publish","4":"has-post-thumbnail","6":"product_brand-stema-de","7":"product_cat-andere-gerate","8":"product_cat-mahmaschinen","9":"product_cat-maschinen","11":"first","12":"onbackorder","13":"shipping-taxable","14":"purchasable","15":"product-type-variable"},"_links":{"self":[{"href":"https:\/\/lucacastelli.com\/de\/wp-json\/wp\/v2\/product\/505910","targetHints":{"allow":["GET"]}}],"collection":[{"href":"https:\/\/lucacastelli.com\/de\/wp-json\/wp\/v2\/product"}],"about":[{"href":"https:\/\/lucacastelli.com\/de\/wp-json\/wp\/v2\/types\/product"}],"wp:featuredmedia":[{"embeddable":true,"href":"https:\/\/lucacastelli.com\/de\/wp-json\/wp\/v2\/media\/55637"}],"wp:attachment":[{"href":"https:\/\/lucacastelli.com\/de\/wp-json\/wp\/v2\/media?parent=505910"}],"wp:term":[{"taxonomy":"product_brand","embeddable":true,"href":"https:\/\/lucacastelli.com\/de\/wp-json\/wp\/v2\/product_brand?post=505910"},{"taxonomy":"product_cat","embeddable":true,"href":"https:\/\/lucacastelli.com\/de\/wp-json\/wp\/v2\/product_cat?post=505910"},{"taxonomy":"product_tag","embeddable":true,"href":"https:\/\/lucacastelli.com\/de\/wp-json\/wp\/v2\/product_tag?post=505910"}],"curies":[{"name":"wp","href":"https:\/\/api.w.org\/{rel}","templated":true}]}}