{"id":505898,"date":"2023-05-20T10:28:16","date_gmt":"2023-05-20T08:28:16","guid":{"rendered":"https:\/\/lucacastelli.com\/prodotto\/mono-system\/"},"modified":"2025-08-05T13:48:20","modified_gmt":"2025-08-05T11:48:20","slug":"mono-system","status":"publish","type":"product","link":"https:\/\/lucacastelli.com\/de\/produkt\/mono-system\/","title":{"rendered":"MONO STEM"},"content":{"rendered":"<p>Balkenm\u00e4her \/ Motorm\u00e4her<\/p>\n<p>Kleiner, langlebiger und robuster M\u00e4her zum M\u00e4hen, Trimmen und Schneer\u00e4umen. Das robuste Antriebssystem des Oelbad sorgt f\u00fcr eine lange Lebensdauer der Maschine. Eine gute Vibrationsd\u00e4mpfung an den Griffen sorgt f\u00fcr einen ruhigen Betrieb der Maschine. Die Antriebswelle der Arbeitsmaschinen ist separat<br \/>\nund ausschaltbar.   <\/p>\n<p>Ein kleiner, robuster und wendiger Rasenm\u00e4her mit einem breiten Funktionsspektrum: Das Ger\u00e4t schneidet Gras, kehrt, sammelt Abfall oder r\u00e4umt Schnee. Das robuste Getriebe mit \u00f6lgef\u00fcllten Zahnr\u00e4dern garantiert eine lange Lebensdauer. Die gute Vibrationsd\u00e4mpfung am F\u00fchrungsholm macht die Arbeit angenehm. Der Schnellwechsler<br \/>\nDer Schnellwechsler erleichtert den Wechsel der Arbeitswerkzeuge. Der Werkzeugantrieb kann separat an- und abgekoppelt werden.    <\/p>\n<p>Motor \/ Motor HONDA GP160 5 PS OHV \/ hp<br \/>\nGetriebe \/ Transmission Zahnradgetriebe im \u00d6lbad, ausschaltbar\/par engrenage \u00e0 bain d&#8217;huile, d\u00e9brayable<br \/>\nBremsen \/ Brakes automatische Getriebebremse \/ with automatic transmission<br \/>\nG\u00e4nge \/ Speed 1 Vorw\u00e4rtsgang \/ 1 forward gear<br \/>\nGeschwindigkeit \/ Fahrgeschwindigkeit 2,3 km\/h<br \/>\nKupplung \/ Clutch verschleissarmer Keilriemen \/ wear-resistant belt drive<br \/>\nDifferential Nein \/ Non<br \/>\nZapfwelle \/ power take-off Separat schaltbar \/ can be connected separately<br \/>\nBereifung \/ R\u00e4der 3.50-6 AS<br \/>\nHandholmen \/ Mancheron werkzeuglos h\u00f6henverstellbar, vibrationsged\u00e4mpft \/ adjustable in height without tools,<br \/>\nausgestattet mit Schwingungsd\u00e4mpfer<br \/>\nSchnellanschluss \/ Schnellkupplung f\u00fcr Werkzeuge<br \/>\nM\u00e4hwerk \/ Schneidsystem verstopfungsfreier Mulchbalken ESM 71 oder 91cm \/ ESM-Mulchbalken<br \/>\n71 oder 91 cm, ausgestattet mit Verstopfungsschutzvorrichtung<br \/>\nGewicht \/ Weight mit M\u00e4hwerk ca. 58 kg \/ ca. 58 kg with cutter bar<br \/>\nAbmessung \/ Abmessungen B 140 cm, B 45 cm, H 95 cm<\/p>\n","protected":false},"excerpt":{"rendered":"<p>Balkenm\u00e4her \/ Motorm\u00e4her Kleiner, langlebiger und robuster M\u00e4her zum M\u00e4hen, Trimmen und Schneer\u00e4umen. Das robuste Antriebssystem des Oelbad sorgt f\u00fcr<\/p>\n","protected":false},"featured_media":55622,"template":"","meta":{"_seopress_robots_primary_cat":"","_seopress_titles_title":"","_seopress_titles_desc":"","_seopress_robots_index":""},"product_brand":[4711],"product_cat":[1454,1500,169],"product_tag":[],"class_list":{"0":"post-505898","1":"product","2":"type-product","3":"status-publish","4":"has-post-thumbnail","6":"product_brand-stema-de","7":"product_cat-andere-gerate","8":"product_cat-mahmaschinen","9":"product_cat-maschinen","11":"first","12":"onbackorder","13":"shipping-taxable","14":"purchasable","15":"product-type-variable"},"_links":{"self":[{"href":"https:\/\/lucacastelli.com\/de\/wp-json\/wp\/v2\/product\/505898","targetHints":{"allow":["GET"]}}],"collection":[{"href":"https:\/\/lucacastelli.com\/de\/wp-json\/wp\/v2\/product"}],"about":[{"href":"https:\/\/lucacastelli.com\/de\/wp-json\/wp\/v2\/types\/product"}],"wp:featuredmedia":[{"embeddable":true,"href":"https:\/\/lucacastelli.com\/de\/wp-json\/wp\/v2\/media\/55622"}],"wp:attachment":[{"href":"https:\/\/lucacastelli.com\/de\/wp-json\/wp\/v2\/media?parent=505898"}],"wp:term":[{"taxonomy":"product_brand","embeddable":true,"href":"https:\/\/lucacastelli.com\/de\/wp-json\/wp\/v2\/product_brand?post=505898"},{"taxonomy":"product_cat","embeddable":true,"href":"https:\/\/lucacastelli.com\/de\/wp-json\/wp\/v2\/product_cat?post=505898"},{"taxonomy":"product_tag","embeddable":true,"href":"https:\/\/lucacastelli.com\/de\/wp-json\/wp\/v2\/product_tag?post=505898"}],"curies":[{"name":"wp","href":"https:\/\/api.w.org\/{rel}","templated":true}]}}