{"id":505892,"date":"2023-05-20T10:27:48","date_gmt":"2023-05-20T08:27:48","guid":{"rendered":"https:\/\/lucacastelli.com\/prodotto\/stema-m-210\/"},"modified":"2025-08-05T13:44:22","modified_gmt":"2025-08-05T11:44:22","slug":"stema-m-210","status":"publish","type":"product","link":"https:\/\/lucacastelli.com\/de\/produkt\/stema-m-210\/","title":{"rendered":"STEMA M 210"},"content":{"rendered":"<p>M\u00e4her\/Motorm\u00e4her<\/p>\n<p>Handlicher und robuster M\u00e4her f\u00fcr eine Fl\u00e4che von bis zu 2000 m2. Keine Vibrationen am Griff dank Doppelmesserbalken. <\/p>\n<p>Handlicher und robuster M\u00e4her f\u00fcr Fl\u00e4chen bis 2000 m2<br \/>\n. Der Doppelklingen-M\u00e4hbalken verhindert<br \/>\nVibrationen am Holm. Vollgummi-Agrarreifen machen ein Nachpumpen \u00fcberfl\u00fcssig und eliminieren das Risiko von Pannen.<br \/>\nPannen.  <\/p>\n<p>Motor \/ Moteur B&amp;S 625 5 PS \/ HP<br \/>\nG\u00e4nge \/ Speed 1 Vorw\u00e4rtsgang \/ 1 forward gear<br \/>\nAntrieb \/ Transmission Keilriemen und \u00d6lbadgetriebe \/ belt and oil bath<br \/>\nKupplung \/ Clutch unabh\u00e4ngig f. Fahr- u.. M\u00e4hwerk \/ unabh\u00e4ngiger Antrieb f. Fahr- u. Arbeitsger\u00e4te<br \/>\nHandgriffe \/ Mancheron h\u00f6hen- u. seitenverstellbar \/ height- and side-adjustable<br \/>\nBereifung \/ Wheels 13&#215;5.00 &#8211; 6 \/ agricultural tyres<br \/>\nM\u00e4hwerk \/ Cutting system Doppelmesserbalken 87 cm \/ double blade bar 87 cm<br \/>\nGewicht \/ Weight approx. 57 kg \/ approx.<br \/>\nAbmessung \/ Dimensions L 142 cm, B 87 cm, H 97 cm  <\/p>\n","protected":false},"excerpt":{"rendered":"<p>M\u00e4her\/Motorm\u00e4her Handlicher und robuster M\u00e4her f\u00fcr eine Fl\u00e4che von bis zu 2000 m2. Keine Vibrationen am Griff dank Doppelmesserbalken. Handlicher<\/p>\n","protected":false},"featured_media":55617,"template":"","meta":{"_seopress_robots_primary_cat":"","_seopress_titles_title":"","_seopress_titles_desc":"","_seopress_robots_index":""},"product_brand":[4711],"product_cat":[1454,1500,169],"product_tag":[],"class_list":{"0":"post-505892","1":"product","2":"type-product","3":"status-publish","4":"has-post-thumbnail","6":"product_brand-stema-de","7":"product_cat-andere-gerate","8":"product_cat-mahmaschinen","9":"product_cat-maschinen","11":"first","12":"onbackorder","13":"shipping-taxable","14":"purchasable","15":"product-type-simple"},"_links":{"self":[{"href":"https:\/\/lucacastelli.com\/de\/wp-json\/wp\/v2\/product\/505892","targetHints":{"allow":["GET"]}}],"collection":[{"href":"https:\/\/lucacastelli.com\/de\/wp-json\/wp\/v2\/product"}],"about":[{"href":"https:\/\/lucacastelli.com\/de\/wp-json\/wp\/v2\/types\/product"}],"wp:featuredmedia":[{"embeddable":true,"href":"https:\/\/lucacastelli.com\/de\/wp-json\/wp\/v2\/media\/55617"}],"wp:attachment":[{"href":"https:\/\/lucacastelli.com\/de\/wp-json\/wp\/v2\/media?parent=505892"}],"wp:term":[{"taxonomy":"product_brand","embeddable":true,"href":"https:\/\/lucacastelli.com\/de\/wp-json\/wp\/v2\/product_brand?post=505892"},{"taxonomy":"product_cat","embeddable":true,"href":"https:\/\/lucacastelli.com\/de\/wp-json\/wp\/v2\/product_cat?post=505892"},{"taxonomy":"product_tag","embeddable":true,"href":"https:\/\/lucacastelli.com\/de\/wp-json\/wp\/v2\/product_tag?post=505892"}],"curies":[{"name":"wp","href":"https:\/\/api.w.org\/{rel}","templated":true}]}}