{"id":505887,"date":"2023-05-20T09:59:33","date_gmt":"2023-05-20T07:59:33","guid":{"rendered":"https:\/\/lucacastelli.com\/prodotto\/schreckliches-system\/"},"modified":"2025-08-05T13:48:08","modified_gmt":"2025-08-05T11:48:08","slug":"schreckliches-system","status":"publish","type":"product","link":"https:\/\/lucacastelli.com\/de\/produkt\/schreckliches-system\/","title":{"rendered":"ENORMER STAMM"},"content":{"rendered":"<p>Schlegelm\u00e4her mit Funksteuerung \/ Broyeuse avec t\u00e9l\u00e9command\u00e9e<\/p>\n<p>Der professionelle funkgesteuerte M\u00e4her eignet sich f\u00fcr Fl\u00e4chen bis zu 10.000 m2 mit einer Neigung von bis zu 40\u00b0. Die Maschine<br \/>\nschneidet und mulcht Gras und kleine Str\u00e4ucher. Dank der M\u00e4hscheibe mit beweglichen Messern gibt es<br \/>\nkeine Sch\u00e4den bei gro\u00dfen Steinen oder St\u00fcmpfen. Dank des eingebauten Akkus kann die Maschine ohne den<br \/>\nMotor zum Aufladen und Entladen betrieben werden. Die Maschine ist f\u00fcr das M\u00e4hen von Rasenfl\u00e4chen, Weinbergen, Obstg\u00e4rten<br \/>\nund an H\u00e4ngen konzipiert, wo der Einsatz von Handmaschinen anstrengend und gef\u00e4hrlich ist.    <\/p>\n<p>Die faucheuse-broyeuse radio professionnelle eignet sich f\u00fcr Fl\u00e4chen von bis zu 10.000 m2<br \/>\n und mit einer Neigung von bis zu<br \/>\n40\u00b0. Die Maschine schneidet und r\u00e4umt Gras und kleine St\u00fccke. Dank ihrer Scherscheibe, die aus beweglichen Couteaux<br \/>\nbesteht, verursachen gro\u00dfe L\u00f6cher oder Schlacken keine Sch\u00e4den. Dank des integrierten Akkus kann die Maschine<br \/>\nohne Motor bewegt werden. Die Maschine ist ideal f\u00fcr Pr\u00e9s, Vignobles, Vergers und Pentes.<br \/>\nvergers e sur les pentes o\u00f9 l&#8217;utilisation des petites machines est fatigante et dangereuse.    <\/p>\n<p>Motor \/ Motor SUBARU EA190V 6 HP OHV \/ hp<br \/>\nAllradantrieb \/ Toutes roues motrices 4 Elektromotoren \/ 4 moteurs \u00e9lectriques<br \/>\nGeschwindigkeit \/ Vitesse d&#8217;avancement 0 &#8211; 3,4 km\/h<br \/>\nFernsteuerung \/ T\u00e9l\u00e9commande Reichweite bis zu 100 m \/ Port\u00e9e jusqu&#8217; \u00e0 100 m<br \/>\nGestell \/ Cadre Edelstahl chrom INOX \/ acier chrom\u00e9 inoxydable INOX<br \/>\nSchneidsystem \/ Syst\u00e8me de coupe 4 gesch\u00fctzte Messer \/ 4 couteaux prot\u00e9g\u00e9s<br \/>\nSchnittbreite \/ Largeur de coupe 52 cm<br \/>\nSchnitth\u00f6he \/ Hauteur de coupe 20 &#8211; 80 mm, einstellbar \/ r\u00e9glable<br \/>\nReifen \/ Pneus Ackerstollenprofil 13&#215;5.00-6 \/ profil agricole<br \/>\nGewicht \/ Poids ca. 100 kg \/ environ 100 kg<br \/>\nAbmessung \/ Abmessungen L 100 cm, B 62 cm, H 43 cm<\/p>\n","protected":false},"excerpt":{"rendered":"<p>Schlegelm\u00e4her mit Funksteuerung \/ Broyeuse avec t\u00e9l\u00e9command\u00e9e Der professionelle funkgesteuerte M\u00e4her eignet sich f\u00fcr Fl\u00e4chen bis zu 10.000 m2 mit<\/p>\n","protected":false},"featured_media":55597,"template":"","meta":{"_seopress_robots_primary_cat":"","_seopress_titles_title":"","_seopress_titles_desc":"","_seopress_robots_index":""},"product_brand":[4390],"product_cat":[29,262,278],"product_tag":[],"class_list":{"0":"post-505887","1":"product","2":"type-product","3":"status-publish","4":"has-post-thumbnail","6":"product_brand-stema","7":"product_cat-macchinari","8":"product_cat-tosaerba-e-robot","9":"product_cat-robot-tosaerba","11":"first","12":"onbackorder","13":"shipping-taxable","14":"purchasable","15":"product-type-simple"},"_links":{"self":[{"href":"https:\/\/lucacastelli.com\/de\/wp-json\/wp\/v2\/product\/505887","targetHints":{"allow":["GET"]}}],"collection":[{"href":"https:\/\/lucacastelli.com\/de\/wp-json\/wp\/v2\/product"}],"about":[{"href":"https:\/\/lucacastelli.com\/de\/wp-json\/wp\/v2\/types\/product"}],"wp:featuredmedia":[{"embeddable":true,"href":"https:\/\/lucacastelli.com\/de\/wp-json\/wp\/v2\/media\/55597"}],"wp:attachment":[{"href":"https:\/\/lucacastelli.com\/de\/wp-json\/wp\/v2\/media?parent=505887"}],"wp:term":[{"taxonomy":"product_brand","embeddable":true,"href":"https:\/\/lucacastelli.com\/de\/wp-json\/wp\/v2\/product_brand?post=505887"},{"taxonomy":"product_cat","embeddable":true,"href":"https:\/\/lucacastelli.com\/de\/wp-json\/wp\/v2\/product_cat?post=505887"},{"taxonomy":"product_tag","embeddable":true,"href":"https:\/\/lucacastelli.com\/de\/wp-json\/wp\/v2\/product_tag?post=505887"}],"curies":[{"name":"wp","href":"https:\/\/api.w.org\/{rel}","templated":true}]}}